{"id":3410,"date":"2023-09-07T01:31:16","date_gmt":"2023-09-07T01:31:16","guid":{"rendered":"https:\/\/www.rustblock.com\/warranty\/"},"modified":"2023-12-14T14:03:25","modified_gmt":"2023-12-14T14:03:25","slug":"warranty","status":"publish","type":"page","link":"https:\/\/www.rustblock.com\/fr\/warranty\/","title":{"rendered":"Garantie"},"content":{"rendered":"<div class=\"fusion-fullwidth fullwidth-box fusion-builder-row-1 fusion-flex-container has-pattern-background has-mask-background nonhundred-percent-fullwidth non-hundred-percent-height-scrolling\" style=\"--awb-border-radius-top-left:0px;--awb-border-radius-top-right:0px;--awb-border-radius-bottom-right:0px;--awb-border-radius-bottom-left:0px;--awb-flex-wrap:wrap;\" ><div class=\"fusion-builder-row fusion-row fusion-flex-align-items-flex-start fusion-flex-content-wrap\" style=\"max-width:1393.6px;margin-left: calc(-4% \/ 2 );margin-right: calc(-4% \/ 2 );\"><div class=\"fusion-layout-column fusion_builder_column fusion-builder-column-0 fusion_builder_column_1_6 1_6 fusion-flex-column\" style=\"--awb-bg-size:cover;--awb-width-large:16.6666666667%;--awb-margin-top-large:0px;--awb-spacing-right-large:11.52%;--awb-margin-bottom-large:20px;--awb-spacing-left-large:11.52%;--awb-width-medium:16.6666666667%;--awb-order-medium:0;--awb-spacing-right-medium:11.52%;--awb-spacing-left-medium:11.52%;--awb-width-small:100%;--awb-order-small:0;--awb-spacing-right-small:1.92%;--awb-spacing-left-small:1.92%;\"><div class=\"fusion-column-wrapper fusion-column-has-shadow fusion-flex-justify-content-flex-start fusion-content-layout-column\"><\/div><\/div><div class=\"fusion-layout-column fusion_builder_column fusion-builder-column-1 fusion_builder_column_2_3 2_3 fusion-flex-column\" style=\"--awb-bg-size:cover;--awb-width-large:66.6666666667%;--awb-margin-top-large:0px;--awb-spacing-right-large:2.88%;--awb-margin-bottom-large:20px;--awb-spacing-left-large:2.88%;--awb-width-medium:66.6666666667%;--awb-order-medium:0;--awb-spacing-right-medium:2.88%;--awb-spacing-left-medium:2.88%;--awb-width-small:100%;--awb-order-small:0;--awb-spacing-right-small:1.92%;--awb-spacing-left-small:1.92%;\"><div class=\"fusion-column-wrapper fusion-column-has-shadow fusion-flex-justify-content-flex-start fusion-content-layout-column\"><div class=\"fusion-text fusion-text-1\"><p>La garantie Rustblock\u00ae Corrosion Protection offre un kilom\u00e9trage illimit\u00e9, des transferts de propri\u00e9t\u00e9 illimit\u00e9s et elle est renouvelable chaque ann\u00e9e\u2026 POUR TOUJOURS\u00a0!<\/p>\n<h2>Certificat de garantie<\/h2>\n<p>Cette garantie s&rsquo;applique \u00e0 un v\u00e9hicule neuf, \u00e0 condition que le v\u00e9hicule n&rsquo;ait pas plus de 12 mois et apr\u00e8s inspection et approbation par un centre Rustblock\u00ae. La garantie couvre votre v\u00e9hicule pour toujours, \u00e0 condition que Rustblock\u00ae soit r\u00e9appliqu\u00e9 chaque ann\u00e9e.<\/p>\n<h3><strong>1. Conditions<\/strong><\/h3>\n<p>\u00c0 condition que le produit Rustblock\u00ae ait \u00e9t\u00e9 r\u00e9appliqu\u00e9 annuellement sur le v\u00e9hicule par un centre Rustblock\u00ae dans les 13 mois suivant la derni\u00e8re application, Rustblock\u00ae garantit qu&rsquo;il r\u00e9parera ou remplacera \u00e0 ses frais tous les panneaux de carrosserie d&rsquo;origine qui ont rouill\u00e9 de l&rsquo;int\u00e9rieur vers l&rsquo;ext\u00e9rieur. . Les panneaux trait\u00e9s avec le produit Rustblock\u00ae et couverts par cette garantie sont le dessous du v\u00e9hicule, les panneaux d&rsquo;ailes avant et arri\u00e8re, les portes, les bas de caisse, le capot, le couvercle de coffre et le panneau arri\u00e8re. Toutes les factures seront exig\u00e9es comme justificatif, en cas de sinistre. Les r\u00e9clamations doivent \u00eatre faites par \u00e9crit \u00e0 un centre Rustblock\u00ae dans les 12 mois suivant la derni\u00e8re application du produit Rustblock\u00ae sur votre v\u00e9hicule. Le client doit obtenir une autorisation \u00e9crite du centre Rustblock\u00ae avant de proc\u00e9der \u00e0 toute r\u00e9paration.<\/p>\n<h3><strong>2. V\u00e9hicule endommag\u00e9<\/strong><\/h3>\n<p>Si votre v\u00e9hicule est impliqu\u00e9 dans un accident, vous devez contacter votre centre Rustblock\u00ae dans les 15 jours pour r\u00e9appliquer le produit sur la zone endommag\u00e9e de votre v\u00e9hicule. Cette nouvelle demande se fera sans frais pour le propri\u00e9taire. Dans le cas o\u00f9 le centre Rustblock\u00ae, \u00e0 sa discr\u00e9tion, consid\u00e8re les dommages importants ou les r\u00e9parations inf\u00e9rieures, il pourra annuler cette garantie en partie ou en totalit\u00e9. Le fait de ne pas r\u00e9appliquer le produit Rustblock\u00ae dans ces circonstances annule cette garantie.<\/p>\n<h3><strong>3. Zones non couvertes<\/strong><\/h3>\n<p>Cette garantie ne s&rsquo;applique pas \u00e0 la rouille p\u00e9n\u00e9trant dans les panneaux du v\u00e9hicule depuis l&rsquo;ext\u00e9rieur, c&rsquo;est-\u00e0-dire du c\u00f4t\u00e9 oppos\u00e9 \u00e0 celui o\u00f9 le traitement a \u00e9t\u00e9 appliqu\u00e9 et provoqu\u00e9e par un manque d&rsquo;entretien, un effilochage de la peinture, des rayures, et n&rsquo;inclut pas les moulures ou les zones endommag\u00e9es suite \u00e0 une collision ou vandalisme. De plus, les composantes m\u00e9caniques ou connexes, le r\u00e9servoir d&rsquo;essence, le silencieux, le toit, les montants de porte et la peinture n&rsquo;\u00e9tant pas accessibles au traitement, ne sont pas inclus dans la garantie. La corrosion li\u00e9e aux d\u00e9fauts de conception rel\u00e8ve de la responsabilit\u00e9 du fabricant et n\u2019est pas couverte par cette garantie.<\/p>\n<h3><strong>4. Limites<\/strong><\/h3>\n<p>Cette garantie est offerte \u00e0 la place de toute garantie expresse ou implicite, y compris toute garantie implicite de qualit\u00e9 marchande ou d&rsquo;ad\u00e9quation \u00e0 un usage particulier. Il n\u2019y a aucune garantie qui s\u2019\u00e9tend au-del\u00e0 de la description au recto des pr\u00e9sentes. Rustblock\u00ae ne sera en aucun cas responsable des dommages autres que ceux \u00e9nonc\u00e9s dans les pr\u00e9sentes. Rustblock\u00ae ne sera en aucun cas responsable de tout dommage sp\u00e9cial, cons\u00e9cutif ou accidentel.<\/p>\n<h3><strong> 5. Transfert de la garantie<\/strong><\/h3>\n<p>Si vous vendez votre v\u00e9hicule, la garantie actuelle est transf\u00e9rable sans frais au nouveau propri\u00e9taire. Le nouveau propri\u00e9taire doit pr\u00e9senter ce certificat \u00e0 un centre Rustblock\u00ae pour que la garantie soit transf\u00e9r\u00e9e. La garantie demeurera alors en vigueur et les m\u00eames conditions et exclusions s&rsquo;appliqueront au nouveau propri\u00e9taire.<\/p>\n<\/div><\/div><\/div><div class=\"fusion-layout-column fusion_builder_column fusion-builder-column-2 fusion_builder_column_1_6 1_6 fusion-flex-column\" style=\"--awb-bg-size:cover;--awb-width-large:16.6666666667%;--awb-margin-top-large:0px;--awb-spacing-right-large:11.52%;--awb-margin-bottom-large:20px;--awb-spacing-left-large:11.52%;--awb-width-medium:16.6666666667%;--awb-order-medium:0;--awb-spacing-right-medium:11.52%;--awb-spacing-left-medium:11.52%;--awb-width-small:100%;--awb-order-small:0;--awb-spacing-right-small:1.92%;--awb-spacing-left-small:1.92%;\"><div class=\"fusion-column-wrapper fusion-column-has-shadow fusion-flex-justify-content-flex-start fusion-content-layout-column\"><\/div><\/div><\/div><\/div>\n","protected":false},"excerpt":{"rendered":"","protected":false},"author":2,"featured_media":0,"parent":0,"menu_order":0,"comment_status":"closed","ping_status":"closed","template":"","meta":{"_acf_changed":false,"footnotes":""},"class_list":["post-3410","page","type-page","status-publish","hentry"],"acf":[],"yoast_head":"<!-- This site is optimized with the Yoast SEO plugin v24.8.1 - https:\/\/yoast.com\/wordpress\/plugins\/seo\/ -->\n<title>Garantie - Rustblock Automotive Corrosion Protection<\/title>\n<meta name=\"robots\" content=\"index, follow, max-snippet:-1, max-image-preview:large, max-video-preview:-1\" \/>\n<link rel=\"canonical\" href=\"https:\/\/www.rustblock.com\/fr\/warranty\/\" \/>\n<meta property=\"og:locale\" content=\"fr_FR\" \/>\n<meta property=\"og:type\" content=\"article\" \/>\n<meta property=\"og:title\" content=\"Garantie - Rustblock Automotive Corrosion Protection\" \/>\n<meta property=\"og:url\" content=\"https:\/\/www.rustblock.com\/fr\/warranty\/\" \/>\n<meta property=\"og:site_name\" content=\"Rustblock Automotive Corrosion Protection\" \/>\n<meta property=\"article:modified_time\" content=\"2023-12-14T14:03:25+00:00\" \/>\n<meta property=\"og:image\" content=\"https:\/\/www.rustblock.com\/wp-content\/uploads\/2023\/09\/Asset-2@5x.png\" \/>\n\t<meta property=\"og:image:width\" content=\"2456\" \/>\n\t<meta property=\"og:image:height\" content=\"780\" \/>\n\t<meta property=\"og:image:type\" content=\"image\/png\" \/>\n<meta name=\"twitter:card\" content=\"summary_large_image\" \/>\n<meta name=\"twitter:label1\" content=\"Dur\u00e9e de lecture estim\u00e9e\" \/>\n\t<meta name=\"twitter:data1\" content=\"5 minutes\" \/>\n<script type=\"application\/ld+json\" class=\"yoast-schema-graph\">{\"@context\":\"https:\/\/schema.org\",\"@graph\":[{\"@type\":\"WebPage\",\"@id\":\"https:\/\/www.rustblock.com\/fr\/warranty\/\",\"url\":\"https:\/\/www.rustblock.com\/fr\/warranty\/\",\"name\":\"Garantie - Rustblock Automotive Corrosion Protection\",\"isPartOf\":{\"@id\":\"https:\/\/www.rustblock.com\/fr\/#website\"},\"datePublished\":\"2023-09-07T01:31:16+00:00\",\"dateModified\":\"2023-12-14T14:03:25+00:00\",\"breadcrumb\":{\"@id\":\"https:\/\/www.rustblock.com\/fr\/warranty\/#breadcrumb\"},\"inLanguage\":\"fr-FR\",\"potentialAction\":[{\"@type\":\"ReadAction\",\"target\":[\"https:\/\/www.rustblock.com\/fr\/warranty\/\"]}]},{\"@type\":\"BreadcrumbList\",\"@id\":\"https:\/\/www.rustblock.com\/fr\/warranty\/#breadcrumb\",\"itemListElement\":[{\"@type\":\"ListItem\",\"position\":1,\"name\":\"Home\",\"item\":\"https:\/\/www.rustblock.com\/fr\/\"},{\"@type\":\"ListItem\",\"position\":2,\"name\":\"Garantie\"}]},{\"@type\":\"WebSite\",\"@id\":\"https:\/\/www.rustblock.com\/fr\/#website\",\"url\":\"https:\/\/www.rustblock.com\/fr\/\",\"name\":\"Rustblock Automotive Corrosion Protection\",\"description\":\"Rust proofing for all vehicles\",\"publisher\":{\"@id\":\"https:\/\/www.rustblock.com\/fr\/#organization\"},\"potentialAction\":[{\"@type\":\"SearchAction\",\"target\":{\"@type\":\"EntryPoint\",\"urlTemplate\":\"https:\/\/www.rustblock.com\/fr\/?s={search_term_string}\"},\"query-input\":{\"@type\":\"PropertyValueSpecification\",\"valueRequired\":true,\"valueName\":\"search_term_string\"}}],\"inLanguage\":\"fr-FR\"},{\"@type\":\"Organization\",\"@id\":\"https:\/\/www.rustblock.com\/fr\/#organization\",\"name\":\"Rustblock\",\"alternateName\":\"Rust Block Automotive Corrosion Protection\",\"url\":\"https:\/\/www.rustblock.com\/fr\/\",\"logo\":{\"@type\":\"ImageObject\",\"inLanguage\":\"fr-FR\",\"@id\":\"https:\/\/www.rustblock.com\/fr\/#\/schema\/logo\/image\/\",\"url\":\"https:\/\/www.rustblock.com\/wp-content\/uploads\/2023\/09\/main-logo.jpg\",\"contentUrl\":\"https:\/\/www.rustblock.com\/wp-content\/uploads\/2023\/09\/main-logo.jpg\",\"width\":696,\"height\":696,\"caption\":\"Rustblock\"},\"image\":{\"@id\":\"https:\/\/www.rustblock.com\/fr\/#\/schema\/logo\/image\/\"}}]}<\/script>\n<!-- \/ Yoast SEO plugin. -->","yoast_head_json":{"title":"Garantie - Rustblock Automotive Corrosion Protection","robots":{"index":"index","follow":"follow","max-snippet":"max-snippet:-1","max-image-preview":"max-image-preview:large","max-video-preview":"max-video-preview:-1"},"canonical":"https:\/\/www.rustblock.com\/fr\/warranty\/","og_locale":"fr_FR","og_type":"article","og_title":"Garantie - Rustblock Automotive Corrosion Protection","og_url":"https:\/\/www.rustblock.com\/fr\/warranty\/","og_site_name":"Rustblock Automotive Corrosion Protection","article_modified_time":"2023-12-14T14:03:25+00:00","og_image":[{"width":2456,"height":780,"url":"https:\/\/www.rustblock.com\/wp-content\/uploads\/2023\/09\/Asset-2@5x.png","type":"image\/png"}],"twitter_card":"summary_large_image","twitter_misc":{"Dur\u00e9e de lecture estim\u00e9e":"5 minutes"},"schema":{"@context":"https:\/\/schema.org","@graph":[{"@type":"WebPage","@id":"https:\/\/www.rustblock.com\/fr\/warranty\/","url":"https:\/\/www.rustblock.com\/fr\/warranty\/","name":"Garantie - Rustblock Automotive Corrosion Protection","isPartOf":{"@id":"https:\/\/www.rustblock.com\/fr\/#website"},"datePublished":"2023-09-07T01:31:16+00:00","dateModified":"2023-12-14T14:03:25+00:00","breadcrumb":{"@id":"https:\/\/www.rustblock.com\/fr\/warranty\/#breadcrumb"},"inLanguage":"fr-FR","potentialAction":[{"@type":"ReadAction","target":["https:\/\/www.rustblock.com\/fr\/warranty\/"]}]},{"@type":"BreadcrumbList","@id":"https:\/\/www.rustblock.com\/fr\/warranty\/#breadcrumb","itemListElement":[{"@type":"ListItem","position":1,"name":"Home","item":"https:\/\/www.rustblock.com\/fr\/"},{"@type":"ListItem","position":2,"name":"Garantie"}]},{"@type":"WebSite","@id":"https:\/\/www.rustblock.com\/fr\/#website","url":"https:\/\/www.rustblock.com\/fr\/","name":"Rustblock Automotive Corrosion Protection","description":"Rust proofing for all vehicles","publisher":{"@id":"https:\/\/www.rustblock.com\/fr\/#organization"},"potentialAction":[{"@type":"SearchAction","target":{"@type":"EntryPoint","urlTemplate":"https:\/\/www.rustblock.com\/fr\/?s={search_term_string}"},"query-input":{"@type":"PropertyValueSpecification","valueRequired":true,"valueName":"search_term_string"}}],"inLanguage":"fr-FR"},{"@type":"Organization","@id":"https:\/\/www.rustblock.com\/fr\/#organization","name":"Rustblock","alternateName":"Rust Block Automotive Corrosion Protection","url":"https:\/\/www.rustblock.com\/fr\/","logo":{"@type":"ImageObject","inLanguage":"fr-FR","@id":"https:\/\/www.rustblock.com\/fr\/#\/schema\/logo\/image\/","url":"https:\/\/www.rustblock.com\/wp-content\/uploads\/2023\/09\/main-logo.jpg","contentUrl":"https:\/\/www.rustblock.com\/wp-content\/uploads\/2023\/09\/main-logo.jpg","width":696,"height":696,"caption":"Rustblock"},"image":{"@id":"https:\/\/www.rustblock.com\/fr\/#\/schema\/logo\/image\/"}}]}},"_links":{"self":[{"href":"https:\/\/www.rustblock.com\/fr\/wp-json\/wp\/v2\/pages\/3410","targetHints":{"allow":["GET"]}}],"collection":[{"href":"https:\/\/www.rustblock.com\/fr\/wp-json\/wp\/v2\/pages"}],"about":[{"href":"https:\/\/www.rustblock.com\/fr\/wp-json\/wp\/v2\/types\/page"}],"author":[{"embeddable":true,"href":"https:\/\/www.rustblock.com\/fr\/wp-json\/wp\/v2\/users\/2"}],"replies":[{"embeddable":true,"href":"https:\/\/www.rustblock.com\/fr\/wp-json\/wp\/v2\/comments?post=3410"}],"version-history":[{"count":0,"href":"https:\/\/www.rustblock.com\/fr\/wp-json\/wp\/v2\/pages\/3410\/revisions"}],"wp:attachment":[{"href":"https:\/\/www.rustblock.com\/fr\/wp-json\/wp\/v2\/media?parent=3410"}],"curies":[{"name":"wp","href":"https:\/\/api.w.org\/{rel}","templated":true}]}}