{"id":3301,"date":"2026-01-26T09:51:21","date_gmt":"2026-01-26T09:51:21","guid":{"rendered":"https:\/\/www.rustblock.com\/product\/manual-transfer-pump-for-60l-or-205l\/"},"modified":"2023-11-16T14:00:03","modified_gmt":"2023-11-16T14:00:03","slug":"manual-transfer-pump-for-60l-or-205l","status":"publish","type":"product","link":"https:\/\/www.rustblock.com\/fr\/produit\/manual-transfer-pump-for-60l-or-205l\/","title":{"rendered":"Pompe de transfert manuelle pour 60L ou 205L"},"content":{"rendered":"<p>Volume de sortie (par course) 0,65 litre<br \/>\nJoints de pompe &#8230;&#8230;&#8230;&#8230;&#8230;&#8230;&#8230;&#8230;&#8230;&#8230;&#8230;. Nylon<br \/>\nPoids nu &#8230;&#8230;&#8230;&#8230;&#8230;&#8230;&#8230;&#8230; 3,90 lb<br \/>\nTaille d&rsquo;exp\u00e9dition (pouces) &#8230;&#8230;&#8230;.. 3L 3W 44H<br \/>\nPoids \u00e0 l&rsquo;exp\u00e9dition &#8230;&#8230;&#8230;&#8230;&#8230;&#8230; 4,40 lb<\/p>\n","protected":false},"excerpt":{"rendered":"<div id=\"wsite-com-product-info\">\n<div id=\"wsite-com-product-info-inner\">\n<div id=\"wsite-com-product-short-description\">\n<div class=\"paragraph\">\n<div>Cette pompe de transfert manuelle s&rsquo;adapte sur 60 L ou 205L \u00e0 l&rsquo;aide d&rsquo;un adaptateur de bonde de 2 \u00ab\u00a0.<\/div>\n<div><\/div>\n<div><\/div>\n<ul>\n<li>Transf\u00e8re la plupart des produits<\/li>\n<li>ne convient pas au produits acides<\/li>\n<li>Acier chrom\u00e9<\/li>\n<li>0,65 litre par cycle<\/li>\n<li>Fixez le fil de terre lors du pompage d&rsquo;un produit inflammable (kit en option L090048)<\/li>\n<\/ul>\n<\/div>\n<\/div>\n<form id=\"wsite-com-product-options\"><\/form>\n<\/div>\n<\/div>\n<div id=\"wsite-com-product-tab\">\n<div id=\"wsite-com-product-tab\">\n<div id=\"wsite-com-product-tab-long\">\n<div id=\"796239813186396366\">\n<div>\n<div id=\"element-93dba8fd-e371-42db-b5eb-f8b89fc0fc65\" class=\"platform-element-contents\" data-platform-element-id=\"713898840122556725-1.2.4\">\n<div class=\"lang_specific lang_fr\"><\/div>\n<\/div>\n<\/div>\n<\/div>\n<\/div>\n<\/div>\n<\/div>\n","protected":false},"featured_media":3169,"template":"","meta":{"_acf_changed":false},"product_brand":[],"product_cat":[99,100],"product_tag":[],"class_list":{"0":"post-3301","1":"product","2":"type-product","3":"status-publish","4":"has-post-thumbnail","6":"product_cat-equipment-fr","7":"product_cat-lemmer-fr","9":"first","10":"instock","11":"taxable","12":"shipping-taxable","13":"purchasable","14":"product-type-simple"},"acf":[],"yoast_head":"<!-- This site is optimized with the Yoast SEO plugin v24.8.1 - https:\/\/yoast.com\/wordpress\/plugins\/seo\/ -->\n<title>Pompe de transfert manuelle pour 60L ou 205L - Rustblock Automotive Corrosion Protection<\/title>\n<meta name=\"robots\" content=\"index, follow, max-snippet:-1, max-image-preview:large, max-video-preview:-1\" \/>\n<link rel=\"canonical\" href=\"https:\/\/www.rustblock.com\/fr\/produit\/manual-transfer-pump-for-60l-or-205l\/\" \/>\n<meta property=\"og:locale\" content=\"fr_FR\" \/>\n<meta property=\"og:type\" content=\"article\" \/>\n<meta property=\"og:title\" content=\"Pompe de transfert manuelle pour 60L ou 205L - Rustblock Automotive Corrosion Protection\" \/>\n<meta property=\"og:description\" content=\"Cette pompe de transfert manuelle s&#039;adapte sur 60 L ou 205L \u00e0 l&#039;aide d&#039;un adaptateur de bonde de 2 &quot;.     Transf\u00e8re la plupart des produits  ne convient pas au produits acides  Acier chrom\u00e9  0,65 litre par cycle  Fixez le fil de terre lors du pompage d&#039;un produit inflammable (kit en option L090048)\" \/>\n<meta property=\"og:url\" content=\"https:\/\/www.rustblock.com\/fr\/produit\/manual-transfer-pump-for-60l-or-205l\/\" \/>\n<meta property=\"og:site_name\" content=\"Rustblock Automotive Corrosion Protection\" \/>\n<meta property=\"og:image\" content=\"https:\/\/www.rustblock.com\/wp-content\/uploads\/2023\/10\/s490660571526401047_p151_i3_w640.jpeg\" \/>\n\t<meta property=\"og:image:width\" content=\"640\" \/>\n\t<meta property=\"og:image:height\" content=\"640\" \/>\n\t<meta property=\"og:image:type\" content=\"image\/jpeg\" \/>\n<meta name=\"twitter:card\" content=\"summary_large_image\" \/>\n<meta name=\"twitter:label1\" content=\"Dur\u00e9e de lecture estim\u00e9e\" \/>\n\t<meta name=\"twitter:data1\" content=\"1 minute\" \/>\n<script type=\"application\/ld+json\" class=\"yoast-schema-graph\">{\"@context\":\"https:\/\/schema.org\",\"@graph\":[{\"@type\":\"WebPage\",\"@id\":\"https:\/\/www.rustblock.com\/fr\/produit\/manual-transfer-pump-for-60l-or-205l\/\",\"url\":\"https:\/\/www.rustblock.com\/fr\/produit\/manual-transfer-pump-for-60l-or-205l\/\",\"name\":\"Pompe de transfert manuelle pour 60L ou 205L - Rustblock Automotive Corrosion Protection\",\"isPartOf\":{\"@id\":\"https:\/\/www.rustblock.com\/fr\/#website\"},\"primaryImageOfPage\":{\"@id\":\"https:\/\/www.rustblock.com\/fr\/produit\/manual-transfer-pump-for-60l-or-205l\/#primaryimage\"},\"image\":{\"@id\":\"https:\/\/www.rustblock.com\/fr\/produit\/manual-transfer-pump-for-60l-or-205l\/#primaryimage\"},\"thumbnailUrl\":\"https:\/\/www.rustblock.com\/wp-content\/uploads\/2023\/10\/s490660571526401047_p151_i3_w640.jpeg\",\"datePublished\":\"2026-01-26T09:51:21+00:00\",\"breadcrumb\":{\"@id\":\"https:\/\/www.rustblock.com\/fr\/produit\/manual-transfer-pump-for-60l-or-205l\/#breadcrumb\"},\"inLanguage\":\"fr-FR\",\"potentialAction\":[{\"@type\":\"ReadAction\",\"target\":[\"https:\/\/www.rustblock.com\/fr\/produit\/manual-transfer-pump-for-60l-or-205l\/\"]}]},{\"@type\":\"ImageObject\",\"inLanguage\":\"fr-FR\",\"@id\":\"https:\/\/www.rustblock.com\/fr\/produit\/manual-transfer-pump-for-60l-or-205l\/#primaryimage\",\"url\":\"https:\/\/www.rustblock.com\/wp-content\/uploads\/2023\/10\/s490660571526401047_p151_i3_w640.jpeg\",\"contentUrl\":\"https:\/\/www.rustblock.com\/wp-content\/uploads\/2023\/10\/s490660571526401047_p151_i3_w640.jpeg\",\"width\":640,\"height\":640},{\"@type\":\"BreadcrumbList\",\"@id\":\"https:\/\/www.rustblock.com\/fr\/produit\/manual-transfer-pump-for-60l-or-205l\/#breadcrumb\",\"itemListElement\":[{\"@type\":\"ListItem\",\"position\":1,\"name\":\"Home\",\"item\":\"https:\/\/www.rustblock.com\/fr\/\"},{\"@type\":\"ListItem\",\"position\":2,\"name\":\"Boutique\",\"item\":\"https:\/\/www.rustblock.com\/fr\/boutique\/\"},{\"@type\":\"ListItem\",\"position\":3,\"name\":\"Pompe de transfert manuelle pour 60L ou 205L\"}]},{\"@type\":\"WebSite\",\"@id\":\"https:\/\/www.rustblock.com\/fr\/#website\",\"url\":\"https:\/\/www.rustblock.com\/fr\/\",\"name\":\"Rustblock Automotive Corrosion Protection\",\"description\":\"Rust proofing for all vehicles\",\"publisher\":{\"@id\":\"https:\/\/www.rustblock.com\/fr\/#organization\"},\"potentialAction\":[{\"@type\":\"SearchAction\",\"target\":{\"@type\":\"EntryPoint\",\"urlTemplate\":\"https:\/\/www.rustblock.com\/fr\/?s={search_term_string}\"},\"query-input\":{\"@type\":\"PropertyValueSpecification\",\"valueRequired\":true,\"valueName\":\"search_term_string\"}}],\"inLanguage\":\"fr-FR\"},{\"@type\":\"Organization\",\"@id\":\"https:\/\/www.rustblock.com\/fr\/#organization\",\"name\":\"Rustblock\",\"alternateName\":\"Rust Block Automotive Corrosion Protection\",\"url\":\"https:\/\/www.rustblock.com\/fr\/\",\"logo\":{\"@type\":\"ImageObject\",\"inLanguage\":\"fr-FR\",\"@id\":\"https:\/\/www.rustblock.com\/fr\/#\/schema\/logo\/image\/\",\"url\":\"https:\/\/www.rustblock.com\/wp-content\/uploads\/2023\/09\/main-logo.jpg\",\"contentUrl\":\"https:\/\/www.rustblock.com\/wp-content\/uploads\/2023\/09\/main-logo.jpg\",\"width\":696,\"height\":696,\"caption\":\"Rustblock\"},\"image\":{\"@id\":\"https:\/\/www.rustblock.com\/fr\/#\/schema\/logo\/image\/\"}}]}<\/script>\n<!-- \/ Yoast SEO plugin. -->","yoast_head_json":{"title":"Pompe de transfert manuelle pour 60L ou 205L - Rustblock Automotive Corrosion Protection","robots":{"index":"index","follow":"follow","max-snippet":"max-snippet:-1","max-image-preview":"max-image-preview:large","max-video-preview":"max-video-preview:-1"},"canonical":"https:\/\/www.rustblock.com\/fr\/produit\/manual-transfer-pump-for-60l-or-205l\/","og_locale":"fr_FR","og_type":"article","og_title":"Pompe de transfert manuelle pour 60L ou 205L - Rustblock Automotive Corrosion Protection","og_description":"Cette pompe de transfert manuelle s'adapte sur 60 L ou 205L \u00e0 l'aide d'un adaptateur de bonde de 2 \".     Transf\u00e8re la plupart des produits  ne convient pas au produits acides  Acier chrom\u00e9  0,65 litre par cycle  Fixez le fil de terre lors du pompage d'un produit inflammable (kit en option L090048)","og_url":"https:\/\/www.rustblock.com\/fr\/produit\/manual-transfer-pump-for-60l-or-205l\/","og_site_name":"Rustblock Automotive Corrosion Protection","og_image":[{"width":640,"height":640,"url":"https:\/\/www.rustblock.com\/wp-content\/uploads\/2023\/10\/s490660571526401047_p151_i3_w640.jpeg","type":"image\/jpeg"}],"twitter_card":"summary_large_image","twitter_misc":{"Dur\u00e9e de lecture estim\u00e9e":"1 minute"},"schema":{"@context":"https:\/\/schema.org","@graph":[{"@type":"WebPage","@id":"https:\/\/www.rustblock.com\/fr\/produit\/manual-transfer-pump-for-60l-or-205l\/","url":"https:\/\/www.rustblock.com\/fr\/produit\/manual-transfer-pump-for-60l-or-205l\/","name":"Pompe de transfert manuelle pour 60L ou 205L - Rustblock Automotive Corrosion Protection","isPartOf":{"@id":"https:\/\/www.rustblock.com\/fr\/#website"},"primaryImageOfPage":{"@id":"https:\/\/www.rustblock.com\/fr\/produit\/manual-transfer-pump-for-60l-or-205l\/#primaryimage"},"image":{"@id":"https:\/\/www.rustblock.com\/fr\/produit\/manual-transfer-pump-for-60l-or-205l\/#primaryimage"},"thumbnailUrl":"https:\/\/www.rustblock.com\/wp-content\/uploads\/2023\/10\/s490660571526401047_p151_i3_w640.jpeg","datePublished":"2026-01-26T09:51:21+00:00","breadcrumb":{"@id":"https:\/\/www.rustblock.com\/fr\/produit\/manual-transfer-pump-for-60l-or-205l\/#breadcrumb"},"inLanguage":"fr-FR","potentialAction":[{"@type":"ReadAction","target":["https:\/\/www.rustblock.com\/fr\/produit\/manual-transfer-pump-for-60l-or-205l\/"]}]},{"@type":"ImageObject","inLanguage":"fr-FR","@id":"https:\/\/www.rustblock.com\/fr\/produit\/manual-transfer-pump-for-60l-or-205l\/#primaryimage","url":"https:\/\/www.rustblock.com\/wp-content\/uploads\/2023\/10\/s490660571526401047_p151_i3_w640.jpeg","contentUrl":"https:\/\/www.rustblock.com\/wp-content\/uploads\/2023\/10\/s490660571526401047_p151_i3_w640.jpeg","width":640,"height":640},{"@type":"BreadcrumbList","@id":"https:\/\/www.rustblock.com\/fr\/produit\/manual-transfer-pump-for-60l-or-205l\/#breadcrumb","itemListElement":[{"@type":"ListItem","position":1,"name":"Home","item":"https:\/\/www.rustblock.com\/fr\/"},{"@type":"ListItem","position":2,"name":"Boutique","item":"https:\/\/www.rustblock.com\/fr\/boutique\/"},{"@type":"ListItem","position":3,"name":"Pompe de transfert manuelle pour 60L ou 205L"}]},{"@type":"WebSite","@id":"https:\/\/www.rustblock.com\/fr\/#website","url":"https:\/\/www.rustblock.com\/fr\/","name":"Rustblock Automotive Corrosion Protection","description":"Rust proofing for all vehicles","publisher":{"@id":"https:\/\/www.rustblock.com\/fr\/#organization"},"potentialAction":[{"@type":"SearchAction","target":{"@type":"EntryPoint","urlTemplate":"https:\/\/www.rustblock.com\/fr\/?s={search_term_string}"},"query-input":{"@type":"PropertyValueSpecification","valueRequired":true,"valueName":"search_term_string"}}],"inLanguage":"fr-FR"},{"@type":"Organization","@id":"https:\/\/www.rustblock.com\/fr\/#organization","name":"Rustblock","alternateName":"Rust Block Automotive Corrosion Protection","url":"https:\/\/www.rustblock.com\/fr\/","logo":{"@type":"ImageObject","inLanguage":"fr-FR","@id":"https:\/\/www.rustblock.com\/fr\/#\/schema\/logo\/image\/","url":"https:\/\/www.rustblock.com\/wp-content\/uploads\/2023\/09\/main-logo.jpg","contentUrl":"https:\/\/www.rustblock.com\/wp-content\/uploads\/2023\/09\/main-logo.jpg","width":696,"height":696,"caption":"Rustblock"},"image":{"@id":"https:\/\/www.rustblock.com\/fr\/#\/schema\/logo\/image\/"}}]}},"_links":{"self":[{"href":"https:\/\/www.rustblock.com\/fr\/wp-json\/wp\/v2\/product\/3301","targetHints":{"allow":["GET"]}}],"collection":[{"href":"https:\/\/www.rustblock.com\/fr\/wp-json\/wp\/v2\/product"}],"about":[{"href":"https:\/\/www.rustblock.com\/fr\/wp-json\/wp\/v2\/types\/product"}],"wp:featuredmedia":[{"embeddable":true,"href":"https:\/\/www.rustblock.com\/fr\/wp-json\/wp\/v2\/media\/3169"}],"wp:attachment":[{"href":"https:\/\/www.rustblock.com\/fr\/wp-json\/wp\/v2\/media?parent=3301"}],"wp:term":[{"taxonomy":"product_brand","embeddable":true,"href":"https:\/\/www.rustblock.com\/fr\/wp-json\/wp\/v2\/product_brand?post=3301"},{"taxonomy":"product_cat","embeddable":true,"href":"https:\/\/www.rustblock.com\/fr\/wp-json\/wp\/v2\/product_cat?post=3301"},{"taxonomy":"product_tag","embeddable":true,"href":"https:\/\/www.rustblock.com\/fr\/wp-json\/wp\/v2\/product_tag?post=3301"}],"curies":[{"name":"wp","href":"https:\/\/api.w.org\/{rel}","templated":true}]}}