{"id":3303,"date":"2026-01-26T09:37:36","date_gmt":"2026-01-26T09:37:36","guid":{"rendered":"https:\/\/www.rustblock.com\/product\/rp-1115-pump-bare-205l\/"},"modified":"2023-11-16T14:03:34","modified_gmt":"2023-11-16T14:03:34","slug":"rp-1115-pump-bare-205l","status":"publish","type":"product","link":"https:\/\/www.rustblock.com\/fr\/produit\/rp-1115-pump-bare-205l\/","title":{"rendered":"RP-1115 Pompe 205L"},"content":{"rendered":"<table class=\"wsite-multicol-table\">\n<tbody class=\"wsite-multicol-tbody\">\n<tr class=\"wsite-multicol-tr\">\n<td class=\"wsite-multicol-col\">\n<div class=\"paragraph\"><strong>Fonctionnalit\u00e9s:<\/strong><\/p>\n<ul>\n<li>Tous les joint d etancheit\u00e9 sont en t\u00e9flon et HTPE<\/li>\n<li>Les joint d etancheit\u00e9 sup\u00e9rieure sont monter sur ressort pour une plus grande long\u00e9vit\u00e9<\/li>\n<li>Qualit\u00e9 industrielle<\/li>\n<li>Moteur pneumatique robuste<\/li>\n<\/ul>\n<\/div>\n<\/td>\n<td class=\"wsite-multicol-col\">\n<div class=\"paragraph\"><strong>Inclus:<\/strong><\/p>\n<ul>\n<li>Raccord 1\/4 NPS-MM (pour l&rsquo;orifice de sortie de fluide)<\/li>\n<li>Raccord 3\/8 NPS-MM (pour orifice d&rsquo;entr\u00e9e d&rsquo;air)<\/li>\n<li>Adaptateur de bonde 2 \u201d.<\/li>\n<\/ul>\n<\/div>\n<\/td>\n<td class=\"wsite-multicol-col\">\n<div class=\"paragraph\"><strong>Caract\u00e9ristiques:<\/strong><\/p>\n<ul>\n<li>3-5 cfm typique \u00e0 60 psi<\/li>\n<li>Entr\u00e9e d&rsquo;air: 3\/8 NPT-F<\/li>\n<li>Sortie fluide: 1\/4 NPT-F<\/li>\n<li>Pression d&rsquo;entr\u00e9e d&rsquo;air maximale: 125 psi,<\/li>\n<li>Pression de sortie maximale du fluide: 1950 psi.<\/li>\n<li>Rapport: 15: 1<\/li>\n<li>D\u00e9bit libre: 11 litres \/ minute<\/li>\n<\/ul>\n<\/div>\n<\/td>\n<\/tr>\n<\/tbody>\n<\/table>\n","protected":false},"excerpt":{"rendered":"<div id=\"wsite-com-product-short-description\">\n<div class=\"paragraph\">\n<div id=\"wsite-com-product-short-description\">\n<div class=\"paragraph\">Pompe de transfert et antirouille RP-1115. D\u00e9bit libre de 11 l \/ min et rapport de 15: 1. Cette pompe a une sortie de fluide 1\/4 \u201dNPT-F, une entr\u00e9e d&rsquo;air 3\/8\u201d et est con\u00e7ue pour une aspiration directe \u00e0 partir d&rsquo;un f\u00fbt de 205L en utilisant l&rsquo;adaptateur de bonde de 2 \u201dinclus.<\/div>\n<\/div>\n<\/div>\n<\/div>\n","protected":false},"featured_media":3147,"template":"","meta":{"_acf_changed":false},"product_brand":[],"product_cat":[99,100],"product_tag":[],"class_list":{"0":"post-3303","1":"product","2":"type-product","3":"status-publish","4":"has-post-thumbnail","6":"product_cat-equipment-fr","7":"product_cat-lemmer-fr","9":"first","10":"instock","11":"taxable","12":"shipping-taxable","13":"purchasable","14":"product-type-simple"},"acf":[],"yoast_head":"<!-- This site is optimized with the Yoast SEO plugin v24.8.1 - https:\/\/yoast.com\/wordpress\/plugins\/seo\/ -->\n<title>RP-1115 Pompe 205L - Rustblock Automotive Corrosion Protection<\/title>\n<meta name=\"robots\" content=\"index, follow, max-snippet:-1, max-image-preview:large, max-video-preview:-1\" \/>\n<link rel=\"canonical\" href=\"https:\/\/www.rustblock.com\/fr\/produit\/rp-1115-pump-bare-205l\/\" \/>\n<meta property=\"og:locale\" content=\"fr_FR\" \/>\n<meta property=\"og:type\" content=\"article\" \/>\n<meta property=\"og:title\" content=\"RP-1115 Pompe 205L - Rustblock Automotive Corrosion Protection\" \/>\n<meta property=\"og:description\" content=\"Pompe de transfert et antirouille RP-1115. D\u00e9bit libre de 11 l \/ min et rapport de 15: 1. Cette pompe a une sortie de fluide 1\/4 \u201dNPT-F, une entr\u00e9e d&#039;air 3\/8\u201d et est con\u00e7ue pour une aspiration directe \u00e0 partir d&#039;un f\u00fbt de 205L en utilisant l&#039;adaptateur de bonde de 2 \u201dinclus.\" \/>\n<meta property=\"og:url\" content=\"https:\/\/www.rustblock.com\/fr\/produit\/rp-1115-pump-bare-205l\/\" \/>\n<meta property=\"og:site_name\" content=\"Rustblock Automotive Corrosion Protection\" \/>\n<meta property=\"og:image\" content=\"https:\/\/www.rustblock.com\/wp-content\/uploads\/2023\/10\/s490660571526401047_p145_i2_w640.jpeg\" \/>\n\t<meta property=\"og:image:width\" content=\"640\" \/>\n\t<meta property=\"og:image:height\" content=\"640\" \/>\n\t<meta property=\"og:image:type\" content=\"image\/jpeg\" \/>\n<meta name=\"twitter:card\" content=\"summary_large_image\" \/>\n<meta name=\"twitter:label1\" content=\"Dur\u00e9e de lecture estim\u00e9e\" \/>\n\t<meta name=\"twitter:data1\" content=\"1 minute\" \/>\n<script type=\"application\/ld+json\" class=\"yoast-schema-graph\">{\"@context\":\"https:\/\/schema.org\",\"@graph\":[{\"@type\":\"WebPage\",\"@id\":\"https:\/\/www.rustblock.com\/fr\/produit\/rp-1115-pump-bare-205l\/\",\"url\":\"https:\/\/www.rustblock.com\/fr\/produit\/rp-1115-pump-bare-205l\/\",\"name\":\"RP-1115 Pompe 205L - Rustblock Automotive Corrosion Protection\",\"isPartOf\":{\"@id\":\"https:\/\/www.rustblock.com\/fr\/#website\"},\"primaryImageOfPage\":{\"@id\":\"https:\/\/www.rustblock.com\/fr\/produit\/rp-1115-pump-bare-205l\/#primaryimage\"},\"image\":{\"@id\":\"https:\/\/www.rustblock.com\/fr\/produit\/rp-1115-pump-bare-205l\/#primaryimage\"},\"thumbnailUrl\":\"https:\/\/www.rustblock.com\/wp-content\/uploads\/2023\/10\/s490660571526401047_p145_i2_w640.jpeg\",\"datePublished\":\"2026-01-26T09:37:36+00:00\",\"breadcrumb\":{\"@id\":\"https:\/\/www.rustblock.com\/fr\/produit\/rp-1115-pump-bare-205l\/#breadcrumb\"},\"inLanguage\":\"fr-FR\",\"potentialAction\":[{\"@type\":\"ReadAction\",\"target\":[\"https:\/\/www.rustblock.com\/fr\/produit\/rp-1115-pump-bare-205l\/\"]}]},{\"@type\":\"ImageObject\",\"inLanguage\":\"fr-FR\",\"@id\":\"https:\/\/www.rustblock.com\/fr\/produit\/rp-1115-pump-bare-205l\/#primaryimage\",\"url\":\"https:\/\/www.rustblock.com\/wp-content\/uploads\/2023\/10\/s490660571526401047_p145_i2_w640.jpeg\",\"contentUrl\":\"https:\/\/www.rustblock.com\/wp-content\/uploads\/2023\/10\/s490660571526401047_p145_i2_w640.jpeg\",\"width\":640,\"height\":640,\"caption\":\"RP-1115 Pump Bare 20L\"},{\"@type\":\"BreadcrumbList\",\"@id\":\"https:\/\/www.rustblock.com\/fr\/produit\/rp-1115-pump-bare-205l\/#breadcrumb\",\"itemListElement\":[{\"@type\":\"ListItem\",\"position\":1,\"name\":\"Home\",\"item\":\"https:\/\/www.rustblock.com\/fr\/\"},{\"@type\":\"ListItem\",\"position\":2,\"name\":\"Boutique\",\"item\":\"https:\/\/www.rustblock.com\/fr\/boutique\/\"},{\"@type\":\"ListItem\",\"position\":3,\"name\":\"RP-1115 Pompe 205L\"}]},{\"@type\":\"WebSite\",\"@id\":\"https:\/\/www.rustblock.com\/fr\/#website\",\"url\":\"https:\/\/www.rustblock.com\/fr\/\",\"name\":\"Rustblock Automotive Corrosion Protection\",\"description\":\"Rust proofing for all vehicles\",\"publisher\":{\"@id\":\"https:\/\/www.rustblock.com\/fr\/#organization\"},\"potentialAction\":[{\"@type\":\"SearchAction\",\"target\":{\"@type\":\"EntryPoint\",\"urlTemplate\":\"https:\/\/www.rustblock.com\/fr\/?s={search_term_string}\"},\"query-input\":{\"@type\":\"PropertyValueSpecification\",\"valueRequired\":true,\"valueName\":\"search_term_string\"}}],\"inLanguage\":\"fr-FR\"},{\"@type\":\"Organization\",\"@id\":\"https:\/\/www.rustblock.com\/fr\/#organization\",\"name\":\"Rustblock\",\"alternateName\":\"Rust Block Automotive Corrosion Protection\",\"url\":\"https:\/\/www.rustblock.com\/fr\/\",\"logo\":{\"@type\":\"ImageObject\",\"inLanguage\":\"fr-FR\",\"@id\":\"https:\/\/www.rustblock.com\/fr\/#\/schema\/logo\/image\/\",\"url\":\"https:\/\/www.rustblock.com\/wp-content\/uploads\/2023\/09\/main-logo.jpg\",\"contentUrl\":\"https:\/\/www.rustblock.com\/wp-content\/uploads\/2023\/09\/main-logo.jpg\",\"width\":696,\"height\":696,\"caption\":\"Rustblock\"},\"image\":{\"@id\":\"https:\/\/www.rustblock.com\/fr\/#\/schema\/logo\/image\/\"}}]}<\/script>\n<!-- \/ Yoast SEO plugin. -->","yoast_head_json":{"title":"RP-1115 Pompe 205L - Rustblock Automotive Corrosion Protection","robots":{"index":"index","follow":"follow","max-snippet":"max-snippet:-1","max-image-preview":"max-image-preview:large","max-video-preview":"max-video-preview:-1"},"canonical":"https:\/\/www.rustblock.com\/fr\/produit\/rp-1115-pump-bare-205l\/","og_locale":"fr_FR","og_type":"article","og_title":"RP-1115 Pompe 205L - Rustblock Automotive Corrosion Protection","og_description":"Pompe de transfert et antirouille RP-1115. D\u00e9bit libre de 11 l \/ min et rapport de 15: 1. Cette pompe a une sortie de fluide 1\/4 \u201dNPT-F, une entr\u00e9e d'air 3\/8\u201d et est con\u00e7ue pour une aspiration directe \u00e0 partir d'un f\u00fbt de 205L en utilisant l'adaptateur de bonde de 2 \u201dinclus.","og_url":"https:\/\/www.rustblock.com\/fr\/produit\/rp-1115-pump-bare-205l\/","og_site_name":"Rustblock Automotive Corrosion Protection","og_image":[{"width":640,"height":640,"url":"https:\/\/www.rustblock.com\/wp-content\/uploads\/2023\/10\/s490660571526401047_p145_i2_w640.jpeg","type":"image\/jpeg"}],"twitter_card":"summary_large_image","twitter_misc":{"Dur\u00e9e de lecture estim\u00e9e":"1 minute"},"schema":{"@context":"https:\/\/schema.org","@graph":[{"@type":"WebPage","@id":"https:\/\/www.rustblock.com\/fr\/produit\/rp-1115-pump-bare-205l\/","url":"https:\/\/www.rustblock.com\/fr\/produit\/rp-1115-pump-bare-205l\/","name":"RP-1115 Pompe 205L - Rustblock Automotive Corrosion Protection","isPartOf":{"@id":"https:\/\/www.rustblock.com\/fr\/#website"},"primaryImageOfPage":{"@id":"https:\/\/www.rustblock.com\/fr\/produit\/rp-1115-pump-bare-205l\/#primaryimage"},"image":{"@id":"https:\/\/www.rustblock.com\/fr\/produit\/rp-1115-pump-bare-205l\/#primaryimage"},"thumbnailUrl":"https:\/\/www.rustblock.com\/wp-content\/uploads\/2023\/10\/s490660571526401047_p145_i2_w640.jpeg","datePublished":"2026-01-26T09:37:36+00:00","breadcrumb":{"@id":"https:\/\/www.rustblock.com\/fr\/produit\/rp-1115-pump-bare-205l\/#breadcrumb"},"inLanguage":"fr-FR","potentialAction":[{"@type":"ReadAction","target":["https:\/\/www.rustblock.com\/fr\/produit\/rp-1115-pump-bare-205l\/"]}]},{"@type":"ImageObject","inLanguage":"fr-FR","@id":"https:\/\/www.rustblock.com\/fr\/produit\/rp-1115-pump-bare-205l\/#primaryimage","url":"https:\/\/www.rustblock.com\/wp-content\/uploads\/2023\/10\/s490660571526401047_p145_i2_w640.jpeg","contentUrl":"https:\/\/www.rustblock.com\/wp-content\/uploads\/2023\/10\/s490660571526401047_p145_i2_w640.jpeg","width":640,"height":640,"caption":"RP-1115 Pump Bare 20L"},{"@type":"BreadcrumbList","@id":"https:\/\/www.rustblock.com\/fr\/produit\/rp-1115-pump-bare-205l\/#breadcrumb","itemListElement":[{"@type":"ListItem","position":1,"name":"Home","item":"https:\/\/www.rustblock.com\/fr\/"},{"@type":"ListItem","position":2,"name":"Boutique","item":"https:\/\/www.rustblock.com\/fr\/boutique\/"},{"@type":"ListItem","position":3,"name":"RP-1115 Pompe 205L"}]},{"@type":"WebSite","@id":"https:\/\/www.rustblock.com\/fr\/#website","url":"https:\/\/www.rustblock.com\/fr\/","name":"Rustblock Automotive Corrosion Protection","description":"Rust proofing for all vehicles","publisher":{"@id":"https:\/\/www.rustblock.com\/fr\/#organization"},"potentialAction":[{"@type":"SearchAction","target":{"@type":"EntryPoint","urlTemplate":"https:\/\/www.rustblock.com\/fr\/?s={search_term_string}"},"query-input":{"@type":"PropertyValueSpecification","valueRequired":true,"valueName":"search_term_string"}}],"inLanguage":"fr-FR"},{"@type":"Organization","@id":"https:\/\/www.rustblock.com\/fr\/#organization","name":"Rustblock","alternateName":"Rust Block Automotive Corrosion Protection","url":"https:\/\/www.rustblock.com\/fr\/","logo":{"@type":"ImageObject","inLanguage":"fr-FR","@id":"https:\/\/www.rustblock.com\/fr\/#\/schema\/logo\/image\/","url":"https:\/\/www.rustblock.com\/wp-content\/uploads\/2023\/09\/main-logo.jpg","contentUrl":"https:\/\/www.rustblock.com\/wp-content\/uploads\/2023\/09\/main-logo.jpg","width":696,"height":696,"caption":"Rustblock"},"image":{"@id":"https:\/\/www.rustblock.com\/fr\/#\/schema\/logo\/image\/"}}]}},"_links":{"self":[{"href":"https:\/\/www.rustblock.com\/fr\/wp-json\/wp\/v2\/product\/3303","targetHints":{"allow":["GET"]}}],"collection":[{"href":"https:\/\/www.rustblock.com\/fr\/wp-json\/wp\/v2\/product"}],"about":[{"href":"https:\/\/www.rustblock.com\/fr\/wp-json\/wp\/v2\/types\/product"}],"wp:featuredmedia":[{"embeddable":true,"href":"https:\/\/www.rustblock.com\/fr\/wp-json\/wp\/v2\/media\/3147"}],"wp:attachment":[{"href":"https:\/\/www.rustblock.com\/fr\/wp-json\/wp\/v2\/media?parent=3303"}],"wp:term":[{"taxonomy":"product_brand","embeddable":true,"href":"https:\/\/www.rustblock.com\/fr\/wp-json\/wp\/v2\/product_brand?post=3303"},{"taxonomy":"product_cat","embeddable":true,"href":"https:\/\/www.rustblock.com\/fr\/wp-json\/wp\/v2\/product_cat?post=3303"},{"taxonomy":"product_tag","embeddable":true,"href":"https:\/\/www.rustblock.com\/fr\/wp-json\/wp\/v2\/product_tag?post=3303"}],"curies":[{"name":"wp","href":"https:\/\/api.w.org\/{rel}","templated":true}]}}