{"id":3305,"date":"2026-01-26T09:30:04","date_gmt":"2026-01-26T09:30:04","guid":{"rendered":"https:\/\/www.rustblock.com\/product\/rp-1115-pump-bare-20l\/"},"modified":"2023-11-16T14:08:30","modified_gmt":"2023-11-16T14:08:30","slug":"rp-1115-pump-bare-20l","status":"publish","type":"product","link":"https:\/\/www.rustblock.com\/fr\/produit\/rp-1115-pump-bare-20l\/","title":{"rendered":"RP-1115 Pompe 20L"},"content":{"rendered":"<div>\n<div class=\"wsite-multicol\">\n<div class=\"wsite-multicol-table-wrap\">\n<table class=\"wsite-multicol-table\">\n<tbody class=\"wsite-multicol-tbody\">\n<tr class=\"wsite-multicol-tr\">\n<td class=\"wsite-multicol-col\">\n<div class=\"paragraph\"><strong>Fonctionnalit\u00e9s:<\/strong><\/p>\n<ul>\n<li>Tous les joint d etancheit\u00e9 sont en t\u00e9flon et HTPE<\/li>\n<li>les joint d etancheit\u00e9 sup\u00e9rieure sont monter sur ressort pour une plus grande long\u00e9vit\u00e9<\/li>\n<li>Qualit\u00e9 industrielle<\/li>\n<li>Moteur pneumatique robuste<\/li>\n<\/ul>\n<\/div>\n<\/td>\n<td class=\"wsite-multicol-col\">\n<div class=\"paragraph\"><strong>Inclus:<\/strong><\/p>\n<ul>\n<li>Raccord 1\/4 NPS-MM (pour l&rsquo;orifice de sortie de fluide)<\/li>\n<li>Raccord 3\/8 NPS-MM (pour orifice d&rsquo;entr\u00e9e d&rsquo;air)<\/li>\n<li>Adaptateur d&rsquo;entr\u00e9e de 1,5 \u00ab\u00a0(pour seau de 18,9 L \u00e0 montage sur couvercle)<\/li>\n<li>Adaptateur d&rsquo;entr\u00e9e de 2,5 \u00ab\u00a0(pour seau de 20 L \u00e0 montage sur couvercle)<\/li>\n<li>Adaptateur de bonde 2 \u201d.<\/li>\n<\/ul>\n<\/div>\n<\/td>\n<td class=\"wsite-multicol-col\">\n<div class=\"paragraph\"><strong>Caract\u00e9ristiques:<\/strong><\/p>\n<ul>\n<li>3-5 cfm typique \u00e0 60 psi<\/li>\n<li>Entr\u00e9e d&rsquo;air: 3\/8 NPT-F<\/li>\n<li>Entr\u00e9e fluide: 3\/4 NPT-F<\/li>\n<li>Sortie fluide: 1\/4 NPT-F<\/li>\n<li>Pression d&rsquo;entr\u00e9e d&rsquo;air maximale: 125 psi,<\/li>\n<li>Pression de sortie maximale du fluide: 1950 psi.<\/li>\n<li>Rapport: 15: 1<\/li>\n<li>D\u00e9bit libre: 11 litres \/ minute<\/li>\n<\/ul>\n<\/div>\n<\/td>\n<\/tr>\n<\/tbody>\n<\/table>\n<\/div>\n<\/div>\n<\/div>\n<div>\n<div class=\"wsite-multicol\">\n<div class=\"wsite-multicol-table-wrap\">\n<table class=\"wsite-multicol-table\">\n<tbody class=\"wsite-multicol-tbody\">\n<tr class=\"wsite-multicol-tr\">\n<td class=\"wsite-multicol-col\">\n<div class=\"paragraph\"><strong><span style=\"text-decoration: underline;\">RP-1115 montage mural<\/span><\/strong><\/div>\n<div><img decoding=\"async\" class=\"lazyload wp-image-3156 alignnone\" src=\"https:\/\/www.rustblock.com\/wp-content\/uploads\/2023\/10\/rp-1115-wall-mount-custom_orig.png\" data-orig-src=\"https:\/\/www.rustblock.com\/wp-content\/uploads\/2023\/10\/rp-1115-wall-mount-custom_orig.png\" alt=\"\" width=\"308\" height=\"308\" srcset=\"data:image\/svg+xml,%3Csvg%20xmlns%3D%27http%3A%2F%2Fwww.w3.org%2F2000%2Fsvg%27%20width%3D%27308%27%20height%3D%27308%27%20viewBox%3D%270%200%20308%20308%27%3E%3Crect%20width%3D%27308%27%20height%3D%27308%27%20fill-opacity%3D%220%22%2F%3E%3C%2Fsvg%3E\" data-srcset=\"https:\/\/www.rustblock.com\/wp-content\/uploads\/2023\/10\/rp-1115-wall-mount-custom_orig-66x66.png 66w, https:\/\/www.rustblock.com\/wp-content\/uploads\/2023\/10\/rp-1115-wall-mount-custom_orig-150x150.png 150w, https:\/\/www.rustblock.com\/wp-content\/uploads\/2023\/10\/rp-1115-wall-mount-custom_orig-200x200.png 200w, https:\/\/www.rustblock.com\/wp-content\/uploads\/2023\/10\/rp-1115-wall-mount-custom_orig-300x300.png 300w, https:\/\/www.rustblock.com\/wp-content\/uploads\/2023\/10\/rp-1115-wall-mount-custom_orig-400x400.png 400w, https:\/\/www.rustblock.com\/wp-content\/uploads\/2023\/10\/rp-1115-wall-mount-custom_orig-500x500.png 500w, https:\/\/www.rustblock.com\/wp-content\/uploads\/2023\/10\/rp-1115-wall-mount-custom_orig-600x600.png 600w, https:\/\/www.rustblock.com\/wp-content\/uploads\/2023\/10\/rp-1115-wall-mount-custom_orig-700x700.png 700w, https:\/\/www.rustblock.com\/wp-content\/uploads\/2023\/10\/rp-1115-wall-mount-custom_orig-768x768.png 768w, https:\/\/www.rustblock.com\/wp-content\/uploads\/2023\/10\/rp-1115-wall-mount-custom_orig-800x800.png 800w, https:\/\/www.rustblock.com\/wp-content\/uploads\/2023\/10\/rp-1115-wall-mount-custom_orig.png 1000w\" data-sizes=\"auto\" data-orig-sizes=\"(max-width: 308px) 100vw, 308px\" \/><\/div>\n<\/td>\n<td class=\"wsite-multicol-col\">\n<div class=\"paragraph\"><strong><span style=\"text-decoration: underline;\">RP-1115 sur couvercle pour 20L<\/span><\/strong><\/div>\n<div><img decoding=\"async\" class=\"lazyload alignnone wp-image-3154\" src=\"https:\/\/www.rustblock.com\/wp-content\/uploads\/2023\/10\/rp-1115-on-lid-20l_orig.png\" data-orig-src=\"https:\/\/www.rustblock.com\/wp-content\/uploads\/2023\/10\/rp-1115-on-lid-20l_orig.png\" alt=\"\" width=\"295\" height=\"295\" srcset=\"data:image\/svg+xml,%3Csvg%20xmlns%3D%27http%3A%2F%2Fwww.w3.org%2F2000%2Fsvg%27%20width%3D%27295%27%20height%3D%27295%27%20viewBox%3D%270%200%20295%20295%27%3E%3Crect%20width%3D%27295%27%20height%3D%27295%27%20fill-opacity%3D%220%22%2F%3E%3C%2Fsvg%3E\" data-srcset=\"https:\/\/www.rustblock.com\/wp-content\/uploads\/2023\/10\/rp-1115-on-lid-20l_orig-66x66.png 66w, https:\/\/www.rustblock.com\/wp-content\/uploads\/2023\/10\/rp-1115-on-lid-20l_orig-150x150.png 150w, https:\/\/www.rustblock.com\/wp-content\/uploads\/2023\/10\/rp-1115-on-lid-20l_orig-200x200.png 200w, https:\/\/www.rustblock.com\/wp-content\/uploads\/2023\/10\/rp-1115-on-lid-20l_orig-300x300.png 300w, https:\/\/www.rustblock.com\/wp-content\/uploads\/2023\/10\/rp-1115-on-lid-20l_orig-400x400.png 400w, https:\/\/www.rustblock.com\/wp-content\/uploads\/2023\/10\/rp-1115-on-lid-20l_orig-500x500.png 500w, https:\/\/www.rustblock.com\/wp-content\/uploads\/2023\/10\/rp-1115-on-lid-20l_orig-600x600.png 600w, https:\/\/www.rustblock.com\/wp-content\/uploads\/2023\/10\/rp-1115-on-lid-20l_orig-700x700.png 700w, https:\/\/www.rustblock.com\/wp-content\/uploads\/2023\/10\/rp-1115-on-lid-20l_orig-768x768.png 768w, https:\/\/www.rustblock.com\/wp-content\/uploads\/2023\/10\/rp-1115-on-lid-20l_orig-800x800.png 800w, https:\/\/www.rustblock.com\/wp-content\/uploads\/2023\/10\/rp-1115-on-lid-20l_orig.png 1000w\" data-sizes=\"auto\" data-orig-sizes=\"(max-width: 295px) 100vw, 295px\" \/><\/div>\n<\/td>\n<\/tr>\n<\/tbody>\n<\/table>\n<\/div>\n<\/div>\n<\/div>\n","protected":false},"excerpt":{"rendered":"<div id=\"wsite-com-product-short-description\">\n<div class=\"paragraph\">Pompe de transfert et antirouille RP-1115. D\u00e9bit libre de 11 l \/ min et rapport de 15: 1. Cette pompe a une sortie de fluide 1\/4 \u00ab\u00a0NPT-F, une entr\u00e9e d&rsquo;air 3\/8\u00a0\u00bb et une entr\u00e9e 3\/4 NPT-F pour une utilisation avec un montage mural ou des adaptateurs d&rsquo;aspiration directe 18,9L et 20L inclus pour les installation sur couvercle pour chaudi\u00e8re.<\/div>\n<\/div>\n","protected":false},"featured_media":3147,"template":"","meta":{"_acf_changed":false},"product_brand":[],"product_cat":[99,100],"product_tag":[],"class_list":{"0":"post-3305","1":"product","2":"type-product","3":"status-publish","4":"has-post-thumbnail","6":"product_cat-equipment-fr","7":"product_cat-lemmer-fr","9":"first","10":"instock","11":"taxable","12":"shipping-taxable","13":"purchasable","14":"product-type-simple"},"acf":[],"yoast_head":"<!-- This site is optimized with the Yoast SEO plugin v24.8.1 - https:\/\/yoast.com\/wordpress\/plugins\/seo\/ -->\n<title>RP-1115 Pompe 20L - Rustblock Automotive Corrosion Protection<\/title>\n<meta name=\"robots\" content=\"index, follow, max-snippet:-1, max-image-preview:large, max-video-preview:-1\" \/>\n<link rel=\"canonical\" href=\"https:\/\/www.rustblock.com\/fr\/produit\/rp-1115-pump-bare-20l\/\" \/>\n<meta property=\"og:locale\" content=\"fr_FR\" \/>\n<meta property=\"og:type\" content=\"article\" \/>\n<meta property=\"og:title\" content=\"RP-1115 Pompe 20L - Rustblock Automotive Corrosion Protection\" \/>\n<meta property=\"og:description\" content=\"Pompe de transfert et antirouille RP-1115. D\u00e9bit libre de 11 l \/ min et rapport de 15: 1. Cette pompe a une sortie de fluide 1\/4 &quot;NPT-F, une entr\u00e9e d&#039;air 3\/8&quot; et une entr\u00e9e 3\/4 NPT-F pour une utilisation avec un montage mural ou des adaptateurs d&#039;aspiration directe 18,9L et 20L inclus pour les installation sur couvercle pour chaudi\u00e8re.\" \/>\n<meta property=\"og:url\" content=\"https:\/\/www.rustblock.com\/fr\/produit\/rp-1115-pump-bare-20l\/\" \/>\n<meta property=\"og:site_name\" content=\"Rustblock Automotive Corrosion Protection\" \/>\n<meta property=\"og:image\" content=\"https:\/\/www.rustblock.com\/wp-content\/uploads\/2023\/10\/s490660571526401047_p145_i2_w640.jpeg\" \/>\n\t<meta property=\"og:image:width\" content=\"640\" \/>\n\t<meta property=\"og:image:height\" content=\"640\" \/>\n\t<meta property=\"og:image:type\" content=\"image\/jpeg\" \/>\n<meta name=\"twitter:card\" content=\"summary_large_image\" \/>\n<meta name=\"twitter:label1\" content=\"Dur\u00e9e de lecture estim\u00e9e\" \/>\n\t<meta name=\"twitter:data1\" content=\"1 minute\" \/>\n<script type=\"application\/ld+json\" class=\"yoast-schema-graph\">{\"@context\":\"https:\/\/schema.org\",\"@graph\":[{\"@type\":\"WebPage\",\"@id\":\"https:\/\/www.rustblock.com\/fr\/produit\/rp-1115-pump-bare-20l\/\",\"url\":\"https:\/\/www.rustblock.com\/fr\/produit\/rp-1115-pump-bare-20l\/\",\"name\":\"RP-1115 Pompe 20L - Rustblock Automotive Corrosion Protection\",\"isPartOf\":{\"@id\":\"https:\/\/www.rustblock.com\/fr\/#website\"},\"primaryImageOfPage\":{\"@id\":\"https:\/\/www.rustblock.com\/fr\/produit\/rp-1115-pump-bare-20l\/#primaryimage\"},\"image\":{\"@id\":\"https:\/\/www.rustblock.com\/fr\/produit\/rp-1115-pump-bare-20l\/#primaryimage\"},\"thumbnailUrl\":\"https:\/\/www.rustblock.com\/wp-content\/uploads\/2023\/10\/s490660571526401047_p145_i2_w640.jpeg\",\"datePublished\":\"2026-01-26T09:30:04+00:00\",\"breadcrumb\":{\"@id\":\"https:\/\/www.rustblock.com\/fr\/produit\/rp-1115-pump-bare-20l\/#breadcrumb\"},\"inLanguage\":\"fr-FR\",\"potentialAction\":[{\"@type\":\"ReadAction\",\"target\":[\"https:\/\/www.rustblock.com\/fr\/produit\/rp-1115-pump-bare-20l\/\"]}]},{\"@type\":\"ImageObject\",\"inLanguage\":\"fr-FR\",\"@id\":\"https:\/\/www.rustblock.com\/fr\/produit\/rp-1115-pump-bare-20l\/#primaryimage\",\"url\":\"https:\/\/www.rustblock.com\/wp-content\/uploads\/2023\/10\/s490660571526401047_p145_i2_w640.jpeg\",\"contentUrl\":\"https:\/\/www.rustblock.com\/wp-content\/uploads\/2023\/10\/s490660571526401047_p145_i2_w640.jpeg\",\"width\":640,\"height\":640,\"caption\":\"RP-1115 Pump Bare 20L\"},{\"@type\":\"BreadcrumbList\",\"@id\":\"https:\/\/www.rustblock.com\/fr\/produit\/rp-1115-pump-bare-20l\/#breadcrumb\",\"itemListElement\":[{\"@type\":\"ListItem\",\"position\":1,\"name\":\"Home\",\"item\":\"https:\/\/www.rustblock.com\/fr\/\"},{\"@type\":\"ListItem\",\"position\":2,\"name\":\"Boutique\",\"item\":\"https:\/\/www.rustblock.com\/fr\/boutique\/\"},{\"@type\":\"ListItem\",\"position\":3,\"name\":\"RP-1115 Pompe 20L\"}]},{\"@type\":\"WebSite\",\"@id\":\"https:\/\/www.rustblock.com\/fr\/#website\",\"url\":\"https:\/\/www.rustblock.com\/fr\/\",\"name\":\"Rustblock Automotive Corrosion Protection\",\"description\":\"Rust proofing for all vehicles\",\"publisher\":{\"@id\":\"https:\/\/www.rustblock.com\/fr\/#organization\"},\"potentialAction\":[{\"@type\":\"SearchAction\",\"target\":{\"@type\":\"EntryPoint\",\"urlTemplate\":\"https:\/\/www.rustblock.com\/fr\/?s={search_term_string}\"},\"query-input\":{\"@type\":\"PropertyValueSpecification\",\"valueRequired\":true,\"valueName\":\"search_term_string\"}}],\"inLanguage\":\"fr-FR\"},{\"@type\":\"Organization\",\"@id\":\"https:\/\/www.rustblock.com\/fr\/#organization\",\"name\":\"Rustblock\",\"alternateName\":\"Rust Block Automotive Corrosion Protection\",\"url\":\"https:\/\/www.rustblock.com\/fr\/\",\"logo\":{\"@type\":\"ImageObject\",\"inLanguage\":\"fr-FR\",\"@id\":\"https:\/\/www.rustblock.com\/fr\/#\/schema\/logo\/image\/\",\"url\":\"https:\/\/www.rustblock.com\/wp-content\/uploads\/2023\/09\/main-logo.jpg\",\"contentUrl\":\"https:\/\/www.rustblock.com\/wp-content\/uploads\/2023\/09\/main-logo.jpg\",\"width\":696,\"height\":696,\"caption\":\"Rustblock\"},\"image\":{\"@id\":\"https:\/\/www.rustblock.com\/fr\/#\/schema\/logo\/image\/\"}}]}<\/script>\n<!-- \/ Yoast SEO plugin. -->","yoast_head_json":{"title":"RP-1115 Pompe 20L - Rustblock Automotive Corrosion Protection","robots":{"index":"index","follow":"follow","max-snippet":"max-snippet:-1","max-image-preview":"max-image-preview:large","max-video-preview":"max-video-preview:-1"},"canonical":"https:\/\/www.rustblock.com\/fr\/produit\/rp-1115-pump-bare-20l\/","og_locale":"fr_FR","og_type":"article","og_title":"RP-1115 Pompe 20L - Rustblock Automotive Corrosion Protection","og_description":"Pompe de transfert et antirouille RP-1115. D\u00e9bit libre de 11 l \/ min et rapport de 15: 1. Cette pompe a une sortie de fluide 1\/4 \"NPT-F, une entr\u00e9e d'air 3\/8\" et une entr\u00e9e 3\/4 NPT-F pour une utilisation avec un montage mural ou des adaptateurs d'aspiration directe 18,9L et 20L inclus pour les installation sur couvercle pour chaudi\u00e8re.","og_url":"https:\/\/www.rustblock.com\/fr\/produit\/rp-1115-pump-bare-20l\/","og_site_name":"Rustblock Automotive Corrosion Protection","og_image":[{"width":640,"height":640,"url":"https:\/\/www.rustblock.com\/wp-content\/uploads\/2023\/10\/s490660571526401047_p145_i2_w640.jpeg","type":"image\/jpeg"}],"twitter_card":"summary_large_image","twitter_misc":{"Dur\u00e9e de lecture estim\u00e9e":"1 minute"},"schema":{"@context":"https:\/\/schema.org","@graph":[{"@type":"WebPage","@id":"https:\/\/www.rustblock.com\/fr\/produit\/rp-1115-pump-bare-20l\/","url":"https:\/\/www.rustblock.com\/fr\/produit\/rp-1115-pump-bare-20l\/","name":"RP-1115 Pompe 20L - Rustblock Automotive Corrosion Protection","isPartOf":{"@id":"https:\/\/www.rustblock.com\/fr\/#website"},"primaryImageOfPage":{"@id":"https:\/\/www.rustblock.com\/fr\/produit\/rp-1115-pump-bare-20l\/#primaryimage"},"image":{"@id":"https:\/\/www.rustblock.com\/fr\/produit\/rp-1115-pump-bare-20l\/#primaryimage"},"thumbnailUrl":"https:\/\/www.rustblock.com\/wp-content\/uploads\/2023\/10\/s490660571526401047_p145_i2_w640.jpeg","datePublished":"2026-01-26T09:30:04+00:00","breadcrumb":{"@id":"https:\/\/www.rustblock.com\/fr\/produit\/rp-1115-pump-bare-20l\/#breadcrumb"},"inLanguage":"fr-FR","potentialAction":[{"@type":"ReadAction","target":["https:\/\/www.rustblock.com\/fr\/produit\/rp-1115-pump-bare-20l\/"]}]},{"@type":"ImageObject","inLanguage":"fr-FR","@id":"https:\/\/www.rustblock.com\/fr\/produit\/rp-1115-pump-bare-20l\/#primaryimage","url":"https:\/\/www.rustblock.com\/wp-content\/uploads\/2023\/10\/s490660571526401047_p145_i2_w640.jpeg","contentUrl":"https:\/\/www.rustblock.com\/wp-content\/uploads\/2023\/10\/s490660571526401047_p145_i2_w640.jpeg","width":640,"height":640,"caption":"RP-1115 Pump Bare 20L"},{"@type":"BreadcrumbList","@id":"https:\/\/www.rustblock.com\/fr\/produit\/rp-1115-pump-bare-20l\/#breadcrumb","itemListElement":[{"@type":"ListItem","position":1,"name":"Home","item":"https:\/\/www.rustblock.com\/fr\/"},{"@type":"ListItem","position":2,"name":"Boutique","item":"https:\/\/www.rustblock.com\/fr\/boutique\/"},{"@type":"ListItem","position":3,"name":"RP-1115 Pompe 20L"}]},{"@type":"WebSite","@id":"https:\/\/www.rustblock.com\/fr\/#website","url":"https:\/\/www.rustblock.com\/fr\/","name":"Rustblock Automotive Corrosion Protection","description":"Rust proofing for all vehicles","publisher":{"@id":"https:\/\/www.rustblock.com\/fr\/#organization"},"potentialAction":[{"@type":"SearchAction","target":{"@type":"EntryPoint","urlTemplate":"https:\/\/www.rustblock.com\/fr\/?s={search_term_string}"},"query-input":{"@type":"PropertyValueSpecification","valueRequired":true,"valueName":"search_term_string"}}],"inLanguage":"fr-FR"},{"@type":"Organization","@id":"https:\/\/www.rustblock.com\/fr\/#organization","name":"Rustblock","alternateName":"Rust Block Automotive Corrosion Protection","url":"https:\/\/www.rustblock.com\/fr\/","logo":{"@type":"ImageObject","inLanguage":"fr-FR","@id":"https:\/\/www.rustblock.com\/fr\/#\/schema\/logo\/image\/","url":"https:\/\/www.rustblock.com\/wp-content\/uploads\/2023\/09\/main-logo.jpg","contentUrl":"https:\/\/www.rustblock.com\/wp-content\/uploads\/2023\/09\/main-logo.jpg","width":696,"height":696,"caption":"Rustblock"},"image":{"@id":"https:\/\/www.rustblock.com\/fr\/#\/schema\/logo\/image\/"}}]}},"_links":{"self":[{"href":"https:\/\/www.rustblock.com\/fr\/wp-json\/wp\/v2\/product\/3305","targetHints":{"allow":["GET"]}}],"collection":[{"href":"https:\/\/www.rustblock.com\/fr\/wp-json\/wp\/v2\/product"}],"about":[{"href":"https:\/\/www.rustblock.com\/fr\/wp-json\/wp\/v2\/types\/product"}],"wp:featuredmedia":[{"embeddable":true,"href":"https:\/\/www.rustblock.com\/fr\/wp-json\/wp\/v2\/media\/3147"}],"wp:attachment":[{"href":"https:\/\/www.rustblock.com\/fr\/wp-json\/wp\/v2\/media?parent=3305"}],"wp:term":[{"taxonomy":"product_brand","embeddable":true,"href":"https:\/\/www.rustblock.com\/fr\/wp-json\/wp\/v2\/product_brand?post=3305"},{"taxonomy":"product_cat","embeddable":true,"href":"https:\/\/www.rustblock.com\/fr\/wp-json\/wp\/v2\/product_cat?post=3305"},{"taxonomy":"product_tag","embeddable":true,"href":"https:\/\/www.rustblock.com\/fr\/wp-json\/wp\/v2\/product_tag?post=3305"}],"curies":[{"name":"wp","href":"https:\/\/api.w.org\/{rel}","templated":true}]}}