{"id":3315,"date":"2026-01-26T09:00:00","date_gmt":"2026-01-26T09:00:00","guid":{"rendered":"https:\/\/www.rustblock.com\/product\/fogger-system-205l-deluxe\/"},"modified":"2023-11-16T14:33:39","modified_gmt":"2023-11-16T14:33:39","slug":"fogger-system-205l-deluxe","status":"publish","type":"product","link":"https:\/\/www.rustblock.com\/fr\/produit\/fogger-system-205l-deluxe\/","title":{"rendered":"Syst\u00e8me Fogger 205L Deluxe"},"content":{"rendered":"<div class=\"paragraph\">\n<div class=\"paragraph\">L&rsquo;\u00e9quipement antirouille Lemmer RP-1115 utilise le pistolet de qualit\u00e9 superieur F-1001 pour un contr\u00f4le et une vitesse optimal. Lorsqu&rsquo;ils sont combin\u00e9s avec une large gamme d&rsquo;accessoires tels que l&rsquo;ensemble d&rsquo;extension L015152, le syst\u00e8me Fogger offre une couverture et une productivit\u00e9 in\u00e9gal\u00e9es.<\/div>\n<div><\/div>\n<div>\n<div class=\"wsite-multicol\">\n<div class=\"wsite-multicol-table-wrap\">\n<table class=\"wsite-multicol-table\">\n<tbody class=\"wsite-multicol-tbody\">\n<tr class=\"wsite-multicol-tr\">\n<td class=\"wsite-multicol-col\">\n<div class=\"paragraph\"><strong>Fonctionnalit\u00e9s:<\/strong><br \/>\n\u2022 Qualit\u00e9 industrielle<br \/>\n\u2022 Corps de pistolet enti\u00e8rement m\u00e9tallique<br \/>\n\u2022 Facile \u00e0 utiliser<br \/>\n\u2022 Facile \u00e0 nettoyer<br \/>\n\u2022 Tirez directement du contenant<br \/>\n\u2022 Version deluxe avec boyau ultra flexible<\/div>\n<\/td>\n<td class=\"wsite-multicol-col\">\n<div class=\"paragraph\"><strong>Le syst\u00e8me comprend:<\/strong><\/p>\n<ul>\n<li>Pompe RP-1115<\/li>\n<li>Pistolet F-1001<\/li>\n<li>Boyau double de 50 pieds<\/li>\n<li>R\u00e9gulateurs d&rsquo;air doubles<\/li>\n<li>Filtreur a haute pression<\/li>\n<li>Filtre de succion<\/li>\n<\/ul>\n<\/div>\n<\/td>\n<td class=\"wsite-multicol-col\">\n<div class=\"paragraph\"><strong>Sp\u00e9cifications:<\/strong><br \/>\nPression: 6-10 cfm \u00e0 60 psi<br \/>\npression maximale:<br \/>\n125 psi au pistolet<br \/>\n125 psi \u00e0 la pompe<br \/>\nEntr\u00e9e d&rsquo;air: 1\/4 \u00ab\u00a0NPS-M<br \/>\nTaille du conteneur: pour votre barils<\/div>\n<\/td>\n<\/tr>\n<\/tbody>\n<\/table>\n<\/div>\n<\/div>\n<\/div>\n<\/div>\n<div>\n<div class=\"wsite-multicol\"><\/div>\n<\/div>\n","protected":false},"excerpt":{"rendered":"<div id=\"wsite-com-product-short-description\">\n<div class=\"paragraph\">\n<div>Le fogger est la meilleure technologie pour pulv\u00e9riser \u00e0 l&rsquo;int\u00e9rieur des cavit\u00e9s de porte et dans les zones difficiles d&rsquo;acc\u00e8s des v\u00e9hicules, des avions, des machines industrielles ou des \u00e9quipements militaires.<\/div>\n<div><\/div>\n<div>(F\u00fbt et couvercle non inclus).<\/div>\n<\/div>\n<\/div>\n","protected":false},"featured_media":3107,"template":"","meta":{"_acf_changed":false},"product_brand":[],"product_cat":[99,100],"product_tag":[],"class_list":{"0":"post-3315","1":"product","2":"type-product","3":"status-publish","4":"has-post-thumbnail","6":"product_cat-equipment-fr","7":"product_cat-lemmer-fr","9":"first","10":"instock","11":"taxable","12":"shipping-taxable","13":"purchasable","14":"product-type-simple"},"acf":[],"yoast_head":"<!-- This site is optimized with the Yoast SEO plugin v24.8.1 - https:\/\/yoast.com\/wordpress\/plugins\/seo\/ -->\n<title>Syst\u00e8me Fogger 205L Deluxe - Rustblock Automotive Corrosion Protection<\/title>\n<meta name=\"robots\" content=\"index, follow, max-snippet:-1, max-image-preview:large, max-video-preview:-1\" \/>\n<link rel=\"canonical\" href=\"https:\/\/www.rustblock.com\/fr\/produit\/fogger-system-205l-deluxe\/\" \/>\n<meta property=\"og:locale\" content=\"fr_FR\" \/>\n<meta property=\"og:type\" content=\"article\" \/>\n<meta property=\"og:title\" content=\"Syst\u00e8me Fogger 205L Deluxe - Rustblock Automotive Corrosion Protection\" \/>\n<meta property=\"og:description\" content=\"Le fogger est la meilleure technologie pour pulv\u00e9riser \u00e0 l&#039;int\u00e9rieur des cavit\u00e9s de porte et dans les zones difficiles d&#039;acc\u00e8s des v\u00e9hicules, des avions, des machines industrielles ou des \u00e9quipements militaires.  (F\u00fbt et couvercle non inclus).\" \/>\n<meta property=\"og:url\" content=\"https:\/\/www.rustblock.com\/fr\/produit\/fogger-system-205l-deluxe\/\" \/>\n<meta property=\"og:site_name\" content=\"Rustblock Automotive Corrosion Protection\" \/>\n<meta property=\"og:image\" content=\"https:\/\/www.rustblock.com\/wp-content\/uploads\/2023\/10\/Fogger-System-205L-Deluxe.jpeg\" \/>\n\t<meta property=\"og:image:width\" content=\"640\" \/>\n\t<meta property=\"og:image:height\" content=\"640\" \/>\n\t<meta property=\"og:image:type\" content=\"image\/jpeg\" \/>\n<meta name=\"twitter:card\" content=\"summary_large_image\" \/>\n<meta name=\"twitter:label1\" content=\"Dur\u00e9e de lecture estim\u00e9e\" \/>\n\t<meta name=\"twitter:data1\" content=\"1 minute\" \/>\n<script type=\"application\/ld+json\" class=\"yoast-schema-graph\">{\"@context\":\"https:\/\/schema.org\",\"@graph\":[{\"@type\":\"WebPage\",\"@id\":\"https:\/\/www.rustblock.com\/fr\/produit\/fogger-system-205l-deluxe\/\",\"url\":\"https:\/\/www.rustblock.com\/fr\/produit\/fogger-system-205l-deluxe\/\",\"name\":\"Syst\u00e8me Fogger 205L Deluxe - Rustblock Automotive Corrosion Protection\",\"isPartOf\":{\"@id\":\"https:\/\/www.rustblock.com\/fr\/#website\"},\"primaryImageOfPage\":{\"@id\":\"https:\/\/www.rustblock.com\/fr\/produit\/fogger-system-205l-deluxe\/#primaryimage\"},\"image\":{\"@id\":\"https:\/\/www.rustblock.com\/fr\/produit\/fogger-system-205l-deluxe\/#primaryimage\"},\"thumbnailUrl\":\"https:\/\/www.rustblock.com\/wp-content\/uploads\/2023\/10\/Fogger-System-205L-Deluxe.jpeg\",\"datePublished\":\"2026-01-26T09:00:00+00:00\",\"breadcrumb\":{\"@id\":\"https:\/\/www.rustblock.com\/fr\/produit\/fogger-system-205l-deluxe\/#breadcrumb\"},\"inLanguage\":\"fr-FR\",\"potentialAction\":[{\"@type\":\"ReadAction\",\"target\":[\"https:\/\/www.rustblock.com\/fr\/produit\/fogger-system-205l-deluxe\/\"]}]},{\"@type\":\"ImageObject\",\"inLanguage\":\"fr-FR\",\"@id\":\"https:\/\/www.rustblock.com\/fr\/produit\/fogger-system-205l-deluxe\/#primaryimage\",\"url\":\"https:\/\/www.rustblock.com\/wp-content\/uploads\/2023\/10\/Fogger-System-205L-Deluxe.jpeg\",\"contentUrl\":\"https:\/\/www.rustblock.com\/wp-content\/uploads\/2023\/10\/Fogger-System-205L-Deluxe.jpeg\",\"width\":640,\"height\":640,\"caption\":\"Fogger System 205L Deluxe\"},{\"@type\":\"BreadcrumbList\",\"@id\":\"https:\/\/www.rustblock.com\/fr\/produit\/fogger-system-205l-deluxe\/#breadcrumb\",\"itemListElement\":[{\"@type\":\"ListItem\",\"position\":1,\"name\":\"Home\",\"item\":\"https:\/\/www.rustblock.com\/fr\/\"},{\"@type\":\"ListItem\",\"position\":2,\"name\":\"Boutique\",\"item\":\"https:\/\/www.rustblock.com\/fr\/boutique\/\"},{\"@type\":\"ListItem\",\"position\":3,\"name\":\"Syst\u00e8me Fogger 205L Deluxe\"}]},{\"@type\":\"WebSite\",\"@id\":\"https:\/\/www.rustblock.com\/fr\/#website\",\"url\":\"https:\/\/www.rustblock.com\/fr\/\",\"name\":\"Rustblock Automotive Corrosion Protection\",\"description\":\"Rust proofing for all vehicles\",\"publisher\":{\"@id\":\"https:\/\/www.rustblock.com\/fr\/#organization\"},\"potentialAction\":[{\"@type\":\"SearchAction\",\"target\":{\"@type\":\"EntryPoint\",\"urlTemplate\":\"https:\/\/www.rustblock.com\/fr\/?s={search_term_string}\"},\"query-input\":{\"@type\":\"PropertyValueSpecification\",\"valueRequired\":true,\"valueName\":\"search_term_string\"}}],\"inLanguage\":\"fr-FR\"},{\"@type\":\"Organization\",\"@id\":\"https:\/\/www.rustblock.com\/fr\/#organization\",\"name\":\"Rustblock\",\"alternateName\":\"Rust Block Automotive Corrosion Protection\",\"url\":\"https:\/\/www.rustblock.com\/fr\/\",\"logo\":{\"@type\":\"ImageObject\",\"inLanguage\":\"fr-FR\",\"@id\":\"https:\/\/www.rustblock.com\/fr\/#\/schema\/logo\/image\/\",\"url\":\"https:\/\/www.rustblock.com\/wp-content\/uploads\/2023\/09\/main-logo.jpg\",\"contentUrl\":\"https:\/\/www.rustblock.com\/wp-content\/uploads\/2023\/09\/main-logo.jpg\",\"width\":696,\"height\":696,\"caption\":\"Rustblock\"},\"image\":{\"@id\":\"https:\/\/www.rustblock.com\/fr\/#\/schema\/logo\/image\/\"}}]}<\/script>\n<!-- \/ Yoast SEO plugin. -->","yoast_head_json":{"title":"Syst\u00e8me Fogger 205L Deluxe - Rustblock Automotive Corrosion Protection","robots":{"index":"index","follow":"follow","max-snippet":"max-snippet:-1","max-image-preview":"max-image-preview:large","max-video-preview":"max-video-preview:-1"},"canonical":"https:\/\/www.rustblock.com\/fr\/produit\/fogger-system-205l-deluxe\/","og_locale":"fr_FR","og_type":"article","og_title":"Syst\u00e8me Fogger 205L Deluxe - Rustblock Automotive Corrosion Protection","og_description":"Le fogger est la meilleure technologie pour pulv\u00e9riser \u00e0 l'int\u00e9rieur des cavit\u00e9s de porte et dans les zones difficiles d'acc\u00e8s des v\u00e9hicules, des avions, des machines industrielles ou des \u00e9quipements militaires.  (F\u00fbt et couvercle non inclus).","og_url":"https:\/\/www.rustblock.com\/fr\/produit\/fogger-system-205l-deluxe\/","og_site_name":"Rustblock Automotive Corrosion Protection","og_image":[{"width":640,"height":640,"url":"https:\/\/www.rustblock.com\/wp-content\/uploads\/2023\/10\/Fogger-System-205L-Deluxe.jpeg","type":"image\/jpeg"}],"twitter_card":"summary_large_image","twitter_misc":{"Dur\u00e9e de lecture estim\u00e9e":"1 minute"},"schema":{"@context":"https:\/\/schema.org","@graph":[{"@type":"WebPage","@id":"https:\/\/www.rustblock.com\/fr\/produit\/fogger-system-205l-deluxe\/","url":"https:\/\/www.rustblock.com\/fr\/produit\/fogger-system-205l-deluxe\/","name":"Syst\u00e8me Fogger 205L Deluxe - Rustblock Automotive Corrosion Protection","isPartOf":{"@id":"https:\/\/www.rustblock.com\/fr\/#website"},"primaryImageOfPage":{"@id":"https:\/\/www.rustblock.com\/fr\/produit\/fogger-system-205l-deluxe\/#primaryimage"},"image":{"@id":"https:\/\/www.rustblock.com\/fr\/produit\/fogger-system-205l-deluxe\/#primaryimage"},"thumbnailUrl":"https:\/\/www.rustblock.com\/wp-content\/uploads\/2023\/10\/Fogger-System-205L-Deluxe.jpeg","datePublished":"2026-01-26T09:00:00+00:00","breadcrumb":{"@id":"https:\/\/www.rustblock.com\/fr\/produit\/fogger-system-205l-deluxe\/#breadcrumb"},"inLanguage":"fr-FR","potentialAction":[{"@type":"ReadAction","target":["https:\/\/www.rustblock.com\/fr\/produit\/fogger-system-205l-deluxe\/"]}]},{"@type":"ImageObject","inLanguage":"fr-FR","@id":"https:\/\/www.rustblock.com\/fr\/produit\/fogger-system-205l-deluxe\/#primaryimage","url":"https:\/\/www.rustblock.com\/wp-content\/uploads\/2023\/10\/Fogger-System-205L-Deluxe.jpeg","contentUrl":"https:\/\/www.rustblock.com\/wp-content\/uploads\/2023\/10\/Fogger-System-205L-Deluxe.jpeg","width":640,"height":640,"caption":"Fogger System 205L Deluxe"},{"@type":"BreadcrumbList","@id":"https:\/\/www.rustblock.com\/fr\/produit\/fogger-system-205l-deluxe\/#breadcrumb","itemListElement":[{"@type":"ListItem","position":1,"name":"Home","item":"https:\/\/www.rustblock.com\/fr\/"},{"@type":"ListItem","position":2,"name":"Boutique","item":"https:\/\/www.rustblock.com\/fr\/boutique\/"},{"@type":"ListItem","position":3,"name":"Syst\u00e8me Fogger 205L Deluxe"}]},{"@type":"WebSite","@id":"https:\/\/www.rustblock.com\/fr\/#website","url":"https:\/\/www.rustblock.com\/fr\/","name":"Rustblock Automotive Corrosion Protection","description":"Rust proofing for all vehicles","publisher":{"@id":"https:\/\/www.rustblock.com\/fr\/#organization"},"potentialAction":[{"@type":"SearchAction","target":{"@type":"EntryPoint","urlTemplate":"https:\/\/www.rustblock.com\/fr\/?s={search_term_string}"},"query-input":{"@type":"PropertyValueSpecification","valueRequired":true,"valueName":"search_term_string"}}],"inLanguage":"fr-FR"},{"@type":"Organization","@id":"https:\/\/www.rustblock.com\/fr\/#organization","name":"Rustblock","alternateName":"Rust Block Automotive Corrosion Protection","url":"https:\/\/www.rustblock.com\/fr\/","logo":{"@type":"ImageObject","inLanguage":"fr-FR","@id":"https:\/\/www.rustblock.com\/fr\/#\/schema\/logo\/image\/","url":"https:\/\/www.rustblock.com\/wp-content\/uploads\/2023\/09\/main-logo.jpg","contentUrl":"https:\/\/www.rustblock.com\/wp-content\/uploads\/2023\/09\/main-logo.jpg","width":696,"height":696,"caption":"Rustblock"},"image":{"@id":"https:\/\/www.rustblock.com\/fr\/#\/schema\/logo\/image\/"}}]}},"_links":{"self":[{"href":"https:\/\/www.rustblock.com\/fr\/wp-json\/wp\/v2\/product\/3315","targetHints":{"allow":["GET"]}}],"collection":[{"href":"https:\/\/www.rustblock.com\/fr\/wp-json\/wp\/v2\/product"}],"about":[{"href":"https:\/\/www.rustblock.com\/fr\/wp-json\/wp\/v2\/types\/product"}],"wp:featuredmedia":[{"embeddable":true,"href":"https:\/\/www.rustblock.com\/fr\/wp-json\/wp\/v2\/media\/3107"}],"wp:attachment":[{"href":"https:\/\/www.rustblock.com\/fr\/wp-json\/wp\/v2\/media?parent=3315"}],"wp:term":[{"taxonomy":"product_brand","embeddable":true,"href":"https:\/\/www.rustblock.com\/fr\/wp-json\/wp\/v2\/product_brand?post=3315"},{"taxonomy":"product_cat","embeddable":true,"href":"https:\/\/www.rustblock.com\/fr\/wp-json\/wp\/v2\/product_cat?post=3315"},{"taxonomy":"product_tag","embeddable":true,"href":"https:\/\/www.rustblock.com\/fr\/wp-json\/wp\/v2\/product_tag?post=3315"}],"curies":[{"name":"wp","href":"https:\/\/api.w.org\/{rel}","templated":true}]}}