{"id":3322,"date":"2026-01-26T09:41:56","date_gmt":"2026-01-26T09:41:56","guid":{"rendered":"https:\/\/www.rustblock.com\/product\/rp-dc3100-airless-electric-rust-proofing-kit-20l\/"},"modified":"2023-11-16T14:45:01","modified_gmt":"2023-11-16T14:45:01","slug":"rp-dc3100-airless-electric-rust-proofing-kit-20l","status":"publish","type":"product","link":"https:\/\/www.rustblock.com\/fr\/produit\/rp-dc3100-airless-electric-rust-proofing-kit-20l\/","title":{"rendered":"RP-DC3100 Ensemble Antirouille \u00e9lectrique sans-air 20L"},"content":{"rendered":"<div class=\"paragraph\">\n<div class=\"paragraph\">Le produit est livr\u00e9 \u00e0 la buse de pulv\u00e9risation \u00e0 haute pression pour assurer des taux d&rsquo;application rapide et une pulv\u00e9risation fine qui atteint toutes les zones du v\u00e9hicule.<\/div>\n<div>\n<div class=\"wsite-multicol\">\n<div class=\"wsite-multicol-table-wrap\">\n<table class=\"wsite-multicol-table\">\n<tbody class=\"wsite-multicol-tbody\">\n<tr class=\"wsite-multicol-tr\">\n<td class=\"wsite-multicol-col\">\n<div class=\"paragraph\"><strong>Caract\u00e9ristiques:<\/strong><br \/>\n\u2022 Compact<br \/>\n\u2022 Moteur DC robuste<br \/>\n\u2022 Facile \u00e0 utiliser<br \/>\n\u2022 Facile \u00e0 nettoyer<br \/>\n\u2022 Prix abordable<\/div>\n<\/td>\n<td class=\"wsite-multicol-col\">\n<div class=\"paragraph\"><strong>Inclus:<\/strong><\/p>\n<ul>\n<li>Ensemble de boyau d&rsquo;aspiration 20 litres<\/li>\n<li>Boyau haute pression de 50 pieds<\/li>\n<li>Pistolet avec connecteur rapide<\/li>\n<li>Buse a jet plat 10\u00a0\u00bb r\u00e9versible (5-17)<\/li>\n<li>Extension \u00e0 45 degr\u00e9s 10 pouces avec buse a jet plat de 8\u00a0\u00bb (4-17) et boyau flexible de 3 pieds avec poign\u00e9e et union rotatif.<\/li>\n<\/ul>\n<\/div>\n<\/td>\n<td class=\"wsite-multicol-col\">\n<div class=\"paragraph\">Caract\u00e9ristiques:<br \/>\n9,5 A \u00e0 120 V<br \/>\nBuse install\u00e9e: 4-17<br \/>\nTaille du moteur: 3\/4 hp<br \/>\nPlage de pression: 0 &#8211; 3000 psi<br \/>\nSortie de volume: max 0,54 gpm<br \/>\nMax. longueur du tuyau: 300 pi.<br \/>\nMax. cordon d&rsquo;alimentation: 300 pi.<br \/>\nType de pompe: piston<br \/>\nPoids nu: 33 lb<br \/>\nPoids \u00e0 l&rsquo;exp\u00e9dition: 50 lb<br \/>\nTaille d&rsquo;exp\u00e9dition (pouces): 22L 16.5W 21H<\/div>\n<\/td>\n<\/tr>\n<\/tbody>\n<\/table>\n<\/div>\n<\/div>\n<\/div>\n<\/div>\n<div>\n<div class=\"wsite-multicol\"><\/div>\n<\/div>\n","protected":false},"excerpt":{"rendered":"<div id=\"wsite-com-product-short-description\">\n<div class=\"paragraph\">\n<div id=\"wsite-com-product-short-description\">\n<div class=\"paragraph\">Ce syst\u00e8me \u00e9lectrique sans air est excellent pour les produits antirouille conventionnels. La pompe \u00e9lectrique \u00e0 piston sans air rend ce syst\u00e8me simple \u00e0 utiliser et facile \u00e0 nettoyer.<\/div>\n<\/div>\n<\/div>\n<\/div>\n","protected":false},"featured_media":3087,"template":"","meta":{"_acf_changed":false},"product_brand":[],"product_cat":[99,100],"product_tag":[],"class_list":{"0":"post-3322","1":"product","2":"type-product","3":"status-publish","4":"has-post-thumbnail","6":"product_cat-equipment-fr","7":"product_cat-lemmer-fr","9":"first","10":"instock","11":"taxable","12":"shipping-taxable","13":"purchasable","14":"product-type-simple"},"acf":[],"yoast_head":"<!-- This site is optimized with the Yoast SEO plugin v24.8.1 - https:\/\/yoast.com\/wordpress\/plugins\/seo\/ -->\n<title>RP-DC3100 Ensemble Antirouille \u00e9lectrique sans-air 20L - Rustblock Automotive Corrosion Protection<\/title>\n<meta name=\"robots\" content=\"index, follow, max-snippet:-1, max-image-preview:large, max-video-preview:-1\" \/>\n<link rel=\"canonical\" href=\"https:\/\/www.rustblock.com\/fr\/produit\/rp-dc3100-airless-electric-rust-proofing-kit-20l\/\" \/>\n<meta property=\"og:locale\" content=\"fr_FR\" \/>\n<meta property=\"og:type\" content=\"article\" \/>\n<meta property=\"og:title\" content=\"RP-DC3100 Ensemble Antirouille \u00e9lectrique sans-air 20L - Rustblock Automotive Corrosion Protection\" \/>\n<meta property=\"og:description\" content=\"Ce syst\u00e8me \u00e9lectrique sans air est excellent pour les produits antirouille conventionnels. La pompe \u00e9lectrique \u00e0 piston sans air rend ce syst\u00e8me simple \u00e0 utiliser et facile \u00e0 nettoyer.\" \/>\n<meta property=\"og:url\" content=\"https:\/\/www.rustblock.com\/fr\/produit\/rp-dc3100-airless-electric-rust-proofing-kit-20l\/\" \/>\n<meta property=\"og:site_name\" content=\"Rustblock Automotive Corrosion Protection\" \/>\n<meta property=\"og:image\" content=\"https:\/\/www.rustblock.com\/wp-content\/uploads\/2023\/10\/RP-DC3100-Airless-Electric-Rust-Proofing-Kit-20L.jpeg\" \/>\n\t<meta property=\"og:image:width\" content=\"640\" \/>\n\t<meta property=\"og:image:height\" content=\"640\" \/>\n\t<meta property=\"og:image:type\" content=\"image\/jpeg\" \/>\n<meta name=\"twitter:card\" content=\"summary_large_image\" \/>\n<meta name=\"twitter:label1\" content=\"Dur\u00e9e de lecture estim\u00e9e\" \/>\n\t<meta name=\"twitter:data1\" content=\"1 minute\" \/>\n<script type=\"application\/ld+json\" class=\"yoast-schema-graph\">{\"@context\":\"https:\/\/schema.org\",\"@graph\":[{\"@type\":\"WebPage\",\"@id\":\"https:\/\/www.rustblock.com\/fr\/produit\/rp-dc3100-airless-electric-rust-proofing-kit-20l\/\",\"url\":\"https:\/\/www.rustblock.com\/fr\/produit\/rp-dc3100-airless-electric-rust-proofing-kit-20l\/\",\"name\":\"RP-DC3100 Ensemble Antirouille \u00e9lectrique sans-air 20L - Rustblock Automotive Corrosion Protection\",\"isPartOf\":{\"@id\":\"https:\/\/www.rustblock.com\/fr\/#website\"},\"primaryImageOfPage\":{\"@id\":\"https:\/\/www.rustblock.com\/fr\/produit\/rp-dc3100-airless-electric-rust-proofing-kit-20l\/#primaryimage\"},\"image\":{\"@id\":\"https:\/\/www.rustblock.com\/fr\/produit\/rp-dc3100-airless-electric-rust-proofing-kit-20l\/#primaryimage\"},\"thumbnailUrl\":\"https:\/\/www.rustblock.com\/wp-content\/uploads\/2023\/10\/RP-DC3100-Airless-Electric-Rust-Proofing-Kit-20L.jpeg\",\"datePublished\":\"2026-01-26T09:41:56+00:00\",\"breadcrumb\":{\"@id\":\"https:\/\/www.rustblock.com\/fr\/produit\/rp-dc3100-airless-electric-rust-proofing-kit-20l\/#breadcrumb\"},\"inLanguage\":\"fr-FR\",\"potentialAction\":[{\"@type\":\"ReadAction\",\"target\":[\"https:\/\/www.rustblock.com\/fr\/produit\/rp-dc3100-airless-electric-rust-proofing-kit-20l\/\"]}]},{\"@type\":\"ImageObject\",\"inLanguage\":\"fr-FR\",\"@id\":\"https:\/\/www.rustblock.com\/fr\/produit\/rp-dc3100-airless-electric-rust-proofing-kit-20l\/#primaryimage\",\"url\":\"https:\/\/www.rustblock.com\/wp-content\/uploads\/2023\/10\/RP-DC3100-Airless-Electric-Rust-Proofing-Kit-20L.jpeg\",\"contentUrl\":\"https:\/\/www.rustblock.com\/wp-content\/uploads\/2023\/10\/RP-DC3100-Airless-Electric-Rust-Proofing-Kit-20L.jpeg\",\"width\":640,\"height\":640,\"caption\":\"RP-DC3100 Airless Electric Rust Proofing Kit 20L\"},{\"@type\":\"BreadcrumbList\",\"@id\":\"https:\/\/www.rustblock.com\/fr\/produit\/rp-dc3100-airless-electric-rust-proofing-kit-20l\/#breadcrumb\",\"itemListElement\":[{\"@type\":\"ListItem\",\"position\":1,\"name\":\"Home\",\"item\":\"https:\/\/www.rustblock.com\/fr\/\"},{\"@type\":\"ListItem\",\"position\":2,\"name\":\"Boutique\",\"item\":\"https:\/\/www.rustblock.com\/fr\/boutique\/\"},{\"@type\":\"ListItem\",\"position\":3,\"name\":\"RP-DC3100 Ensemble Antirouille \u00e9lectrique sans-air 20L\"}]},{\"@type\":\"WebSite\",\"@id\":\"https:\/\/www.rustblock.com\/fr\/#website\",\"url\":\"https:\/\/www.rustblock.com\/fr\/\",\"name\":\"Rustblock Automotive Corrosion Protection\",\"description\":\"Rust proofing for all vehicles\",\"publisher\":{\"@id\":\"https:\/\/www.rustblock.com\/fr\/#organization\"},\"potentialAction\":[{\"@type\":\"SearchAction\",\"target\":{\"@type\":\"EntryPoint\",\"urlTemplate\":\"https:\/\/www.rustblock.com\/fr\/?s={search_term_string}\"},\"query-input\":{\"@type\":\"PropertyValueSpecification\",\"valueRequired\":true,\"valueName\":\"search_term_string\"}}],\"inLanguage\":\"fr-FR\"},{\"@type\":\"Organization\",\"@id\":\"https:\/\/www.rustblock.com\/fr\/#organization\",\"name\":\"Rustblock\",\"alternateName\":\"Rust Block Automotive Corrosion Protection\",\"url\":\"https:\/\/www.rustblock.com\/fr\/\",\"logo\":{\"@type\":\"ImageObject\",\"inLanguage\":\"fr-FR\",\"@id\":\"https:\/\/www.rustblock.com\/fr\/#\/schema\/logo\/image\/\",\"url\":\"https:\/\/www.rustblock.com\/wp-content\/uploads\/2023\/09\/main-logo.jpg\",\"contentUrl\":\"https:\/\/www.rustblock.com\/wp-content\/uploads\/2023\/09\/main-logo.jpg\",\"width\":696,\"height\":696,\"caption\":\"Rustblock\"},\"image\":{\"@id\":\"https:\/\/www.rustblock.com\/fr\/#\/schema\/logo\/image\/\"}}]}<\/script>\n<!-- \/ Yoast SEO plugin. -->","yoast_head_json":{"title":"RP-DC3100 Ensemble Antirouille \u00e9lectrique sans-air 20L - Rustblock Automotive Corrosion Protection","robots":{"index":"index","follow":"follow","max-snippet":"max-snippet:-1","max-image-preview":"max-image-preview:large","max-video-preview":"max-video-preview:-1"},"canonical":"https:\/\/www.rustblock.com\/fr\/produit\/rp-dc3100-airless-electric-rust-proofing-kit-20l\/","og_locale":"fr_FR","og_type":"article","og_title":"RP-DC3100 Ensemble Antirouille \u00e9lectrique sans-air 20L - Rustblock Automotive Corrosion Protection","og_description":"Ce syst\u00e8me \u00e9lectrique sans air est excellent pour les produits antirouille conventionnels. La pompe \u00e9lectrique \u00e0 piston sans air rend ce syst\u00e8me simple \u00e0 utiliser et facile \u00e0 nettoyer.","og_url":"https:\/\/www.rustblock.com\/fr\/produit\/rp-dc3100-airless-electric-rust-proofing-kit-20l\/","og_site_name":"Rustblock Automotive Corrosion Protection","og_image":[{"width":640,"height":640,"url":"https:\/\/www.rustblock.com\/wp-content\/uploads\/2023\/10\/RP-DC3100-Airless-Electric-Rust-Proofing-Kit-20L.jpeg","type":"image\/jpeg"}],"twitter_card":"summary_large_image","twitter_misc":{"Dur\u00e9e de lecture estim\u00e9e":"1 minute"},"schema":{"@context":"https:\/\/schema.org","@graph":[{"@type":"WebPage","@id":"https:\/\/www.rustblock.com\/fr\/produit\/rp-dc3100-airless-electric-rust-proofing-kit-20l\/","url":"https:\/\/www.rustblock.com\/fr\/produit\/rp-dc3100-airless-electric-rust-proofing-kit-20l\/","name":"RP-DC3100 Ensemble Antirouille \u00e9lectrique sans-air 20L - Rustblock Automotive Corrosion Protection","isPartOf":{"@id":"https:\/\/www.rustblock.com\/fr\/#website"},"primaryImageOfPage":{"@id":"https:\/\/www.rustblock.com\/fr\/produit\/rp-dc3100-airless-electric-rust-proofing-kit-20l\/#primaryimage"},"image":{"@id":"https:\/\/www.rustblock.com\/fr\/produit\/rp-dc3100-airless-electric-rust-proofing-kit-20l\/#primaryimage"},"thumbnailUrl":"https:\/\/www.rustblock.com\/wp-content\/uploads\/2023\/10\/RP-DC3100-Airless-Electric-Rust-Proofing-Kit-20L.jpeg","datePublished":"2026-01-26T09:41:56+00:00","breadcrumb":{"@id":"https:\/\/www.rustblock.com\/fr\/produit\/rp-dc3100-airless-electric-rust-proofing-kit-20l\/#breadcrumb"},"inLanguage":"fr-FR","potentialAction":[{"@type":"ReadAction","target":["https:\/\/www.rustblock.com\/fr\/produit\/rp-dc3100-airless-electric-rust-proofing-kit-20l\/"]}]},{"@type":"ImageObject","inLanguage":"fr-FR","@id":"https:\/\/www.rustblock.com\/fr\/produit\/rp-dc3100-airless-electric-rust-proofing-kit-20l\/#primaryimage","url":"https:\/\/www.rustblock.com\/wp-content\/uploads\/2023\/10\/RP-DC3100-Airless-Electric-Rust-Proofing-Kit-20L.jpeg","contentUrl":"https:\/\/www.rustblock.com\/wp-content\/uploads\/2023\/10\/RP-DC3100-Airless-Electric-Rust-Proofing-Kit-20L.jpeg","width":640,"height":640,"caption":"RP-DC3100 Airless Electric Rust Proofing Kit 20L"},{"@type":"BreadcrumbList","@id":"https:\/\/www.rustblock.com\/fr\/produit\/rp-dc3100-airless-electric-rust-proofing-kit-20l\/#breadcrumb","itemListElement":[{"@type":"ListItem","position":1,"name":"Home","item":"https:\/\/www.rustblock.com\/fr\/"},{"@type":"ListItem","position":2,"name":"Boutique","item":"https:\/\/www.rustblock.com\/fr\/boutique\/"},{"@type":"ListItem","position":3,"name":"RP-DC3100 Ensemble Antirouille \u00e9lectrique sans-air 20L"}]},{"@type":"WebSite","@id":"https:\/\/www.rustblock.com\/fr\/#website","url":"https:\/\/www.rustblock.com\/fr\/","name":"Rustblock Automotive Corrosion Protection","description":"Rust proofing for all vehicles","publisher":{"@id":"https:\/\/www.rustblock.com\/fr\/#organization"},"potentialAction":[{"@type":"SearchAction","target":{"@type":"EntryPoint","urlTemplate":"https:\/\/www.rustblock.com\/fr\/?s={search_term_string}"},"query-input":{"@type":"PropertyValueSpecification","valueRequired":true,"valueName":"search_term_string"}}],"inLanguage":"fr-FR"},{"@type":"Organization","@id":"https:\/\/www.rustblock.com\/fr\/#organization","name":"Rustblock","alternateName":"Rust Block Automotive Corrosion Protection","url":"https:\/\/www.rustblock.com\/fr\/","logo":{"@type":"ImageObject","inLanguage":"fr-FR","@id":"https:\/\/www.rustblock.com\/fr\/#\/schema\/logo\/image\/","url":"https:\/\/www.rustblock.com\/wp-content\/uploads\/2023\/09\/main-logo.jpg","contentUrl":"https:\/\/www.rustblock.com\/wp-content\/uploads\/2023\/09\/main-logo.jpg","width":696,"height":696,"caption":"Rustblock"},"image":{"@id":"https:\/\/www.rustblock.com\/fr\/#\/schema\/logo\/image\/"}}]}},"_links":{"self":[{"href":"https:\/\/www.rustblock.com\/fr\/wp-json\/wp\/v2\/product\/3322","targetHints":{"allow":["GET"]}}],"collection":[{"href":"https:\/\/www.rustblock.com\/fr\/wp-json\/wp\/v2\/product"}],"about":[{"href":"https:\/\/www.rustblock.com\/fr\/wp-json\/wp\/v2\/types\/product"}],"wp:featuredmedia":[{"embeddable":true,"href":"https:\/\/www.rustblock.com\/fr\/wp-json\/wp\/v2\/media\/3087"}],"wp:attachment":[{"href":"https:\/\/www.rustblock.com\/fr\/wp-json\/wp\/v2\/media?parent=3322"}],"wp:term":[{"taxonomy":"product_brand","embeddable":true,"href":"https:\/\/www.rustblock.com\/fr\/wp-json\/wp\/v2\/product_brand?post=3322"},{"taxonomy":"product_cat","embeddable":true,"href":"https:\/\/www.rustblock.com\/fr\/wp-json\/wp\/v2\/product_cat?post=3322"},{"taxonomy":"product_tag","embeddable":true,"href":"https:\/\/www.rustblock.com\/fr\/wp-json\/wp\/v2\/product_tag?post=3322"}],"curies":[{"name":"wp","href":"https:\/\/api.w.org\/{rel}","templated":true}]}}