{"id":3331,"date":"2026-01-25T09:15:52","date_gmt":"2026-01-25T09:15:52","guid":{"rendered":"https:\/\/www.rustblock.com\/product\/pneumatic-airless-system-205l\/"},"modified":"2023-11-16T15:10:46","modified_gmt":"2023-11-16T15:10:46","slug":"pneumatic-airless-system-205l","status":"publish","type":"product","link":"https:\/\/www.rustblock.com\/fr\/produit\/pneumatic-airless-system-205l\/","title":{"rendered":"Syst\u00e8me pneumatique sans air 205L"},"content":{"rendered":"<div>\n<div class=\"wsite-multicol\">\n<div class=\"wsite-multicol-table-wrap\">\n<div>\n<div class=\"wsite-multicol\">\n<div class=\"wsite-multicol-table-wrap\">\n<table class=\"wsite-multicol-table\">\n<tbody class=\"wsite-multicol-tbody\">\n<tr class=\"wsite-multicol-tr\">\n<td class=\"wsite-multicol-col\">\n<div id=\"810959426979323231\">\n<div>\n<div id=\"element-4a4ddcfb-4743-4538-90c0-913d148c715b\" class=\"platform-element-contents\" data-platform-element-id=\"713898840122556725-1.2.4\">\n<div class=\"lang_specific lang_fr\">\n<div>\n<div class=\"paragraph\">Le produit est livr\u00e9 \u00e0 la buse de pulv\u00e9risation \u00e0 haute pression pour assurer des taux d&rsquo;application rapide et une pulv\u00e9risation fine qui atteint toutes les zones du v\u00e9hicule.<\/div>\n<\/div>\n<\/div>\n<\/div>\n<div><\/div>\n<\/div>\n<\/div>\n<\/td>\n<\/tr>\n<\/tbody>\n<\/table>\n<\/div>\n<\/div>\n<\/div>\n<div id=\"185926964371764389\">\n<div>\n<div id=\"element-47165a18-baa9-4112-b6c5-54d0062414fe\" class=\"platform-element-contents\" data-platform-element-id=\"713898840122556725-1.2.4\">\n<div class=\"lang_specific lang_fr\">\n<div>\n<div><\/div>\n<div>\n<div class=\"wsite-multicol\">\n<div class=\"wsite-multicol-table-wrap\">\n<table class=\"wsite-multicol-table\">\n<tbody class=\"wsite-multicol-tbody\">\n<tr class=\"wsite-multicol-tr\">\n<td class=\"wsite-multicol-col\">\n<div class=\"paragraph\"><strong>Fonctionnalit\u00e9s:<\/strong><br \/>\n\u2022 Qualit\u00e9 industrielle<br \/>\n\u2022 Facile \u00e0 utiliser<br \/>\n\u2022 Facile \u00e0 nettoyer<br \/>\n\u2022 Vitesse d&rsquo;application \u00e9lev\u00e9e<\/div>\n<\/td>\n<td class=\"wsite-multicol-col\">\n<div class=\"paragraph\"><strong>Inclus dans cette Ensemble:<\/strong><\/p>\n<ul>\n<li>Pompe RP-1115<\/li>\n<li>Pistolet L-50 avec raccord rapide<\/li>\n<li>Boyau de 25 pieds<\/li>\n<li>Buse a jet plat 10\u00a0\u00bb r\u00e9versible (5-17)<\/li>\n<li>Extension \u00e0 45 degr\u00e9s 10 pouces avec buse a jet plat de 8\u00a0\u00bb (4-17) et boyau flexible de 3 pieds avec poign\u00e9e et union rotatif.<\/li>\n<li>R\u00e9gulateur de pression d&rsquo;air<\/li>\n<li>Adaptateur de bonde 2 \u00ab\u00a0<\/li>\n<\/ul>\n<\/div>\n<\/td>\n<td class=\"wsite-multicol-col\">\n<div class=\"paragraph\"><strong>Caract\u00e9ristiques:<\/strong><br \/>\nPression: 3-5 cfm \u00e0 60 psi<br \/>\npression d&rsquo;entr\u00e9e d&rsquo;air maximale: 125 psi<br \/>\nEntr\u00e9e d&rsquo;air: 1\/4 \u00ab\u00a0NPS-F<br \/>\nTaille du conteneur: pour votre baril<\/div>\n<\/td>\n<\/tr>\n<\/tbody>\n<\/table>\n<\/div>\n<\/div>\n<\/div>\n<\/div>\n<\/div>\n<\/div>\n<\/div>\n<\/div>\n<\/div>\n<\/div>\n<\/div>\n<div id=\"750181774682384228\">\n<div>\n<div id=\"element-5a129b48-e638-40a6-a1f8-89d17f555d03\" class=\"platform-element-contents\" data-platform-element-id=\"713898840122556725-1.2.4\">\n<div class=\"lang_specific lang_en\">\n<div>\n<div>\n<div class=\"wsite-multicol\"><\/div>\n<\/div>\n<\/div>\n<\/div>\n<\/div>\n<\/div>\n<\/div>\n","protected":false},"excerpt":{"rendered":"<div id=\"wsite-com-product-short-description\">\n<div class=\"paragraph\">\n<div id=\"wsite-com-product-short-description\">\n<div class=\"paragraph\">\n<div>Syst\u00e8me sans-air complet pour un f\u00fbt de 205 litres. \u00c0 utiliser avec la plupart des produits antirouille.<\/div>\n<div>(fut et couvercle non inclus).<\/div>\n<\/div>\n<\/div>\n<\/div>\n<\/div>\n","protected":false},"featured_media":3057,"template":"","meta":{"_acf_changed":false},"product_brand":[],"product_cat":[99,100],"product_tag":[],"class_list":{"0":"post-3331","1":"product","2":"type-product","3":"status-publish","4":"has-post-thumbnail","6":"product_cat-equipment-fr","7":"product_cat-lemmer-fr","9":"first","10":"instock","11":"taxable","12":"shipping-taxable","13":"purchasable","14":"product-type-simple"},"acf":[],"yoast_head":"<!-- This site is optimized with the Yoast SEO plugin v24.8.1 - https:\/\/yoast.com\/wordpress\/plugins\/seo\/ -->\n<title>Syst\u00e8me pneumatique sans air 205L - Rustblock Automotive Corrosion Protection<\/title>\n<meta name=\"robots\" content=\"index, follow, max-snippet:-1, max-image-preview:large, max-video-preview:-1\" \/>\n<link rel=\"canonical\" href=\"https:\/\/www.rustblock.com\/fr\/produit\/pneumatic-airless-system-205l\/\" \/>\n<meta property=\"og:locale\" content=\"fr_FR\" \/>\n<meta property=\"og:type\" content=\"article\" \/>\n<meta property=\"og:title\" content=\"Syst\u00e8me pneumatique sans air 205L - Rustblock Automotive Corrosion Protection\" \/>\n<meta property=\"og:description\" content=\"Syst\u00e8me sans-air complet pour un f\u00fbt de 205 litres. \u00c0 utiliser avec la plupart des produits antirouille. (fut et couvercle non inclus).\" \/>\n<meta property=\"og:url\" content=\"https:\/\/www.rustblock.com\/fr\/produit\/pneumatic-airless-system-205l\/\" \/>\n<meta property=\"og:site_name\" content=\"Rustblock Automotive Corrosion Protection\" \/>\n<meta property=\"og:image\" content=\"https:\/\/www.rustblock.com\/wp-content\/uploads\/2023\/10\/Pneumatic-Airless-System-205L.jpeg\" \/>\n\t<meta property=\"og:image:width\" content=\"640\" \/>\n\t<meta property=\"og:image:height\" content=\"640\" \/>\n\t<meta property=\"og:image:type\" content=\"image\/jpeg\" \/>\n<meta name=\"twitter:card\" content=\"summary_large_image\" \/>\n<meta name=\"twitter:label1\" content=\"Dur\u00e9e de lecture estim\u00e9e\" \/>\n\t<meta name=\"twitter:data1\" content=\"1 minute\" \/>\n<script type=\"application\/ld+json\" class=\"yoast-schema-graph\">{\"@context\":\"https:\/\/schema.org\",\"@graph\":[{\"@type\":\"WebPage\",\"@id\":\"https:\/\/www.rustblock.com\/fr\/produit\/pneumatic-airless-system-205l\/\",\"url\":\"https:\/\/www.rustblock.com\/fr\/produit\/pneumatic-airless-system-205l\/\",\"name\":\"Syst\u00e8me pneumatique sans air 205L - Rustblock Automotive Corrosion Protection\",\"isPartOf\":{\"@id\":\"https:\/\/www.rustblock.com\/fr\/#website\"},\"primaryImageOfPage\":{\"@id\":\"https:\/\/www.rustblock.com\/fr\/produit\/pneumatic-airless-system-205l\/#primaryimage\"},\"image\":{\"@id\":\"https:\/\/www.rustblock.com\/fr\/produit\/pneumatic-airless-system-205l\/#primaryimage\"},\"thumbnailUrl\":\"https:\/\/www.rustblock.com\/wp-content\/uploads\/2023\/10\/Pneumatic-Airless-System-205L.jpeg\",\"datePublished\":\"2026-01-25T09:15:52+00:00\",\"breadcrumb\":{\"@id\":\"https:\/\/www.rustblock.com\/fr\/produit\/pneumatic-airless-system-205l\/#breadcrumb\"},\"inLanguage\":\"fr-FR\",\"potentialAction\":[{\"@type\":\"ReadAction\",\"target\":[\"https:\/\/www.rustblock.com\/fr\/produit\/pneumatic-airless-system-205l\/\"]}]},{\"@type\":\"ImageObject\",\"inLanguage\":\"fr-FR\",\"@id\":\"https:\/\/www.rustblock.com\/fr\/produit\/pneumatic-airless-system-205l\/#primaryimage\",\"url\":\"https:\/\/www.rustblock.com\/wp-content\/uploads\/2023\/10\/Pneumatic-Airless-System-205L.jpeg\",\"contentUrl\":\"https:\/\/www.rustblock.com\/wp-content\/uploads\/2023\/10\/Pneumatic-Airless-System-205L.jpeg\",\"width\":640,\"height\":640,\"caption\":\"Pneumatic Airless System 205L\"},{\"@type\":\"BreadcrumbList\",\"@id\":\"https:\/\/www.rustblock.com\/fr\/produit\/pneumatic-airless-system-205l\/#breadcrumb\",\"itemListElement\":[{\"@type\":\"ListItem\",\"position\":1,\"name\":\"Home\",\"item\":\"https:\/\/www.rustblock.com\/fr\/\"},{\"@type\":\"ListItem\",\"position\":2,\"name\":\"Boutique\",\"item\":\"https:\/\/www.rustblock.com\/fr\/boutique\/\"},{\"@type\":\"ListItem\",\"position\":3,\"name\":\"Syst\u00e8me pneumatique sans air 205L\"}]},{\"@type\":\"WebSite\",\"@id\":\"https:\/\/www.rustblock.com\/fr\/#website\",\"url\":\"https:\/\/www.rustblock.com\/fr\/\",\"name\":\"Rustblock Automotive Corrosion Protection\",\"description\":\"Rust proofing for all vehicles\",\"publisher\":{\"@id\":\"https:\/\/www.rustblock.com\/fr\/#organization\"},\"potentialAction\":[{\"@type\":\"SearchAction\",\"target\":{\"@type\":\"EntryPoint\",\"urlTemplate\":\"https:\/\/www.rustblock.com\/fr\/?s={search_term_string}\"},\"query-input\":{\"@type\":\"PropertyValueSpecification\",\"valueRequired\":true,\"valueName\":\"search_term_string\"}}],\"inLanguage\":\"fr-FR\"},{\"@type\":\"Organization\",\"@id\":\"https:\/\/www.rustblock.com\/fr\/#organization\",\"name\":\"Rustblock\",\"alternateName\":\"Rust Block Automotive Corrosion Protection\",\"url\":\"https:\/\/www.rustblock.com\/fr\/\",\"logo\":{\"@type\":\"ImageObject\",\"inLanguage\":\"fr-FR\",\"@id\":\"https:\/\/www.rustblock.com\/fr\/#\/schema\/logo\/image\/\",\"url\":\"https:\/\/www.rustblock.com\/wp-content\/uploads\/2023\/09\/main-logo.jpg\",\"contentUrl\":\"https:\/\/www.rustblock.com\/wp-content\/uploads\/2023\/09\/main-logo.jpg\",\"width\":696,\"height\":696,\"caption\":\"Rustblock\"},\"image\":{\"@id\":\"https:\/\/www.rustblock.com\/fr\/#\/schema\/logo\/image\/\"}}]}<\/script>\n<!-- \/ Yoast SEO plugin. -->","yoast_head_json":{"title":"Syst\u00e8me pneumatique sans air 205L - Rustblock Automotive Corrosion Protection","robots":{"index":"index","follow":"follow","max-snippet":"max-snippet:-1","max-image-preview":"max-image-preview:large","max-video-preview":"max-video-preview:-1"},"canonical":"https:\/\/www.rustblock.com\/fr\/produit\/pneumatic-airless-system-205l\/","og_locale":"fr_FR","og_type":"article","og_title":"Syst\u00e8me pneumatique sans air 205L - Rustblock Automotive Corrosion Protection","og_description":"Syst\u00e8me sans-air complet pour un f\u00fbt de 205 litres. \u00c0 utiliser avec la plupart des produits antirouille. (fut et couvercle non inclus).","og_url":"https:\/\/www.rustblock.com\/fr\/produit\/pneumatic-airless-system-205l\/","og_site_name":"Rustblock Automotive Corrosion Protection","og_image":[{"width":640,"height":640,"url":"https:\/\/www.rustblock.com\/wp-content\/uploads\/2023\/10\/Pneumatic-Airless-System-205L.jpeg","type":"image\/jpeg"}],"twitter_card":"summary_large_image","twitter_misc":{"Dur\u00e9e de lecture estim\u00e9e":"1 minute"},"schema":{"@context":"https:\/\/schema.org","@graph":[{"@type":"WebPage","@id":"https:\/\/www.rustblock.com\/fr\/produit\/pneumatic-airless-system-205l\/","url":"https:\/\/www.rustblock.com\/fr\/produit\/pneumatic-airless-system-205l\/","name":"Syst\u00e8me pneumatique sans air 205L - Rustblock Automotive Corrosion Protection","isPartOf":{"@id":"https:\/\/www.rustblock.com\/fr\/#website"},"primaryImageOfPage":{"@id":"https:\/\/www.rustblock.com\/fr\/produit\/pneumatic-airless-system-205l\/#primaryimage"},"image":{"@id":"https:\/\/www.rustblock.com\/fr\/produit\/pneumatic-airless-system-205l\/#primaryimage"},"thumbnailUrl":"https:\/\/www.rustblock.com\/wp-content\/uploads\/2023\/10\/Pneumatic-Airless-System-205L.jpeg","datePublished":"2026-01-25T09:15:52+00:00","breadcrumb":{"@id":"https:\/\/www.rustblock.com\/fr\/produit\/pneumatic-airless-system-205l\/#breadcrumb"},"inLanguage":"fr-FR","potentialAction":[{"@type":"ReadAction","target":["https:\/\/www.rustblock.com\/fr\/produit\/pneumatic-airless-system-205l\/"]}]},{"@type":"ImageObject","inLanguage":"fr-FR","@id":"https:\/\/www.rustblock.com\/fr\/produit\/pneumatic-airless-system-205l\/#primaryimage","url":"https:\/\/www.rustblock.com\/wp-content\/uploads\/2023\/10\/Pneumatic-Airless-System-205L.jpeg","contentUrl":"https:\/\/www.rustblock.com\/wp-content\/uploads\/2023\/10\/Pneumatic-Airless-System-205L.jpeg","width":640,"height":640,"caption":"Pneumatic Airless System 205L"},{"@type":"BreadcrumbList","@id":"https:\/\/www.rustblock.com\/fr\/produit\/pneumatic-airless-system-205l\/#breadcrumb","itemListElement":[{"@type":"ListItem","position":1,"name":"Home","item":"https:\/\/www.rustblock.com\/fr\/"},{"@type":"ListItem","position":2,"name":"Boutique","item":"https:\/\/www.rustblock.com\/fr\/boutique\/"},{"@type":"ListItem","position":3,"name":"Syst\u00e8me pneumatique sans air 205L"}]},{"@type":"WebSite","@id":"https:\/\/www.rustblock.com\/fr\/#website","url":"https:\/\/www.rustblock.com\/fr\/","name":"Rustblock Automotive Corrosion Protection","description":"Rust proofing for all vehicles","publisher":{"@id":"https:\/\/www.rustblock.com\/fr\/#organization"},"potentialAction":[{"@type":"SearchAction","target":{"@type":"EntryPoint","urlTemplate":"https:\/\/www.rustblock.com\/fr\/?s={search_term_string}"},"query-input":{"@type":"PropertyValueSpecification","valueRequired":true,"valueName":"search_term_string"}}],"inLanguage":"fr-FR"},{"@type":"Organization","@id":"https:\/\/www.rustblock.com\/fr\/#organization","name":"Rustblock","alternateName":"Rust Block Automotive Corrosion Protection","url":"https:\/\/www.rustblock.com\/fr\/","logo":{"@type":"ImageObject","inLanguage":"fr-FR","@id":"https:\/\/www.rustblock.com\/fr\/#\/schema\/logo\/image\/","url":"https:\/\/www.rustblock.com\/wp-content\/uploads\/2023\/09\/main-logo.jpg","contentUrl":"https:\/\/www.rustblock.com\/wp-content\/uploads\/2023\/09\/main-logo.jpg","width":696,"height":696,"caption":"Rustblock"},"image":{"@id":"https:\/\/www.rustblock.com\/fr\/#\/schema\/logo\/image\/"}}]}},"_links":{"self":[{"href":"https:\/\/www.rustblock.com\/fr\/wp-json\/wp\/v2\/product\/3331","targetHints":{"allow":["GET"]}}],"collection":[{"href":"https:\/\/www.rustblock.com\/fr\/wp-json\/wp\/v2\/product"}],"about":[{"href":"https:\/\/www.rustblock.com\/fr\/wp-json\/wp\/v2\/types\/product"}],"wp:featuredmedia":[{"embeddable":true,"href":"https:\/\/www.rustblock.com\/fr\/wp-json\/wp\/v2\/media\/3057"}],"wp:attachment":[{"href":"https:\/\/www.rustblock.com\/fr\/wp-json\/wp\/v2\/media?parent=3331"}],"wp:term":[{"taxonomy":"product_brand","embeddable":true,"href":"https:\/\/www.rustblock.com\/fr\/wp-json\/wp\/v2\/product_brand?post=3331"},{"taxonomy":"product_cat","embeddable":true,"href":"https:\/\/www.rustblock.com\/fr\/wp-json\/wp\/v2\/product_cat?post=3331"},{"taxonomy":"product_tag","embeddable":true,"href":"https:\/\/www.rustblock.com\/fr\/wp-json\/wp\/v2\/product_tag?post=3331"}],"curies":[{"name":"wp","href":"https:\/\/api.w.org\/{rel}","templated":true}]}}