{"id":3349,"date":"2026-01-26T02:36:27","date_gmt":"2026-01-26T02:36:27","guid":{"rendered":"https:\/\/www.rustblock.com\/product\/high-pressure-filter-kit-100-mesh-6-pcs\/"},"modified":"2023-11-16T15:59:17","modified_gmt":"2023-11-16T15:59:17","slug":"high-pressure-filter-kit-100-mesh-6-pcs","status":"publish","type":"product","link":"https:\/\/www.rustblock.com\/fr\/produit\/high-pressure-filter-kit-100-mesh-6-pcs\/","title":{"rendered":"Ensemble de filtre haute pression &#8211; 100 mesh (6 pcs)"},"content":{"rendered":"","protected":false},"excerpt":{"rendered":"<div id=\"wsite-com-product-short-description\">\n<div class=\"paragraph\">\n<div id=\"wsite-com-product-short-description\">\n<div class=\"paragraph\">Les filtres pour poign\u00e9e des pistolet Lemmer ont une conception moul\u00e9e d&rsquo;une seule pi\u00e8ce et garantissent une filtration \u00e0 100%. L&rsquo;extr\u00e9mit\u00e9 \u00e0 double l\u00e8vre du filtre indique l&rsquo;extr\u00e9mit\u00e9 qui entre en premier dans le pistolet.<\/p>\n<p>Pour pistolets Lemmer &amp; Wagner.<\/p>\n<p>5 filtres + 1 ressort<\/p><\/div>\n<\/div>\n<\/div>\n<\/div>\n","protected":false},"featured_media":2986,"template":"","meta":{"_acf_changed":false},"product_brand":[],"product_cat":[99,100],"product_tag":[],"class_list":{"0":"post-3349","1":"product","2":"type-product","3":"status-publish","4":"has-post-thumbnail","6":"product_cat-equipment-fr","7":"product_cat-lemmer-fr","9":"first","10":"instock","11":"taxable","12":"shipping-taxable","13":"purchasable","14":"product-type-simple"},"acf":[],"yoast_head":"<!-- This site is optimized with the Yoast SEO plugin v24.8.1 - https:\/\/yoast.com\/wordpress\/plugins\/seo\/ -->\n<title>Ensemble de filtre haute pression - 100 mesh (6 pcs) - Rustblock Automotive Corrosion Protection<\/title>\n<meta name=\"robots\" content=\"index, follow, max-snippet:-1, max-image-preview:large, max-video-preview:-1\" \/>\n<link rel=\"canonical\" href=\"https:\/\/www.rustblock.com\/fr\/produit\/high-pressure-filter-kit-100-mesh-6-pcs\/\" \/>\n<meta property=\"og:locale\" content=\"fr_FR\" \/>\n<meta property=\"og:type\" content=\"article\" \/>\n<meta property=\"og:title\" content=\"Ensemble de filtre haute pression - 100 mesh (6 pcs) - Rustblock Automotive Corrosion Protection\" \/>\n<meta property=\"og:description\" content=\"Les filtres pour poign\u00e9e des pistolet Lemmer ont une conception moul\u00e9e d&#039;une seule pi\u00e8ce et garantissent une filtration \u00e0 100%. L&#039;extr\u00e9mit\u00e9 \u00e0 double l\u00e8vre du filtre indique l&#039;extr\u00e9mit\u00e9 qui entre en premier dans le pistolet.  Pour pistolets Lemmer &amp; Wagner.  5 filtres + 1 ressort\" \/>\n<meta property=\"og:url\" content=\"https:\/\/www.rustblock.com\/fr\/produit\/high-pressure-filter-kit-100-mesh-6-pcs\/\" \/>\n<meta property=\"og:site_name\" content=\"Rustblock Automotive Corrosion Protection\" \/>\n<meta property=\"og:image\" content=\"https:\/\/www.rustblock.com\/wp-content\/uploads\/2023\/10\/High-Pressure-Filter-Kit-100-mesh-6-pcs.webp\" \/>\n\t<meta property=\"og:image:width\" content=\"640\" \/>\n\t<meta property=\"og:image:height\" content=\"640\" \/>\n\t<meta property=\"og:image:type\" content=\"image\/webp\" \/>\n<meta name=\"twitter:card\" content=\"summary_large_image\" \/>\n<script type=\"application\/ld+json\" class=\"yoast-schema-graph\">{\"@context\":\"https:\/\/schema.org\",\"@graph\":[{\"@type\":\"WebPage\",\"@id\":\"https:\/\/www.rustblock.com\/fr\/produit\/high-pressure-filter-kit-100-mesh-6-pcs\/\",\"url\":\"https:\/\/www.rustblock.com\/fr\/produit\/high-pressure-filter-kit-100-mesh-6-pcs\/\",\"name\":\"Ensemble de filtre haute pression - 100 mesh (6 pcs) - Rustblock Automotive Corrosion Protection\",\"isPartOf\":{\"@id\":\"https:\/\/www.rustblock.com\/fr\/#website\"},\"primaryImageOfPage\":{\"@id\":\"https:\/\/www.rustblock.com\/fr\/produit\/high-pressure-filter-kit-100-mesh-6-pcs\/#primaryimage\"},\"image\":{\"@id\":\"https:\/\/www.rustblock.com\/fr\/produit\/high-pressure-filter-kit-100-mesh-6-pcs\/#primaryimage\"},\"thumbnailUrl\":\"https:\/\/www.rustblock.com\/wp-content\/uploads\/2023\/10\/High-Pressure-Filter-Kit-100-mesh-6-pcs.webp\",\"datePublished\":\"2026-01-26T02:36:27+00:00\",\"breadcrumb\":{\"@id\":\"https:\/\/www.rustblock.com\/fr\/produit\/high-pressure-filter-kit-100-mesh-6-pcs\/#breadcrumb\"},\"inLanguage\":\"fr-FR\",\"potentialAction\":[{\"@type\":\"ReadAction\",\"target\":[\"https:\/\/www.rustblock.com\/fr\/produit\/high-pressure-filter-kit-100-mesh-6-pcs\/\"]}]},{\"@type\":\"ImageObject\",\"inLanguage\":\"fr-FR\",\"@id\":\"https:\/\/www.rustblock.com\/fr\/produit\/high-pressure-filter-kit-100-mesh-6-pcs\/#primaryimage\",\"url\":\"https:\/\/www.rustblock.com\/wp-content\/uploads\/2023\/10\/High-Pressure-Filter-Kit-100-mesh-6-pcs.webp\",\"contentUrl\":\"https:\/\/www.rustblock.com\/wp-content\/uploads\/2023\/10\/High-Pressure-Filter-Kit-100-mesh-6-pcs.webp\",\"width\":640,\"height\":640,\"caption\":\"High Pressure Filter Kit - 100 mesh (6 pcs)\"},{\"@type\":\"BreadcrumbList\",\"@id\":\"https:\/\/www.rustblock.com\/fr\/produit\/high-pressure-filter-kit-100-mesh-6-pcs\/#breadcrumb\",\"itemListElement\":[{\"@type\":\"ListItem\",\"position\":1,\"name\":\"Home\",\"item\":\"https:\/\/www.rustblock.com\/fr\/\"},{\"@type\":\"ListItem\",\"position\":2,\"name\":\"Boutique\",\"item\":\"https:\/\/www.rustblock.com\/fr\/boutique\/\"},{\"@type\":\"ListItem\",\"position\":3,\"name\":\"Ensemble de filtre haute pression &#8211; 100 mesh (6 pcs)\"}]},{\"@type\":\"WebSite\",\"@id\":\"https:\/\/www.rustblock.com\/fr\/#website\",\"url\":\"https:\/\/www.rustblock.com\/fr\/\",\"name\":\"Rustblock Automotive Corrosion Protection\",\"description\":\"Rust proofing for all vehicles\",\"publisher\":{\"@id\":\"https:\/\/www.rustblock.com\/fr\/#organization\"},\"potentialAction\":[{\"@type\":\"SearchAction\",\"target\":{\"@type\":\"EntryPoint\",\"urlTemplate\":\"https:\/\/www.rustblock.com\/fr\/?s={search_term_string}\"},\"query-input\":{\"@type\":\"PropertyValueSpecification\",\"valueRequired\":true,\"valueName\":\"search_term_string\"}}],\"inLanguage\":\"fr-FR\"},{\"@type\":\"Organization\",\"@id\":\"https:\/\/www.rustblock.com\/fr\/#organization\",\"name\":\"Rustblock\",\"alternateName\":\"Rust Block Automotive Corrosion Protection\",\"url\":\"https:\/\/www.rustblock.com\/fr\/\",\"logo\":{\"@type\":\"ImageObject\",\"inLanguage\":\"fr-FR\",\"@id\":\"https:\/\/www.rustblock.com\/fr\/#\/schema\/logo\/image\/\",\"url\":\"https:\/\/www.rustblock.com\/wp-content\/uploads\/2023\/09\/main-logo.jpg\",\"contentUrl\":\"https:\/\/www.rustblock.com\/wp-content\/uploads\/2023\/09\/main-logo.jpg\",\"width\":696,\"height\":696,\"caption\":\"Rustblock\"},\"image\":{\"@id\":\"https:\/\/www.rustblock.com\/fr\/#\/schema\/logo\/image\/\"}}]}<\/script>\n<!-- \/ Yoast SEO plugin. -->","yoast_head_json":{"title":"Ensemble de filtre haute pression - 100 mesh (6 pcs) - Rustblock Automotive Corrosion Protection","robots":{"index":"index","follow":"follow","max-snippet":"max-snippet:-1","max-image-preview":"max-image-preview:large","max-video-preview":"max-video-preview:-1"},"canonical":"https:\/\/www.rustblock.com\/fr\/produit\/high-pressure-filter-kit-100-mesh-6-pcs\/","og_locale":"fr_FR","og_type":"article","og_title":"Ensemble de filtre haute pression - 100 mesh (6 pcs) - Rustblock Automotive Corrosion Protection","og_description":"Les filtres pour poign\u00e9e des pistolet Lemmer ont une conception moul\u00e9e d'une seule pi\u00e8ce et garantissent une filtration \u00e0 100%. L'extr\u00e9mit\u00e9 \u00e0 double l\u00e8vre du filtre indique l'extr\u00e9mit\u00e9 qui entre en premier dans le pistolet.  Pour pistolets Lemmer &amp; Wagner.  5 filtres + 1 ressort","og_url":"https:\/\/www.rustblock.com\/fr\/produit\/high-pressure-filter-kit-100-mesh-6-pcs\/","og_site_name":"Rustblock Automotive Corrosion Protection","og_image":[{"width":640,"height":640,"url":"https:\/\/www.rustblock.com\/wp-content\/uploads\/2023\/10\/High-Pressure-Filter-Kit-100-mesh-6-pcs.webp","type":"image\/webp"}],"twitter_card":"summary_large_image","schema":{"@context":"https:\/\/schema.org","@graph":[{"@type":"WebPage","@id":"https:\/\/www.rustblock.com\/fr\/produit\/high-pressure-filter-kit-100-mesh-6-pcs\/","url":"https:\/\/www.rustblock.com\/fr\/produit\/high-pressure-filter-kit-100-mesh-6-pcs\/","name":"Ensemble de filtre haute pression - 100 mesh (6 pcs) - Rustblock Automotive Corrosion Protection","isPartOf":{"@id":"https:\/\/www.rustblock.com\/fr\/#website"},"primaryImageOfPage":{"@id":"https:\/\/www.rustblock.com\/fr\/produit\/high-pressure-filter-kit-100-mesh-6-pcs\/#primaryimage"},"image":{"@id":"https:\/\/www.rustblock.com\/fr\/produit\/high-pressure-filter-kit-100-mesh-6-pcs\/#primaryimage"},"thumbnailUrl":"https:\/\/www.rustblock.com\/wp-content\/uploads\/2023\/10\/High-Pressure-Filter-Kit-100-mesh-6-pcs.webp","datePublished":"2026-01-26T02:36:27+00:00","breadcrumb":{"@id":"https:\/\/www.rustblock.com\/fr\/produit\/high-pressure-filter-kit-100-mesh-6-pcs\/#breadcrumb"},"inLanguage":"fr-FR","potentialAction":[{"@type":"ReadAction","target":["https:\/\/www.rustblock.com\/fr\/produit\/high-pressure-filter-kit-100-mesh-6-pcs\/"]}]},{"@type":"ImageObject","inLanguage":"fr-FR","@id":"https:\/\/www.rustblock.com\/fr\/produit\/high-pressure-filter-kit-100-mesh-6-pcs\/#primaryimage","url":"https:\/\/www.rustblock.com\/wp-content\/uploads\/2023\/10\/High-Pressure-Filter-Kit-100-mesh-6-pcs.webp","contentUrl":"https:\/\/www.rustblock.com\/wp-content\/uploads\/2023\/10\/High-Pressure-Filter-Kit-100-mesh-6-pcs.webp","width":640,"height":640,"caption":"High Pressure Filter Kit - 100 mesh (6 pcs)"},{"@type":"BreadcrumbList","@id":"https:\/\/www.rustblock.com\/fr\/produit\/high-pressure-filter-kit-100-mesh-6-pcs\/#breadcrumb","itemListElement":[{"@type":"ListItem","position":1,"name":"Home","item":"https:\/\/www.rustblock.com\/fr\/"},{"@type":"ListItem","position":2,"name":"Boutique","item":"https:\/\/www.rustblock.com\/fr\/boutique\/"},{"@type":"ListItem","position":3,"name":"Ensemble de filtre haute pression &#8211; 100 mesh (6 pcs)"}]},{"@type":"WebSite","@id":"https:\/\/www.rustblock.com\/fr\/#website","url":"https:\/\/www.rustblock.com\/fr\/","name":"Rustblock Automotive Corrosion Protection","description":"Rust proofing for all vehicles","publisher":{"@id":"https:\/\/www.rustblock.com\/fr\/#organization"},"potentialAction":[{"@type":"SearchAction","target":{"@type":"EntryPoint","urlTemplate":"https:\/\/www.rustblock.com\/fr\/?s={search_term_string}"},"query-input":{"@type":"PropertyValueSpecification","valueRequired":true,"valueName":"search_term_string"}}],"inLanguage":"fr-FR"},{"@type":"Organization","@id":"https:\/\/www.rustblock.com\/fr\/#organization","name":"Rustblock","alternateName":"Rust Block Automotive Corrosion Protection","url":"https:\/\/www.rustblock.com\/fr\/","logo":{"@type":"ImageObject","inLanguage":"fr-FR","@id":"https:\/\/www.rustblock.com\/fr\/#\/schema\/logo\/image\/","url":"https:\/\/www.rustblock.com\/wp-content\/uploads\/2023\/09\/main-logo.jpg","contentUrl":"https:\/\/www.rustblock.com\/wp-content\/uploads\/2023\/09\/main-logo.jpg","width":696,"height":696,"caption":"Rustblock"},"image":{"@id":"https:\/\/www.rustblock.com\/fr\/#\/schema\/logo\/image\/"}}]}},"_links":{"self":[{"href":"https:\/\/www.rustblock.com\/fr\/wp-json\/wp\/v2\/product\/3349","targetHints":{"allow":["GET"]}}],"collection":[{"href":"https:\/\/www.rustblock.com\/fr\/wp-json\/wp\/v2\/product"}],"about":[{"href":"https:\/\/www.rustblock.com\/fr\/wp-json\/wp\/v2\/types\/product"}],"wp:featuredmedia":[{"embeddable":true,"href":"https:\/\/www.rustblock.com\/fr\/wp-json\/wp\/v2\/media\/2986"}],"wp:attachment":[{"href":"https:\/\/www.rustblock.com\/fr\/wp-json\/wp\/v2\/media?parent=3349"}],"wp:term":[{"taxonomy":"product_brand","embeddable":true,"href":"https:\/\/www.rustblock.com\/fr\/wp-json\/wp\/v2\/product_brand?post=3349"},{"taxonomy":"product_cat","embeddable":true,"href":"https:\/\/www.rustblock.com\/fr\/wp-json\/wp\/v2\/product_cat?post=3349"},{"taxonomy":"product_tag","embeddable":true,"href":"https:\/\/www.rustblock.com\/fr\/wp-json\/wp\/v2\/product_tag?post=3349"}],"curies":[{"name":"wp","href":"https:\/\/api.w.org\/{rel}","templated":true}]}}