{"id":3364,"date":"2026-01-26T09:35:14","date_gmt":"2026-01-26T09:35:14","guid":{"rendered":"https:\/\/www.rustblock.com\/product\/professional-high-pressure-fiber-hose-1-4-x-25-max-3300-psi\/"},"modified":"2023-11-16T16:24:01","modified_gmt":"2023-11-16T16:24:01","slug":"professional-high-pressure-fiber-hose-1-4-x-25-max-3300-psi","status":"publish","type":"product","link":"https:\/\/www.rustblock.com\/fr\/produit\/professional-high-pressure-fiber-hose-1-4-x-25-max-3300-psi\/","title":{"rendered":"Boyau de fibre professionnel haute pression 1\/4 x 25 max 3300 psi"},"content":{"rendered":"<ul>\n<li>Le tuyau tress\u00e9 en fibre est con\u00e7u pour les \u00e9quipements sans air standard.<\/li>\n<li>Pression de service maximale de 3300 psi.<\/li>\n<li>Connecteur\u00a01\/4 \u00a0\u00bb\u00a0NPS-F\u00a0 aux deux extr\u00e9mit\u00e9s<\/li>\n<\/ul>\n<p><strong>Fonctionnalit\u00e9s:<\/strong><\/p>\n<ul>\n<li>mise \u00e0 la terre statique \u00e0 armure continue<\/li>\n<li>Ressorts \u00ab\u00a0anti-pli\u00a0\u00bb aux deux extr\u00e9mit\u00e9s du tuyau.<\/li>\n<li>M\u00e9moire\u00a0d&rsquo;enroulement\u00a0minimale<\/li>\n<li>Qualit\u00e9 professionnelle<\/li>\n<\/ul>\n","protected":false},"excerpt":{"rendered":"<div id=\"wsite-com-product-short-description\">\n<div class=\"paragraph\">\n<div id=\"wsite-com-product-short-description\">\n<div class=\"paragraph\">Boyau professionnel tress\u00e9e en fibre<\/div>\n<\/div>\n<\/div>\n<\/div>\n","protected":false},"featured_media":2939,"template":"","meta":{"_acf_changed":false},"product_brand":[],"product_cat":[99,100],"product_tag":[],"class_list":{"0":"post-3364","1":"product","2":"type-product","3":"status-publish","4":"has-post-thumbnail","6":"product_cat-equipment-fr","7":"product_cat-lemmer-fr","9":"first","10":"instock","11":"taxable","12":"shipping-taxable","13":"purchasable","14":"product-type-simple"},"acf":[],"yoast_head":"<!-- This site is optimized with the Yoast SEO plugin v24.8.1 - https:\/\/yoast.com\/wordpress\/plugins\/seo\/ -->\n<title>Boyau de fibre professionnel haute pression 1\/4 x 25 max 3300 psi - Rustblock Automotive Corrosion Protection<\/title>\n<meta name=\"robots\" content=\"index, follow, max-snippet:-1, max-image-preview:large, max-video-preview:-1\" \/>\n<link rel=\"canonical\" href=\"https:\/\/www.rustblock.com\/fr\/produit\/professional-high-pressure-fiber-hose-1-4-x-25-max-3300-psi\/\" \/>\n<meta property=\"og:locale\" content=\"fr_FR\" \/>\n<meta property=\"og:type\" content=\"article\" \/>\n<meta property=\"og:title\" content=\"Boyau de fibre professionnel haute pression 1\/4 x 25 max 3300 psi - Rustblock Automotive Corrosion Protection\" \/>\n<meta property=\"og:description\" content=\"Boyau professionnel tress\u00e9e en fibre\" \/>\n<meta property=\"og:url\" content=\"https:\/\/www.rustblock.com\/fr\/produit\/professional-high-pressure-fiber-hose-1-4-x-25-max-3300-psi\/\" \/>\n<meta property=\"og:site_name\" content=\"Rustblock Automotive Corrosion Protection\" \/>\n<meta property=\"og:image\" content=\"https:\/\/www.rustblock.com\/wp-content\/uploads\/2023\/10\/Professional-High-Pressure-Fiber-Hose.jpeg\" \/>\n\t<meta property=\"og:image:width\" content=\"640\" \/>\n\t<meta property=\"og:image:height\" content=\"640\" \/>\n\t<meta property=\"og:image:type\" content=\"image\/jpeg\" \/>\n<meta name=\"twitter:card\" content=\"summary_large_image\" \/>\n<meta name=\"twitter:label1\" content=\"Dur\u00e9e de lecture estim\u00e9e\" \/>\n\t<meta name=\"twitter:data1\" content=\"1 minute\" \/>\n<script type=\"application\/ld+json\" class=\"yoast-schema-graph\">{\"@context\":\"https:\/\/schema.org\",\"@graph\":[{\"@type\":\"WebPage\",\"@id\":\"https:\/\/www.rustblock.com\/fr\/produit\/professional-high-pressure-fiber-hose-1-4-x-25-max-3300-psi\/\",\"url\":\"https:\/\/www.rustblock.com\/fr\/produit\/professional-high-pressure-fiber-hose-1-4-x-25-max-3300-psi\/\",\"name\":\"Boyau de fibre professionnel haute pression 1\/4 x 25 max 3300 psi - Rustblock Automotive Corrosion Protection\",\"isPartOf\":{\"@id\":\"https:\/\/www.rustblock.com\/fr\/#website\"},\"primaryImageOfPage\":{\"@id\":\"https:\/\/www.rustblock.com\/fr\/produit\/professional-high-pressure-fiber-hose-1-4-x-25-max-3300-psi\/#primaryimage\"},\"image\":{\"@id\":\"https:\/\/www.rustblock.com\/fr\/produit\/professional-high-pressure-fiber-hose-1-4-x-25-max-3300-psi\/#primaryimage\"},\"thumbnailUrl\":\"https:\/\/www.rustblock.com\/wp-content\/uploads\/2023\/10\/Professional-High-Pressure-Fiber-Hose.jpeg\",\"datePublished\":\"2026-01-26T09:35:14+00:00\",\"breadcrumb\":{\"@id\":\"https:\/\/www.rustblock.com\/fr\/produit\/professional-high-pressure-fiber-hose-1-4-x-25-max-3300-psi\/#breadcrumb\"},\"inLanguage\":\"fr-FR\",\"potentialAction\":[{\"@type\":\"ReadAction\",\"target\":[\"https:\/\/www.rustblock.com\/fr\/produit\/professional-high-pressure-fiber-hose-1-4-x-25-max-3300-psi\/\"]}]},{\"@type\":\"ImageObject\",\"inLanguage\":\"fr-FR\",\"@id\":\"https:\/\/www.rustblock.com\/fr\/produit\/professional-high-pressure-fiber-hose-1-4-x-25-max-3300-psi\/#primaryimage\",\"url\":\"https:\/\/www.rustblock.com\/wp-content\/uploads\/2023\/10\/Professional-High-Pressure-Fiber-Hose.jpeg\",\"contentUrl\":\"https:\/\/www.rustblock.com\/wp-content\/uploads\/2023\/10\/Professional-High-Pressure-Fiber-Hose.jpeg\",\"width\":640,\"height\":640,\"caption\":\"Professional High Pressure Fiber Hose 1\/4 x 25 max 3300 psi\"},{\"@type\":\"BreadcrumbList\",\"@id\":\"https:\/\/www.rustblock.com\/fr\/produit\/professional-high-pressure-fiber-hose-1-4-x-25-max-3300-psi\/#breadcrumb\",\"itemListElement\":[{\"@type\":\"ListItem\",\"position\":1,\"name\":\"Home\",\"item\":\"https:\/\/www.rustblock.com\/fr\/\"},{\"@type\":\"ListItem\",\"position\":2,\"name\":\"Boutique\",\"item\":\"https:\/\/www.rustblock.com\/fr\/boutique\/\"},{\"@type\":\"ListItem\",\"position\":3,\"name\":\"Boyau de fibre professionnel haute pression 1\/4 x 25 max 3300 psi\"}]},{\"@type\":\"WebSite\",\"@id\":\"https:\/\/www.rustblock.com\/fr\/#website\",\"url\":\"https:\/\/www.rustblock.com\/fr\/\",\"name\":\"Rustblock Automotive Corrosion Protection\",\"description\":\"Rust proofing for all vehicles\",\"publisher\":{\"@id\":\"https:\/\/www.rustblock.com\/fr\/#organization\"},\"potentialAction\":[{\"@type\":\"SearchAction\",\"target\":{\"@type\":\"EntryPoint\",\"urlTemplate\":\"https:\/\/www.rustblock.com\/fr\/?s={search_term_string}\"},\"query-input\":{\"@type\":\"PropertyValueSpecification\",\"valueRequired\":true,\"valueName\":\"search_term_string\"}}],\"inLanguage\":\"fr-FR\"},{\"@type\":\"Organization\",\"@id\":\"https:\/\/www.rustblock.com\/fr\/#organization\",\"name\":\"Rustblock\",\"alternateName\":\"Rust Block Automotive Corrosion Protection\",\"url\":\"https:\/\/www.rustblock.com\/fr\/\",\"logo\":{\"@type\":\"ImageObject\",\"inLanguage\":\"fr-FR\",\"@id\":\"https:\/\/www.rustblock.com\/fr\/#\/schema\/logo\/image\/\",\"url\":\"https:\/\/www.rustblock.com\/wp-content\/uploads\/2023\/09\/main-logo.jpg\",\"contentUrl\":\"https:\/\/www.rustblock.com\/wp-content\/uploads\/2023\/09\/main-logo.jpg\",\"width\":696,\"height\":696,\"caption\":\"Rustblock\"},\"image\":{\"@id\":\"https:\/\/www.rustblock.com\/fr\/#\/schema\/logo\/image\/\"}}]}<\/script>\n<!-- \/ Yoast SEO plugin. -->","yoast_head_json":{"title":"Boyau de fibre professionnel haute pression 1\/4 x 25 max 3300 psi - Rustblock Automotive Corrosion Protection","robots":{"index":"index","follow":"follow","max-snippet":"max-snippet:-1","max-image-preview":"max-image-preview:large","max-video-preview":"max-video-preview:-1"},"canonical":"https:\/\/www.rustblock.com\/fr\/produit\/professional-high-pressure-fiber-hose-1-4-x-25-max-3300-psi\/","og_locale":"fr_FR","og_type":"article","og_title":"Boyau de fibre professionnel haute pression 1\/4 x 25 max 3300 psi - Rustblock Automotive Corrosion Protection","og_description":"Boyau professionnel tress\u00e9e en fibre","og_url":"https:\/\/www.rustblock.com\/fr\/produit\/professional-high-pressure-fiber-hose-1-4-x-25-max-3300-psi\/","og_site_name":"Rustblock Automotive Corrosion Protection","og_image":[{"width":640,"height":640,"url":"https:\/\/www.rustblock.com\/wp-content\/uploads\/2023\/10\/Professional-High-Pressure-Fiber-Hose.jpeg","type":"image\/jpeg"}],"twitter_card":"summary_large_image","twitter_misc":{"Dur\u00e9e de lecture estim\u00e9e":"1 minute"},"schema":{"@context":"https:\/\/schema.org","@graph":[{"@type":"WebPage","@id":"https:\/\/www.rustblock.com\/fr\/produit\/professional-high-pressure-fiber-hose-1-4-x-25-max-3300-psi\/","url":"https:\/\/www.rustblock.com\/fr\/produit\/professional-high-pressure-fiber-hose-1-4-x-25-max-3300-psi\/","name":"Boyau de fibre professionnel haute pression 1\/4 x 25 max 3300 psi - Rustblock Automotive Corrosion Protection","isPartOf":{"@id":"https:\/\/www.rustblock.com\/fr\/#website"},"primaryImageOfPage":{"@id":"https:\/\/www.rustblock.com\/fr\/produit\/professional-high-pressure-fiber-hose-1-4-x-25-max-3300-psi\/#primaryimage"},"image":{"@id":"https:\/\/www.rustblock.com\/fr\/produit\/professional-high-pressure-fiber-hose-1-4-x-25-max-3300-psi\/#primaryimage"},"thumbnailUrl":"https:\/\/www.rustblock.com\/wp-content\/uploads\/2023\/10\/Professional-High-Pressure-Fiber-Hose.jpeg","datePublished":"2026-01-26T09:35:14+00:00","breadcrumb":{"@id":"https:\/\/www.rustblock.com\/fr\/produit\/professional-high-pressure-fiber-hose-1-4-x-25-max-3300-psi\/#breadcrumb"},"inLanguage":"fr-FR","potentialAction":[{"@type":"ReadAction","target":["https:\/\/www.rustblock.com\/fr\/produit\/professional-high-pressure-fiber-hose-1-4-x-25-max-3300-psi\/"]}]},{"@type":"ImageObject","inLanguage":"fr-FR","@id":"https:\/\/www.rustblock.com\/fr\/produit\/professional-high-pressure-fiber-hose-1-4-x-25-max-3300-psi\/#primaryimage","url":"https:\/\/www.rustblock.com\/wp-content\/uploads\/2023\/10\/Professional-High-Pressure-Fiber-Hose.jpeg","contentUrl":"https:\/\/www.rustblock.com\/wp-content\/uploads\/2023\/10\/Professional-High-Pressure-Fiber-Hose.jpeg","width":640,"height":640,"caption":"Professional High Pressure Fiber Hose 1\/4 x 25 max 3300 psi"},{"@type":"BreadcrumbList","@id":"https:\/\/www.rustblock.com\/fr\/produit\/professional-high-pressure-fiber-hose-1-4-x-25-max-3300-psi\/#breadcrumb","itemListElement":[{"@type":"ListItem","position":1,"name":"Home","item":"https:\/\/www.rustblock.com\/fr\/"},{"@type":"ListItem","position":2,"name":"Boutique","item":"https:\/\/www.rustblock.com\/fr\/boutique\/"},{"@type":"ListItem","position":3,"name":"Boyau de fibre professionnel haute pression 1\/4 x 25 max 3300 psi"}]},{"@type":"WebSite","@id":"https:\/\/www.rustblock.com\/fr\/#website","url":"https:\/\/www.rustblock.com\/fr\/","name":"Rustblock Automotive Corrosion Protection","description":"Rust proofing for all vehicles","publisher":{"@id":"https:\/\/www.rustblock.com\/fr\/#organization"},"potentialAction":[{"@type":"SearchAction","target":{"@type":"EntryPoint","urlTemplate":"https:\/\/www.rustblock.com\/fr\/?s={search_term_string}"},"query-input":{"@type":"PropertyValueSpecification","valueRequired":true,"valueName":"search_term_string"}}],"inLanguage":"fr-FR"},{"@type":"Organization","@id":"https:\/\/www.rustblock.com\/fr\/#organization","name":"Rustblock","alternateName":"Rust Block Automotive Corrosion Protection","url":"https:\/\/www.rustblock.com\/fr\/","logo":{"@type":"ImageObject","inLanguage":"fr-FR","@id":"https:\/\/www.rustblock.com\/fr\/#\/schema\/logo\/image\/","url":"https:\/\/www.rustblock.com\/wp-content\/uploads\/2023\/09\/main-logo.jpg","contentUrl":"https:\/\/www.rustblock.com\/wp-content\/uploads\/2023\/09\/main-logo.jpg","width":696,"height":696,"caption":"Rustblock"},"image":{"@id":"https:\/\/www.rustblock.com\/fr\/#\/schema\/logo\/image\/"}}]}},"_links":{"self":[{"href":"https:\/\/www.rustblock.com\/fr\/wp-json\/wp\/v2\/product\/3364","targetHints":{"allow":["GET"]}}],"collection":[{"href":"https:\/\/www.rustblock.com\/fr\/wp-json\/wp\/v2\/product"}],"about":[{"href":"https:\/\/www.rustblock.com\/fr\/wp-json\/wp\/v2\/types\/product"}],"wp:featuredmedia":[{"embeddable":true,"href":"https:\/\/www.rustblock.com\/fr\/wp-json\/wp\/v2\/media\/2939"}],"wp:attachment":[{"href":"https:\/\/www.rustblock.com\/fr\/wp-json\/wp\/v2\/media?parent=3364"}],"wp:term":[{"taxonomy":"product_brand","embeddable":true,"href":"https:\/\/www.rustblock.com\/fr\/wp-json\/wp\/v2\/product_brand?post=3364"},{"taxonomy":"product_cat","embeddable":true,"href":"https:\/\/www.rustblock.com\/fr\/wp-json\/wp\/v2\/product_cat?post=3364"},{"taxonomy":"product_tag","embeddable":true,"href":"https:\/\/www.rustblock.com\/fr\/wp-json\/wp\/v2\/product_tag?post=3364"}],"curies":[{"name":"wp","href":"https:\/\/api.w.org\/{rel}","templated":true}]}}