{"id":3367,"date":"2026-01-26T09:54:28","date_gmt":"2026-01-26T09:54:28","guid":{"rendered":"https:\/\/www.rustblock.com\/product\/rust-proofing-pressure-pot-2-quart-kit\/"},"modified":"2023-11-16T16:27:12","modified_gmt":"2023-11-16T16:27:12","slug":"rust-proofing-pressure-pot-2-quart-kit","status":"publish","type":"product","link":"https:\/\/www.rustblock.com\/fr\/produit\/rust-proofing-pressure-pot-2-quart-kit\/","title":{"rendered":"Ensemble de r\u00e9servoir presuris\u00e9 antirouille 2 pinthes"},"content":{"rendered":"<div class=\"paragraph\">\n<div class=\"paragraph\">Le pistolet RP-460 HD atomise le mat\u00e9riau en m\u00e9langeant de l&rsquo;air avec le produit dans la t\u00eate de pulv\u00e9risation du pistolet. Les extension inclus avec le syst\u00e8me ont une vari\u00e9t\u00e9 d&rsquo;angles et de formes de jet pour des applications g\u00e9n\u00e9rales.<\/div>\n<div><\/div>\n<div>\n<div class=\"wsite-multicol\">\n<div class=\"wsite-multicol-table-wrap\">\n<table class=\"wsite-multicol-table\">\n<tbody class=\"wsite-multicol-tbody\">\n<tr class=\"wsite-multicol-tr\">\n<td class=\"wsite-multicol-col\">\n<div class=\"paragraph\"><strong>Fonctionnalit\u00e9s:<\/strong><br \/>\n\u2022 Qualit\u00e9 professionnelle<br \/>\n\u2022 Version Deluxe<br \/>\n\u2022 Corps de pistolet enti\u00e8rement m\u00e9tallique<br \/>\n\u2022 Facile \u00e0 utiliser<br \/>\n\u2022 Facile \u00e0 nettoyer<\/div>\n<\/td>\n<td class=\"wsite-multicol-col\">\n<div class=\"paragraph\"><strong>Inclus avec cette ensemble:<\/strong><\/p>\n<ul>\n<li>Lance \u00e0 crochet de 45 degr\u00e9s x 10\u00a0\u00bb avec tuyau flexible de 18\u00a0\u00bb de qualit\u00e9 sup\u00e9rieure avec poign\u00e9e et joint rotatif<\/li>\n<li>Une extension flexible \u00e0 360 degr\u00e9s<\/li>\n<li>Une extension \u00e0 crochet \u00e0 90 degr\u00e9s<\/li>\n<li>Une buse a jet rond et une a jet plat pour application directe<\/li>\n<li>Un raccord rapide sur le pistolet pour permettre des changements rapides entre les buse et les extension.<\/li>\n<li>Double r\u00e9gulateur d&rsquo;air avec manom\u00e8tre<\/li>\n<li>Boyau double de 5 pieds<\/li>\n<\/ul>\n<\/div>\n<\/td>\n<td class=\"wsite-multicol-col\">\n<div class=\"paragraph\"><strong>Caract\u00e9ristiques:<\/strong><br \/>\nPression: 4-6 cfm \u00e0 60 psi<br \/>\nPression maximale: 125 psi au pistolet<br \/>\n50 psi au r\u00e9servoir<br \/>\nEntr\u00e9e d&rsquo;air: 1\/4 \u00ab\u00a0NPS-M<br \/>\nTaille du conteneur: 2 litres<\/div>\n<\/td>\n<\/tr>\n<\/tbody>\n<\/table>\n<\/div>\n<\/div>\n<\/div>\n<\/div>\n<div>\n<div class=\"wsite-multicol\"><\/div>\n<\/div>\n","protected":false},"excerpt":{"rendered":"<div id=\"wsite-com-product-short-description\">\n<div class=\"paragraph\">\n<div id=\"wsite-com-product-short-description\">\n<div class=\"paragraph\">Cet \u00e9quipement de pulv\u00e9risation antirouille est parfait pour les entreprises souhaitant des r\u00e9sultats professionnels. Le syst\u00e8me de pots sous pression de 2 litres est tr\u00e8s l\u00e9ger et facile \u00e0 utiliser et \u00e0 entretenir.<\/div>\n<\/div>\n<\/div>\n<\/div>\n","protected":false},"featured_media":2930,"template":"","meta":{"_acf_changed":false},"product_brand":[],"product_cat":[99,100],"product_tag":[],"class_list":{"0":"post-3367","1":"product","2":"type-product","3":"status-publish","4":"has-post-thumbnail","6":"product_cat-equipment-fr","7":"product_cat-lemmer-fr","9":"first","10":"instock","11":"taxable","12":"shipping-taxable","13":"purchasable","14":"product-type-simple"},"acf":[],"yoast_head":"<!-- This site is optimized with the Yoast SEO plugin v24.8.1 - https:\/\/yoast.com\/wordpress\/plugins\/seo\/ -->\n<title>Ensemble de r\u00e9servoir presuris\u00e9 antirouille 2 pinthes - Rustblock Automotive Corrosion Protection<\/title>\n<meta name=\"robots\" content=\"index, follow, max-snippet:-1, max-image-preview:large, max-video-preview:-1\" \/>\n<link rel=\"canonical\" href=\"https:\/\/www.rustblock.com\/fr\/produit\/rust-proofing-pressure-pot-2-quart-kit\/\" \/>\n<meta property=\"og:locale\" content=\"fr_FR\" \/>\n<meta property=\"og:type\" content=\"article\" \/>\n<meta property=\"og:title\" content=\"Ensemble de r\u00e9servoir presuris\u00e9 antirouille 2 pinthes - Rustblock Automotive Corrosion Protection\" \/>\n<meta property=\"og:description\" content=\"Cet \u00e9quipement de pulv\u00e9risation antirouille est parfait pour les entreprises souhaitant des r\u00e9sultats professionnels. Le syst\u00e8me de pots sous pression de 2 litres est tr\u00e8s l\u00e9ger et facile \u00e0 utiliser et \u00e0 entretenir.\" \/>\n<meta property=\"og:url\" content=\"https:\/\/www.rustblock.com\/fr\/produit\/rust-proofing-pressure-pot-2-quart-kit\/\" \/>\n<meta property=\"og:site_name\" content=\"Rustblock Automotive Corrosion Protection\" \/>\n<meta property=\"og:image\" content=\"https:\/\/www.rustblock.com\/wp-content\/uploads\/2023\/10\/Rust-Proofing-Pressure-Pot-2-Quart-Kit.jpeg\" \/>\n\t<meta property=\"og:image:width\" content=\"640\" \/>\n\t<meta property=\"og:image:height\" content=\"640\" \/>\n\t<meta property=\"og:image:type\" content=\"image\/jpeg\" \/>\n<meta name=\"twitter:card\" content=\"summary_large_image\" \/>\n<meta name=\"twitter:label1\" content=\"Dur\u00e9e de lecture estim\u00e9e\" \/>\n\t<meta name=\"twitter:data1\" content=\"1 minute\" \/>\n<script type=\"application\/ld+json\" class=\"yoast-schema-graph\">{\"@context\":\"https:\/\/schema.org\",\"@graph\":[{\"@type\":\"WebPage\",\"@id\":\"https:\/\/www.rustblock.com\/fr\/produit\/rust-proofing-pressure-pot-2-quart-kit\/\",\"url\":\"https:\/\/www.rustblock.com\/fr\/produit\/rust-proofing-pressure-pot-2-quart-kit\/\",\"name\":\"Ensemble de r\u00e9servoir presuris\u00e9 antirouille 2 pinthes - Rustblock Automotive Corrosion Protection\",\"isPartOf\":{\"@id\":\"https:\/\/www.rustblock.com\/fr\/#website\"},\"primaryImageOfPage\":{\"@id\":\"https:\/\/www.rustblock.com\/fr\/produit\/rust-proofing-pressure-pot-2-quart-kit\/#primaryimage\"},\"image\":{\"@id\":\"https:\/\/www.rustblock.com\/fr\/produit\/rust-proofing-pressure-pot-2-quart-kit\/#primaryimage\"},\"thumbnailUrl\":\"https:\/\/www.rustblock.com\/wp-content\/uploads\/2023\/10\/Rust-Proofing-Pressure-Pot-2-Quart-Kit.jpeg\",\"datePublished\":\"2026-01-26T09:54:28+00:00\",\"breadcrumb\":{\"@id\":\"https:\/\/www.rustblock.com\/fr\/produit\/rust-proofing-pressure-pot-2-quart-kit\/#breadcrumb\"},\"inLanguage\":\"fr-FR\",\"potentialAction\":[{\"@type\":\"ReadAction\",\"target\":[\"https:\/\/www.rustblock.com\/fr\/produit\/rust-proofing-pressure-pot-2-quart-kit\/\"]}]},{\"@type\":\"ImageObject\",\"inLanguage\":\"fr-FR\",\"@id\":\"https:\/\/www.rustblock.com\/fr\/produit\/rust-proofing-pressure-pot-2-quart-kit\/#primaryimage\",\"url\":\"https:\/\/www.rustblock.com\/wp-content\/uploads\/2023\/10\/Rust-Proofing-Pressure-Pot-2-Quart-Kit.jpeg\",\"contentUrl\":\"https:\/\/www.rustblock.com\/wp-content\/uploads\/2023\/10\/Rust-Proofing-Pressure-Pot-2-Quart-Kit.jpeg\",\"width\":640,\"height\":640,\"caption\":\"Rust Proofing Pressure Pot 2 Quart Kit\"},{\"@type\":\"BreadcrumbList\",\"@id\":\"https:\/\/www.rustblock.com\/fr\/produit\/rust-proofing-pressure-pot-2-quart-kit\/#breadcrumb\",\"itemListElement\":[{\"@type\":\"ListItem\",\"position\":1,\"name\":\"Home\",\"item\":\"https:\/\/www.rustblock.com\/fr\/\"},{\"@type\":\"ListItem\",\"position\":2,\"name\":\"Boutique\",\"item\":\"https:\/\/www.rustblock.com\/fr\/boutique\/\"},{\"@type\":\"ListItem\",\"position\":3,\"name\":\"Ensemble de r\u00e9servoir presuris\u00e9 antirouille 2 pinthes\"}]},{\"@type\":\"WebSite\",\"@id\":\"https:\/\/www.rustblock.com\/fr\/#website\",\"url\":\"https:\/\/www.rustblock.com\/fr\/\",\"name\":\"Rustblock Automotive Corrosion Protection\",\"description\":\"Rust proofing for all vehicles\",\"publisher\":{\"@id\":\"https:\/\/www.rustblock.com\/fr\/#organization\"},\"potentialAction\":[{\"@type\":\"SearchAction\",\"target\":{\"@type\":\"EntryPoint\",\"urlTemplate\":\"https:\/\/www.rustblock.com\/fr\/?s={search_term_string}\"},\"query-input\":{\"@type\":\"PropertyValueSpecification\",\"valueRequired\":true,\"valueName\":\"search_term_string\"}}],\"inLanguage\":\"fr-FR\"},{\"@type\":\"Organization\",\"@id\":\"https:\/\/www.rustblock.com\/fr\/#organization\",\"name\":\"Rustblock\",\"alternateName\":\"Rust Block Automotive Corrosion Protection\",\"url\":\"https:\/\/www.rustblock.com\/fr\/\",\"logo\":{\"@type\":\"ImageObject\",\"inLanguage\":\"fr-FR\",\"@id\":\"https:\/\/www.rustblock.com\/fr\/#\/schema\/logo\/image\/\",\"url\":\"https:\/\/www.rustblock.com\/wp-content\/uploads\/2023\/09\/main-logo.jpg\",\"contentUrl\":\"https:\/\/www.rustblock.com\/wp-content\/uploads\/2023\/09\/main-logo.jpg\",\"width\":696,\"height\":696,\"caption\":\"Rustblock\"},\"image\":{\"@id\":\"https:\/\/www.rustblock.com\/fr\/#\/schema\/logo\/image\/\"}}]}<\/script>\n<!-- \/ Yoast SEO plugin. -->","yoast_head_json":{"title":"Ensemble de r\u00e9servoir presuris\u00e9 antirouille 2 pinthes - Rustblock Automotive Corrosion Protection","robots":{"index":"index","follow":"follow","max-snippet":"max-snippet:-1","max-image-preview":"max-image-preview:large","max-video-preview":"max-video-preview:-1"},"canonical":"https:\/\/www.rustblock.com\/fr\/produit\/rust-proofing-pressure-pot-2-quart-kit\/","og_locale":"fr_FR","og_type":"article","og_title":"Ensemble de r\u00e9servoir presuris\u00e9 antirouille 2 pinthes - Rustblock Automotive Corrosion Protection","og_description":"Cet \u00e9quipement de pulv\u00e9risation antirouille est parfait pour les entreprises souhaitant des r\u00e9sultats professionnels. Le syst\u00e8me de pots sous pression de 2 litres est tr\u00e8s l\u00e9ger et facile \u00e0 utiliser et \u00e0 entretenir.","og_url":"https:\/\/www.rustblock.com\/fr\/produit\/rust-proofing-pressure-pot-2-quart-kit\/","og_site_name":"Rustblock Automotive Corrosion Protection","og_image":[{"width":640,"height":640,"url":"https:\/\/www.rustblock.com\/wp-content\/uploads\/2023\/10\/Rust-Proofing-Pressure-Pot-2-Quart-Kit.jpeg","type":"image\/jpeg"}],"twitter_card":"summary_large_image","twitter_misc":{"Dur\u00e9e de lecture estim\u00e9e":"1 minute"},"schema":{"@context":"https:\/\/schema.org","@graph":[{"@type":"WebPage","@id":"https:\/\/www.rustblock.com\/fr\/produit\/rust-proofing-pressure-pot-2-quart-kit\/","url":"https:\/\/www.rustblock.com\/fr\/produit\/rust-proofing-pressure-pot-2-quart-kit\/","name":"Ensemble de r\u00e9servoir presuris\u00e9 antirouille 2 pinthes - Rustblock Automotive Corrosion Protection","isPartOf":{"@id":"https:\/\/www.rustblock.com\/fr\/#website"},"primaryImageOfPage":{"@id":"https:\/\/www.rustblock.com\/fr\/produit\/rust-proofing-pressure-pot-2-quart-kit\/#primaryimage"},"image":{"@id":"https:\/\/www.rustblock.com\/fr\/produit\/rust-proofing-pressure-pot-2-quart-kit\/#primaryimage"},"thumbnailUrl":"https:\/\/www.rustblock.com\/wp-content\/uploads\/2023\/10\/Rust-Proofing-Pressure-Pot-2-Quart-Kit.jpeg","datePublished":"2026-01-26T09:54:28+00:00","breadcrumb":{"@id":"https:\/\/www.rustblock.com\/fr\/produit\/rust-proofing-pressure-pot-2-quart-kit\/#breadcrumb"},"inLanguage":"fr-FR","potentialAction":[{"@type":"ReadAction","target":["https:\/\/www.rustblock.com\/fr\/produit\/rust-proofing-pressure-pot-2-quart-kit\/"]}]},{"@type":"ImageObject","inLanguage":"fr-FR","@id":"https:\/\/www.rustblock.com\/fr\/produit\/rust-proofing-pressure-pot-2-quart-kit\/#primaryimage","url":"https:\/\/www.rustblock.com\/wp-content\/uploads\/2023\/10\/Rust-Proofing-Pressure-Pot-2-Quart-Kit.jpeg","contentUrl":"https:\/\/www.rustblock.com\/wp-content\/uploads\/2023\/10\/Rust-Proofing-Pressure-Pot-2-Quart-Kit.jpeg","width":640,"height":640,"caption":"Rust Proofing Pressure Pot 2 Quart Kit"},{"@type":"BreadcrumbList","@id":"https:\/\/www.rustblock.com\/fr\/produit\/rust-proofing-pressure-pot-2-quart-kit\/#breadcrumb","itemListElement":[{"@type":"ListItem","position":1,"name":"Home","item":"https:\/\/www.rustblock.com\/fr\/"},{"@type":"ListItem","position":2,"name":"Boutique","item":"https:\/\/www.rustblock.com\/fr\/boutique\/"},{"@type":"ListItem","position":3,"name":"Ensemble de r\u00e9servoir presuris\u00e9 antirouille 2 pinthes"}]},{"@type":"WebSite","@id":"https:\/\/www.rustblock.com\/fr\/#website","url":"https:\/\/www.rustblock.com\/fr\/","name":"Rustblock Automotive Corrosion Protection","description":"Rust proofing for all vehicles","publisher":{"@id":"https:\/\/www.rustblock.com\/fr\/#organization"},"potentialAction":[{"@type":"SearchAction","target":{"@type":"EntryPoint","urlTemplate":"https:\/\/www.rustblock.com\/fr\/?s={search_term_string}"},"query-input":{"@type":"PropertyValueSpecification","valueRequired":true,"valueName":"search_term_string"}}],"inLanguage":"fr-FR"},{"@type":"Organization","@id":"https:\/\/www.rustblock.com\/fr\/#organization","name":"Rustblock","alternateName":"Rust Block Automotive Corrosion Protection","url":"https:\/\/www.rustblock.com\/fr\/","logo":{"@type":"ImageObject","inLanguage":"fr-FR","@id":"https:\/\/www.rustblock.com\/fr\/#\/schema\/logo\/image\/","url":"https:\/\/www.rustblock.com\/wp-content\/uploads\/2023\/09\/main-logo.jpg","contentUrl":"https:\/\/www.rustblock.com\/wp-content\/uploads\/2023\/09\/main-logo.jpg","width":696,"height":696,"caption":"Rustblock"},"image":{"@id":"https:\/\/www.rustblock.com\/fr\/#\/schema\/logo\/image\/"}}]}},"_links":{"self":[{"href":"https:\/\/www.rustblock.com\/fr\/wp-json\/wp\/v2\/product\/3367","targetHints":{"allow":["GET"]}}],"collection":[{"href":"https:\/\/www.rustblock.com\/fr\/wp-json\/wp\/v2\/product"}],"about":[{"href":"https:\/\/www.rustblock.com\/fr\/wp-json\/wp\/v2\/types\/product"}],"wp:featuredmedia":[{"embeddable":true,"href":"https:\/\/www.rustblock.com\/fr\/wp-json\/wp\/v2\/media\/2930"}],"wp:attachment":[{"href":"https:\/\/www.rustblock.com\/fr\/wp-json\/wp\/v2\/media?parent=3367"}],"wp:term":[{"taxonomy":"product_brand","embeddable":true,"href":"https:\/\/www.rustblock.com\/fr\/wp-json\/wp\/v2\/product_brand?post=3367"},{"taxonomy":"product_cat","embeddable":true,"href":"https:\/\/www.rustblock.com\/fr\/wp-json\/wp\/v2\/product_cat?post=3367"},{"taxonomy":"product_tag","embeddable":true,"href":"https:\/\/www.rustblock.com\/fr\/wp-json\/wp\/v2\/product_tag?post=3367"}],"curies":[{"name":"wp","href":"https:\/\/api.w.org\/{rel}","templated":true}]}}