{"id":3392,"date":"2026-01-26T09:04:44","date_gmt":"2026-01-26T09:04:44","guid":{"rendered":"https:\/\/www.rustblock.com\/product\/rust-proofing-pressure-pot-2-25-gallon-kit\/"},"modified":"2023-11-16T19:18:52","modified_gmt":"2023-11-16T19:18:52","slug":"rust-proofing-pressure-pot-2-25-gallon-kit","status":"publish","type":"product","link":"https:\/\/www.rustblock.com\/fr\/produit\/rust-proofing-pressure-pot-2-25-gallon-kit\/","title":{"rendered":"Ensemble de r\u00e9servoir presuris\u00e9 antirouille 2.25 gallons"},"content":{"rendered":"<div class=\"paragraph\">\n<div class=\"paragraph\">Le pistolet RP-460 HD atomise le mat\u00e9riau en m\u00e9langeant de l&rsquo;air avec le produit dans la t\u00eate de pulv\u00e9risation du pistolet. L&rsquo;extension a b\u00e2ton de hockey est parfaite pour atteindre la cavit\u00e9 et la buse a jet rond est parfaite pour une application directe. L&rsquo;ensemble est parfait pour les applications de sous-couche.<\/div>\n<div><\/div>\n<div>\n<div class=\"wsite-multicol\">\n<div class=\"wsite-multicol-table-wrap\">\n<table class=\"wsite-multicol-table\">\n<tbody class=\"wsite-multicol-tbody\">\n<tr class=\"wsite-multicol-tr\">\n<td class=\"wsite-multicol-col\">\n<div class=\"paragraph\"><strong>Fonctionnalit\u00e9s:<\/strong><br \/>\n\u2022 Qualit\u00e9 professionnelle<br \/>\n\u2022 Corps de pistolet enti\u00e8rement m\u00e9tallique<br \/>\n\u2022 Facile \u00e0 utiliser<br \/>\n\u2022 Facile \u00e0 nettoyer<\/div>\n<\/td>\n<td class=\"wsite-multicol-col\">\n<div class=\"paragraph\"><strong>Inclus avec cette Ensemble:<\/strong><\/p>\n<ul>\n<li>Extension \u00e0 crochet de 45 degr\u00e9s de 10\u00a0\u00bb avec boyau flexible de 18\u00a0\u00bb de qualit\u00e9 sup\u00e9rieure.<\/li>\n<li>Une buse a jet rond<\/li>\n<li>Un Raccord rapide sur le pistolet pour permettre des changements rapides entre la buse et l&rsquo;extension.<\/li>\n<li>R\u00e9gulateur double a air avec manom\u00e8tre<\/li>\n<li>Boyau double de 25 pieds<\/li>\n<li>Doublure en t\u00e9flon<\/li>\n<\/ul>\n<\/div>\n<\/td>\n<td class=\"wsite-multicol-col\">\n<div class=\"paragraph\"><strong>Caract\u00e9ristiques:<\/strong><br \/>\nPression: 4-6 cfm \u00e0 60 psi<br \/>\npression maximale: 125 psi au pistolet<br \/>\n70 psi au Godet<br \/>\nEntr\u00e9e d&rsquo;air: 1\/4 \u00ab\u00a0NPS-M<br \/>\nTaille du conteneur: 10 litres<\/div>\n<\/td>\n<\/tr>\n<\/tbody>\n<\/table>\n<\/div>\n<\/div>\n<\/div>\n<\/div>\n<div>\n<div class=\"wsite-multicol\"><\/div>\n<\/div>\n","protected":false},"excerpt":{"rendered":"<div id=\"wsite-com-product-short-description\">\n<div class=\"paragraph\">\n<div id=\"wsite-com-product-short-description\">\n<div class=\"paragraph\">Ce syst\u00e8me antirouille complet est livr\u00e9 avec un pot de pression de 2,25 G, une doublure en t\u00e9flon, deux r\u00e9gulateurs, des jauges, un tuyau de 25 pieds, un pistolet RP460 HD, une baguette flexible \u00e0 crochet \u00e0 45 degr\u00e9s et une buse ronde.<\/div>\n<\/div>\n<\/div>\n<\/div>\n","protected":false},"featured_media":2851,"template":"","meta":{"_acf_changed":false},"product_brand":[],"product_cat":[99,100],"product_tag":[],"class_list":{"0":"post-3392","1":"product","2":"type-product","3":"status-publish","4":"has-post-thumbnail","6":"product_cat-equipment-fr","7":"product_cat-lemmer-fr","9":"first","10":"instock","11":"taxable","12":"shipping-taxable","13":"purchasable","14":"product-type-simple"},"acf":[],"yoast_head":"<!-- This site is optimized with the Yoast SEO plugin v24.8.1 - https:\/\/yoast.com\/wordpress\/plugins\/seo\/ -->\n<title>Ensemble de r\u00e9servoir presuris\u00e9 antirouille 2.25 gallons - Rustblock Automotive Corrosion Protection<\/title>\n<meta name=\"robots\" content=\"index, follow, max-snippet:-1, max-image-preview:large, max-video-preview:-1\" \/>\n<link rel=\"canonical\" href=\"https:\/\/www.rustblock.com\/fr\/produit\/rust-proofing-pressure-pot-2-25-gallon-kit\/\" \/>\n<meta property=\"og:locale\" content=\"fr_FR\" \/>\n<meta property=\"og:type\" content=\"article\" \/>\n<meta property=\"og:title\" content=\"Ensemble de r\u00e9servoir presuris\u00e9 antirouille 2.25 gallons - Rustblock Automotive Corrosion Protection\" \/>\n<meta property=\"og:description\" content=\"Ce syst\u00e8me antirouille complet est livr\u00e9 avec un pot de pression de 2,25 G, une doublure en t\u00e9flon, deux r\u00e9gulateurs, des jauges, un tuyau de 25 pieds, un pistolet RP460 HD, une baguette flexible \u00e0 crochet \u00e0 45 degr\u00e9s et une buse ronde.\" \/>\n<meta property=\"og:url\" content=\"https:\/\/www.rustblock.com\/fr\/produit\/rust-proofing-pressure-pot-2-25-gallon-kit\/\" \/>\n<meta property=\"og:site_name\" content=\"Rustblock Automotive Corrosion Protection\" \/>\n<meta property=\"og:image\" content=\"https:\/\/www.rustblock.com\/wp-content\/uploads\/2023\/10\/Rust-Proofing-Pressure-Pot-2.25-Gallon-Kit.jpeg\" \/>\n\t<meta property=\"og:image:width\" content=\"640\" \/>\n\t<meta property=\"og:image:height\" content=\"640\" \/>\n\t<meta property=\"og:image:type\" content=\"image\/jpeg\" \/>\n<meta name=\"twitter:card\" content=\"summary_large_image\" \/>\n<meta name=\"twitter:label1\" content=\"Dur\u00e9e de lecture estim\u00e9e\" \/>\n\t<meta name=\"twitter:data1\" content=\"1 minute\" \/>\n<script type=\"application\/ld+json\" class=\"yoast-schema-graph\">{\"@context\":\"https:\/\/schema.org\",\"@graph\":[{\"@type\":\"WebPage\",\"@id\":\"https:\/\/www.rustblock.com\/fr\/produit\/rust-proofing-pressure-pot-2-25-gallon-kit\/\",\"url\":\"https:\/\/www.rustblock.com\/fr\/produit\/rust-proofing-pressure-pot-2-25-gallon-kit\/\",\"name\":\"Ensemble de r\u00e9servoir presuris\u00e9 antirouille 2.25 gallons - Rustblock Automotive Corrosion Protection\",\"isPartOf\":{\"@id\":\"https:\/\/www.rustblock.com\/fr\/#website\"},\"primaryImageOfPage\":{\"@id\":\"https:\/\/www.rustblock.com\/fr\/produit\/rust-proofing-pressure-pot-2-25-gallon-kit\/#primaryimage\"},\"image\":{\"@id\":\"https:\/\/www.rustblock.com\/fr\/produit\/rust-proofing-pressure-pot-2-25-gallon-kit\/#primaryimage\"},\"thumbnailUrl\":\"https:\/\/www.rustblock.com\/wp-content\/uploads\/2023\/10\/Rust-Proofing-Pressure-Pot-2.25-Gallon-Kit.jpeg\",\"datePublished\":\"2026-01-26T09:04:44+00:00\",\"breadcrumb\":{\"@id\":\"https:\/\/www.rustblock.com\/fr\/produit\/rust-proofing-pressure-pot-2-25-gallon-kit\/#breadcrumb\"},\"inLanguage\":\"fr-FR\",\"potentialAction\":[{\"@type\":\"ReadAction\",\"target\":[\"https:\/\/www.rustblock.com\/fr\/produit\/rust-proofing-pressure-pot-2-25-gallon-kit\/\"]}]},{\"@type\":\"ImageObject\",\"inLanguage\":\"fr-FR\",\"@id\":\"https:\/\/www.rustblock.com\/fr\/produit\/rust-proofing-pressure-pot-2-25-gallon-kit\/#primaryimage\",\"url\":\"https:\/\/www.rustblock.com\/wp-content\/uploads\/2023\/10\/Rust-Proofing-Pressure-Pot-2.25-Gallon-Kit.jpeg\",\"contentUrl\":\"https:\/\/www.rustblock.com\/wp-content\/uploads\/2023\/10\/Rust-Proofing-Pressure-Pot-2.25-Gallon-Kit.jpeg\",\"width\":640,\"height\":640,\"caption\":\"Rust Proofing Pressure Pot 2.25 Gallon Kit\"},{\"@type\":\"BreadcrumbList\",\"@id\":\"https:\/\/www.rustblock.com\/fr\/produit\/rust-proofing-pressure-pot-2-25-gallon-kit\/#breadcrumb\",\"itemListElement\":[{\"@type\":\"ListItem\",\"position\":1,\"name\":\"Home\",\"item\":\"https:\/\/www.rustblock.com\/fr\/\"},{\"@type\":\"ListItem\",\"position\":2,\"name\":\"Boutique\",\"item\":\"https:\/\/www.rustblock.com\/fr\/boutique\/\"},{\"@type\":\"ListItem\",\"position\":3,\"name\":\"Ensemble de r\u00e9servoir presuris\u00e9 antirouille 2.25 gallons\"}]},{\"@type\":\"WebSite\",\"@id\":\"https:\/\/www.rustblock.com\/fr\/#website\",\"url\":\"https:\/\/www.rustblock.com\/fr\/\",\"name\":\"Rustblock Automotive Corrosion Protection\",\"description\":\"Rust proofing for all vehicles\",\"publisher\":{\"@id\":\"https:\/\/www.rustblock.com\/fr\/#organization\"},\"potentialAction\":[{\"@type\":\"SearchAction\",\"target\":{\"@type\":\"EntryPoint\",\"urlTemplate\":\"https:\/\/www.rustblock.com\/fr\/?s={search_term_string}\"},\"query-input\":{\"@type\":\"PropertyValueSpecification\",\"valueRequired\":true,\"valueName\":\"search_term_string\"}}],\"inLanguage\":\"fr-FR\"},{\"@type\":\"Organization\",\"@id\":\"https:\/\/www.rustblock.com\/fr\/#organization\",\"name\":\"Rustblock\",\"alternateName\":\"Rust Block Automotive Corrosion Protection\",\"url\":\"https:\/\/www.rustblock.com\/fr\/\",\"logo\":{\"@type\":\"ImageObject\",\"inLanguage\":\"fr-FR\",\"@id\":\"https:\/\/www.rustblock.com\/fr\/#\/schema\/logo\/image\/\",\"url\":\"https:\/\/www.rustblock.com\/wp-content\/uploads\/2023\/09\/main-logo.jpg\",\"contentUrl\":\"https:\/\/www.rustblock.com\/wp-content\/uploads\/2023\/09\/main-logo.jpg\",\"width\":696,\"height\":696,\"caption\":\"Rustblock\"},\"image\":{\"@id\":\"https:\/\/www.rustblock.com\/fr\/#\/schema\/logo\/image\/\"}}]}<\/script>\n<!-- \/ Yoast SEO plugin. -->","yoast_head_json":{"title":"Ensemble de r\u00e9servoir presuris\u00e9 antirouille 2.25 gallons - Rustblock Automotive Corrosion Protection","robots":{"index":"index","follow":"follow","max-snippet":"max-snippet:-1","max-image-preview":"max-image-preview:large","max-video-preview":"max-video-preview:-1"},"canonical":"https:\/\/www.rustblock.com\/fr\/produit\/rust-proofing-pressure-pot-2-25-gallon-kit\/","og_locale":"fr_FR","og_type":"article","og_title":"Ensemble de r\u00e9servoir presuris\u00e9 antirouille 2.25 gallons - Rustblock Automotive Corrosion Protection","og_description":"Ce syst\u00e8me antirouille complet est livr\u00e9 avec un pot de pression de 2,25 G, une doublure en t\u00e9flon, deux r\u00e9gulateurs, des jauges, un tuyau de 25 pieds, un pistolet RP460 HD, une baguette flexible \u00e0 crochet \u00e0 45 degr\u00e9s et une buse ronde.","og_url":"https:\/\/www.rustblock.com\/fr\/produit\/rust-proofing-pressure-pot-2-25-gallon-kit\/","og_site_name":"Rustblock Automotive Corrosion Protection","og_image":[{"width":640,"height":640,"url":"https:\/\/www.rustblock.com\/wp-content\/uploads\/2023\/10\/Rust-Proofing-Pressure-Pot-2.25-Gallon-Kit.jpeg","type":"image\/jpeg"}],"twitter_card":"summary_large_image","twitter_misc":{"Dur\u00e9e de lecture estim\u00e9e":"1 minute"},"schema":{"@context":"https:\/\/schema.org","@graph":[{"@type":"WebPage","@id":"https:\/\/www.rustblock.com\/fr\/produit\/rust-proofing-pressure-pot-2-25-gallon-kit\/","url":"https:\/\/www.rustblock.com\/fr\/produit\/rust-proofing-pressure-pot-2-25-gallon-kit\/","name":"Ensemble de r\u00e9servoir presuris\u00e9 antirouille 2.25 gallons - Rustblock Automotive Corrosion Protection","isPartOf":{"@id":"https:\/\/www.rustblock.com\/fr\/#website"},"primaryImageOfPage":{"@id":"https:\/\/www.rustblock.com\/fr\/produit\/rust-proofing-pressure-pot-2-25-gallon-kit\/#primaryimage"},"image":{"@id":"https:\/\/www.rustblock.com\/fr\/produit\/rust-proofing-pressure-pot-2-25-gallon-kit\/#primaryimage"},"thumbnailUrl":"https:\/\/www.rustblock.com\/wp-content\/uploads\/2023\/10\/Rust-Proofing-Pressure-Pot-2.25-Gallon-Kit.jpeg","datePublished":"2026-01-26T09:04:44+00:00","breadcrumb":{"@id":"https:\/\/www.rustblock.com\/fr\/produit\/rust-proofing-pressure-pot-2-25-gallon-kit\/#breadcrumb"},"inLanguage":"fr-FR","potentialAction":[{"@type":"ReadAction","target":["https:\/\/www.rustblock.com\/fr\/produit\/rust-proofing-pressure-pot-2-25-gallon-kit\/"]}]},{"@type":"ImageObject","inLanguage":"fr-FR","@id":"https:\/\/www.rustblock.com\/fr\/produit\/rust-proofing-pressure-pot-2-25-gallon-kit\/#primaryimage","url":"https:\/\/www.rustblock.com\/wp-content\/uploads\/2023\/10\/Rust-Proofing-Pressure-Pot-2.25-Gallon-Kit.jpeg","contentUrl":"https:\/\/www.rustblock.com\/wp-content\/uploads\/2023\/10\/Rust-Proofing-Pressure-Pot-2.25-Gallon-Kit.jpeg","width":640,"height":640,"caption":"Rust Proofing Pressure Pot 2.25 Gallon Kit"},{"@type":"BreadcrumbList","@id":"https:\/\/www.rustblock.com\/fr\/produit\/rust-proofing-pressure-pot-2-25-gallon-kit\/#breadcrumb","itemListElement":[{"@type":"ListItem","position":1,"name":"Home","item":"https:\/\/www.rustblock.com\/fr\/"},{"@type":"ListItem","position":2,"name":"Boutique","item":"https:\/\/www.rustblock.com\/fr\/boutique\/"},{"@type":"ListItem","position":3,"name":"Ensemble de r\u00e9servoir presuris\u00e9 antirouille 2.25 gallons"}]},{"@type":"WebSite","@id":"https:\/\/www.rustblock.com\/fr\/#website","url":"https:\/\/www.rustblock.com\/fr\/","name":"Rustblock Automotive Corrosion Protection","description":"Rust proofing for all vehicles","publisher":{"@id":"https:\/\/www.rustblock.com\/fr\/#organization"},"potentialAction":[{"@type":"SearchAction","target":{"@type":"EntryPoint","urlTemplate":"https:\/\/www.rustblock.com\/fr\/?s={search_term_string}"},"query-input":{"@type":"PropertyValueSpecification","valueRequired":true,"valueName":"search_term_string"}}],"inLanguage":"fr-FR"},{"@type":"Organization","@id":"https:\/\/www.rustblock.com\/fr\/#organization","name":"Rustblock","alternateName":"Rust Block Automotive Corrosion Protection","url":"https:\/\/www.rustblock.com\/fr\/","logo":{"@type":"ImageObject","inLanguage":"fr-FR","@id":"https:\/\/www.rustblock.com\/fr\/#\/schema\/logo\/image\/","url":"https:\/\/www.rustblock.com\/wp-content\/uploads\/2023\/09\/main-logo.jpg","contentUrl":"https:\/\/www.rustblock.com\/wp-content\/uploads\/2023\/09\/main-logo.jpg","width":696,"height":696,"caption":"Rustblock"},"image":{"@id":"https:\/\/www.rustblock.com\/fr\/#\/schema\/logo\/image\/"}}]}},"_links":{"self":[{"href":"https:\/\/www.rustblock.com\/fr\/wp-json\/wp\/v2\/product\/3392","targetHints":{"allow":["GET"]}}],"collection":[{"href":"https:\/\/www.rustblock.com\/fr\/wp-json\/wp\/v2\/product"}],"about":[{"href":"https:\/\/www.rustblock.com\/fr\/wp-json\/wp\/v2\/types\/product"}],"wp:featuredmedia":[{"embeddable":true,"href":"https:\/\/www.rustblock.com\/fr\/wp-json\/wp\/v2\/media\/2851"}],"wp:attachment":[{"href":"https:\/\/www.rustblock.com\/fr\/wp-json\/wp\/v2\/media?parent=3392"}],"wp:term":[{"taxonomy":"product_brand","embeddable":true,"href":"https:\/\/www.rustblock.com\/fr\/wp-json\/wp\/v2\/product_brand?post=3392"},{"taxonomy":"product_cat","embeddable":true,"href":"https:\/\/www.rustblock.com\/fr\/wp-json\/wp\/v2\/product_cat?post=3392"},{"taxonomy":"product_tag","embeddable":true,"href":"https:\/\/www.rustblock.com\/fr\/wp-json\/wp\/v2\/product_tag?post=3392"}],"curies":[{"name":"wp","href":"https:\/\/api.w.org\/{rel}","templated":true}]}}