{"id":3393,"date":"2026-01-26T09:01:41","date_gmt":"2026-01-26T09:01:41","guid":{"rendered":"https:\/\/www.rustblock.com\/product\/pressure-pot-2-25-gallon-with-air-agitator\/"},"modified":"2023-11-16T19:20:06","modified_gmt":"2023-11-16T19:20:06","slug":"pressure-pot-2-25-gallon-with-air-agitator","status":"publish","type":"product","link":"https:\/\/www.rustblock.com\/fr\/produit\/pressure-pot-2-25-gallon-with-air-agitator\/","title":{"rendered":"R\u00e9servoir pressuris\u00e9 2,25 gallons avec agitateur pneumatique"},"content":{"rendered":"<div class=\"paragraph\">La cuve sous pression est livr\u00e9e avec 2 r\u00e9gulateurs: un pour r\u00e9gler la pression du fluide \u00e0 un maximum de 50 psi, et l&rsquo;autre pour r\u00e9gler l&rsquo;air du pistolet \u00e0 un maximum de 100 psi. \u00c0 utiliser avec tous les rev\u00eatements standards tels que: laque, \u00e9mail, teinture, latex, \u00e9poxy, colle, etc. Un pot de peinture d&rsquo;un gallon peut tenir \u00e0 l\u2019int\u00e9rieur de la cuve. Le tube d&rsquo;aspiration est en acier inoxydable et poss\u00e8de un tamis d&rsquo;aspiration<br \/>\n\u200b<br \/>\n<strong>Sp\u00e9cifications du pot sous pression 2.25 gallons avec agitateur<\/strong><br \/>\nBesoin en air: 1\/10 \u00e0 8 cfm (selon le r\u00e9glage de l&rsquo;air de l&rsquo;agitateur)<br \/>\nPression maximale: 50 psi<br \/>\nEntr\u00e9e d&rsquo;air: 1\/4 \u00ab\u00a0NPS-M<br \/>\nSortie d&rsquo;air: 1\/4 \u00ab\u00a0NPS-M<br \/>\nSortie de fluide: 3\/8 \u00ab\u00a0NPS-M<br \/>\nR\u00e9gulateur d&rsquo;air: double avec cadran<br \/>\nGallon peut tenir \u00e0 l&rsquo;int\u00e9rieur: Oui<\/div>\n","protected":false},"excerpt":{"rendered":"<div id=\"wsite-com-product-info\">\n<div id=\"wsite-com-product-info-inner\">\n<div id=\"wsite-com-product-short-description\">\n<div class=\"paragraph\">\n<div id=\"wsite-com-product-short-description\">\n<div class=\"paragraph\">Ce r\u00e9servoir pressuris\u00e9 de peinture commerciale est peu co\u00fbteux, robuste et facile \u00e0 utiliser et fournit un flux de mati\u00e8re constant pour les pistolets \u00e0 air. Il r\u00e9siste au basculement et est facile \u00e0 nettoyer avec une doublure int\u00e9rieure en acier inoxydable. Pour une utilisation avec tous les rev\u00eatements standard tels que: laque, \u00e9mail, teinture, latex, \u00e9poxy, colle, etc.Une peinture d&rsquo;un gallon peut tenir \u00e0 l&rsquo;int\u00e9rieur. Le moteur pneumatique est robuste, puissant et sa vitesse est contr\u00f4l\u00e9e par une vanne de d\u00e9bit d&rsquo;air.<\/div>\n<\/div>\n<\/div>\n<\/div>\n<\/div>\n<\/div>\n","protected":false},"featured_media":2844,"template":"","meta":{"_acf_changed":false},"product_brand":[],"product_cat":[99,100],"product_tag":[],"class_list":{"0":"post-3393","1":"product","2":"type-product","3":"status-publish","4":"has-post-thumbnail","6":"product_cat-equipment-fr","7":"product_cat-lemmer-fr","9":"first","10":"instock","11":"taxable","12":"shipping-taxable","13":"purchasable","14":"product-type-simple"},"acf":[],"yoast_head":"<!-- This site is optimized with the Yoast SEO plugin v24.8.1 - https:\/\/yoast.com\/wordpress\/plugins\/seo\/ -->\n<title>R\u00e9servoir pressuris\u00e9 2,25 gallons avec agitateur pneumatique - Rustblock Automotive Corrosion Protection<\/title>\n<meta name=\"robots\" content=\"index, follow, max-snippet:-1, max-image-preview:large, max-video-preview:-1\" \/>\n<link rel=\"canonical\" href=\"https:\/\/www.rustblock.com\/fr\/produit\/pressure-pot-2-25-gallon-with-air-agitator\/\" \/>\n<meta property=\"og:locale\" content=\"fr_FR\" \/>\n<meta property=\"og:type\" content=\"article\" \/>\n<meta property=\"og:title\" content=\"R\u00e9servoir pressuris\u00e9 2,25 gallons avec agitateur pneumatique - Rustblock Automotive Corrosion Protection\" \/>\n<meta property=\"og:description\" content=\"Ce r\u00e9servoir pressuris\u00e9 de peinture commerciale est peu co\u00fbteux, robuste et facile \u00e0 utiliser et fournit un flux de mati\u00e8re constant pour les pistolets \u00e0 air. Il r\u00e9siste au basculement et est facile \u00e0 nettoyer avec une doublure int\u00e9rieure en acier inoxydable. Pour une utilisation avec tous les rev\u00eatements standard tels que: laque, \u00e9mail, teinture, latex, \u00e9poxy, colle, etc.Une peinture d&#039;un gallon peut tenir \u00e0 l&#039;int\u00e9rieur. Le moteur pneumatique est robuste, puissant et sa vitesse est contr\u00f4l\u00e9e par une vanne de d\u00e9bit d&#039;air.\" \/>\n<meta property=\"og:url\" content=\"https:\/\/www.rustblock.com\/fr\/produit\/pressure-pot-2-25-gallon-with-air-agitator\/\" \/>\n<meta property=\"og:site_name\" content=\"Rustblock Automotive Corrosion Protection\" \/>\n<meta property=\"og:image\" content=\"https:\/\/www.rustblock.com\/wp-content\/uploads\/2023\/10\/Pressure-Pot-2.25-Gallon-with-Air-Agitator.jpeg\" \/>\n\t<meta property=\"og:image:width\" content=\"640\" \/>\n\t<meta property=\"og:image:height\" content=\"640\" \/>\n\t<meta property=\"og:image:type\" content=\"image\/jpeg\" \/>\n<meta name=\"twitter:card\" content=\"summary_large_image\" \/>\n<meta name=\"twitter:label1\" content=\"Dur\u00e9e de lecture estim\u00e9e\" \/>\n\t<meta name=\"twitter:data1\" content=\"1 minute\" \/>\n<script type=\"application\/ld+json\" class=\"yoast-schema-graph\">{\"@context\":\"https:\/\/schema.org\",\"@graph\":[{\"@type\":\"WebPage\",\"@id\":\"https:\/\/www.rustblock.com\/fr\/produit\/pressure-pot-2-25-gallon-with-air-agitator\/\",\"url\":\"https:\/\/www.rustblock.com\/fr\/produit\/pressure-pot-2-25-gallon-with-air-agitator\/\",\"name\":\"R\u00e9servoir pressuris\u00e9 2,25 gallons avec agitateur pneumatique - Rustblock Automotive Corrosion Protection\",\"isPartOf\":{\"@id\":\"https:\/\/www.rustblock.com\/fr\/#website\"},\"primaryImageOfPage\":{\"@id\":\"https:\/\/www.rustblock.com\/fr\/produit\/pressure-pot-2-25-gallon-with-air-agitator\/#primaryimage\"},\"image\":{\"@id\":\"https:\/\/www.rustblock.com\/fr\/produit\/pressure-pot-2-25-gallon-with-air-agitator\/#primaryimage\"},\"thumbnailUrl\":\"https:\/\/www.rustblock.com\/wp-content\/uploads\/2023\/10\/Pressure-Pot-2.25-Gallon-with-Air-Agitator.jpeg\",\"datePublished\":\"2026-01-26T09:01:41+00:00\",\"breadcrumb\":{\"@id\":\"https:\/\/www.rustblock.com\/fr\/produit\/pressure-pot-2-25-gallon-with-air-agitator\/#breadcrumb\"},\"inLanguage\":\"fr-FR\",\"potentialAction\":[{\"@type\":\"ReadAction\",\"target\":[\"https:\/\/www.rustblock.com\/fr\/produit\/pressure-pot-2-25-gallon-with-air-agitator\/\"]}]},{\"@type\":\"ImageObject\",\"inLanguage\":\"fr-FR\",\"@id\":\"https:\/\/www.rustblock.com\/fr\/produit\/pressure-pot-2-25-gallon-with-air-agitator\/#primaryimage\",\"url\":\"https:\/\/www.rustblock.com\/wp-content\/uploads\/2023\/10\/Pressure-Pot-2.25-Gallon-with-Air-Agitator.jpeg\",\"contentUrl\":\"https:\/\/www.rustblock.com\/wp-content\/uploads\/2023\/10\/Pressure-Pot-2.25-Gallon-with-Air-Agitator.jpeg\",\"width\":640,\"height\":640,\"caption\":\"Pressure Pot 2.25 Gallon with Air Agitator\"},{\"@type\":\"BreadcrumbList\",\"@id\":\"https:\/\/www.rustblock.com\/fr\/produit\/pressure-pot-2-25-gallon-with-air-agitator\/#breadcrumb\",\"itemListElement\":[{\"@type\":\"ListItem\",\"position\":1,\"name\":\"Home\",\"item\":\"https:\/\/www.rustblock.com\/fr\/\"},{\"@type\":\"ListItem\",\"position\":2,\"name\":\"Boutique\",\"item\":\"https:\/\/www.rustblock.com\/fr\/boutique\/\"},{\"@type\":\"ListItem\",\"position\":3,\"name\":\"R\u00e9servoir pressuris\u00e9 2,25 gallons avec agitateur pneumatique\"}]},{\"@type\":\"WebSite\",\"@id\":\"https:\/\/www.rustblock.com\/fr\/#website\",\"url\":\"https:\/\/www.rustblock.com\/fr\/\",\"name\":\"Rustblock Automotive Corrosion Protection\",\"description\":\"Rust proofing for all vehicles\",\"publisher\":{\"@id\":\"https:\/\/www.rustblock.com\/fr\/#organization\"},\"potentialAction\":[{\"@type\":\"SearchAction\",\"target\":{\"@type\":\"EntryPoint\",\"urlTemplate\":\"https:\/\/www.rustblock.com\/fr\/?s={search_term_string}\"},\"query-input\":{\"@type\":\"PropertyValueSpecification\",\"valueRequired\":true,\"valueName\":\"search_term_string\"}}],\"inLanguage\":\"fr-FR\"},{\"@type\":\"Organization\",\"@id\":\"https:\/\/www.rustblock.com\/fr\/#organization\",\"name\":\"Rustblock\",\"alternateName\":\"Rust Block Automotive Corrosion Protection\",\"url\":\"https:\/\/www.rustblock.com\/fr\/\",\"logo\":{\"@type\":\"ImageObject\",\"inLanguage\":\"fr-FR\",\"@id\":\"https:\/\/www.rustblock.com\/fr\/#\/schema\/logo\/image\/\",\"url\":\"https:\/\/www.rustblock.com\/wp-content\/uploads\/2023\/09\/main-logo.jpg\",\"contentUrl\":\"https:\/\/www.rustblock.com\/wp-content\/uploads\/2023\/09\/main-logo.jpg\",\"width\":696,\"height\":696,\"caption\":\"Rustblock\"},\"image\":{\"@id\":\"https:\/\/www.rustblock.com\/fr\/#\/schema\/logo\/image\/\"}}]}<\/script>\n<!-- \/ Yoast SEO plugin. -->","yoast_head_json":{"title":"R\u00e9servoir pressuris\u00e9 2,25 gallons avec agitateur pneumatique - Rustblock Automotive Corrosion Protection","robots":{"index":"index","follow":"follow","max-snippet":"max-snippet:-1","max-image-preview":"max-image-preview:large","max-video-preview":"max-video-preview:-1"},"canonical":"https:\/\/www.rustblock.com\/fr\/produit\/pressure-pot-2-25-gallon-with-air-agitator\/","og_locale":"fr_FR","og_type":"article","og_title":"R\u00e9servoir pressuris\u00e9 2,25 gallons avec agitateur pneumatique - Rustblock Automotive Corrosion Protection","og_description":"Ce r\u00e9servoir pressuris\u00e9 de peinture commerciale est peu co\u00fbteux, robuste et facile \u00e0 utiliser et fournit un flux de mati\u00e8re constant pour les pistolets \u00e0 air. Il r\u00e9siste au basculement et est facile \u00e0 nettoyer avec une doublure int\u00e9rieure en acier inoxydable. Pour une utilisation avec tous les rev\u00eatements standard tels que: laque, \u00e9mail, teinture, latex, \u00e9poxy, colle, etc.Une peinture d'un gallon peut tenir \u00e0 l'int\u00e9rieur. Le moteur pneumatique est robuste, puissant et sa vitesse est contr\u00f4l\u00e9e par une vanne de d\u00e9bit d'air.","og_url":"https:\/\/www.rustblock.com\/fr\/produit\/pressure-pot-2-25-gallon-with-air-agitator\/","og_site_name":"Rustblock Automotive Corrosion Protection","og_image":[{"width":640,"height":640,"url":"https:\/\/www.rustblock.com\/wp-content\/uploads\/2023\/10\/Pressure-Pot-2.25-Gallon-with-Air-Agitator.jpeg","type":"image\/jpeg"}],"twitter_card":"summary_large_image","twitter_misc":{"Dur\u00e9e de lecture estim\u00e9e":"1 minute"},"schema":{"@context":"https:\/\/schema.org","@graph":[{"@type":"WebPage","@id":"https:\/\/www.rustblock.com\/fr\/produit\/pressure-pot-2-25-gallon-with-air-agitator\/","url":"https:\/\/www.rustblock.com\/fr\/produit\/pressure-pot-2-25-gallon-with-air-agitator\/","name":"R\u00e9servoir pressuris\u00e9 2,25 gallons avec agitateur pneumatique - Rustblock Automotive Corrosion Protection","isPartOf":{"@id":"https:\/\/www.rustblock.com\/fr\/#website"},"primaryImageOfPage":{"@id":"https:\/\/www.rustblock.com\/fr\/produit\/pressure-pot-2-25-gallon-with-air-agitator\/#primaryimage"},"image":{"@id":"https:\/\/www.rustblock.com\/fr\/produit\/pressure-pot-2-25-gallon-with-air-agitator\/#primaryimage"},"thumbnailUrl":"https:\/\/www.rustblock.com\/wp-content\/uploads\/2023\/10\/Pressure-Pot-2.25-Gallon-with-Air-Agitator.jpeg","datePublished":"2026-01-26T09:01:41+00:00","breadcrumb":{"@id":"https:\/\/www.rustblock.com\/fr\/produit\/pressure-pot-2-25-gallon-with-air-agitator\/#breadcrumb"},"inLanguage":"fr-FR","potentialAction":[{"@type":"ReadAction","target":["https:\/\/www.rustblock.com\/fr\/produit\/pressure-pot-2-25-gallon-with-air-agitator\/"]}]},{"@type":"ImageObject","inLanguage":"fr-FR","@id":"https:\/\/www.rustblock.com\/fr\/produit\/pressure-pot-2-25-gallon-with-air-agitator\/#primaryimage","url":"https:\/\/www.rustblock.com\/wp-content\/uploads\/2023\/10\/Pressure-Pot-2.25-Gallon-with-Air-Agitator.jpeg","contentUrl":"https:\/\/www.rustblock.com\/wp-content\/uploads\/2023\/10\/Pressure-Pot-2.25-Gallon-with-Air-Agitator.jpeg","width":640,"height":640,"caption":"Pressure Pot 2.25 Gallon with Air Agitator"},{"@type":"BreadcrumbList","@id":"https:\/\/www.rustblock.com\/fr\/produit\/pressure-pot-2-25-gallon-with-air-agitator\/#breadcrumb","itemListElement":[{"@type":"ListItem","position":1,"name":"Home","item":"https:\/\/www.rustblock.com\/fr\/"},{"@type":"ListItem","position":2,"name":"Boutique","item":"https:\/\/www.rustblock.com\/fr\/boutique\/"},{"@type":"ListItem","position":3,"name":"R\u00e9servoir pressuris\u00e9 2,25 gallons avec agitateur pneumatique"}]},{"@type":"WebSite","@id":"https:\/\/www.rustblock.com\/fr\/#website","url":"https:\/\/www.rustblock.com\/fr\/","name":"Rustblock Automotive Corrosion Protection","description":"Rust proofing for all vehicles","publisher":{"@id":"https:\/\/www.rustblock.com\/fr\/#organization"},"potentialAction":[{"@type":"SearchAction","target":{"@type":"EntryPoint","urlTemplate":"https:\/\/www.rustblock.com\/fr\/?s={search_term_string}"},"query-input":{"@type":"PropertyValueSpecification","valueRequired":true,"valueName":"search_term_string"}}],"inLanguage":"fr-FR"},{"@type":"Organization","@id":"https:\/\/www.rustblock.com\/fr\/#organization","name":"Rustblock","alternateName":"Rust Block Automotive Corrosion Protection","url":"https:\/\/www.rustblock.com\/fr\/","logo":{"@type":"ImageObject","inLanguage":"fr-FR","@id":"https:\/\/www.rustblock.com\/fr\/#\/schema\/logo\/image\/","url":"https:\/\/www.rustblock.com\/wp-content\/uploads\/2023\/09\/main-logo.jpg","contentUrl":"https:\/\/www.rustblock.com\/wp-content\/uploads\/2023\/09\/main-logo.jpg","width":696,"height":696,"caption":"Rustblock"},"image":{"@id":"https:\/\/www.rustblock.com\/fr\/#\/schema\/logo\/image\/"}}]}},"_links":{"self":[{"href":"https:\/\/www.rustblock.com\/fr\/wp-json\/wp\/v2\/product\/3393","targetHints":{"allow":["GET"]}}],"collection":[{"href":"https:\/\/www.rustblock.com\/fr\/wp-json\/wp\/v2\/product"}],"about":[{"href":"https:\/\/www.rustblock.com\/fr\/wp-json\/wp\/v2\/types\/product"}],"wp:featuredmedia":[{"embeddable":true,"href":"https:\/\/www.rustblock.com\/fr\/wp-json\/wp\/v2\/media\/2844"}],"wp:attachment":[{"href":"https:\/\/www.rustblock.com\/fr\/wp-json\/wp\/v2\/media?parent=3393"}],"wp:term":[{"taxonomy":"product_brand","embeddable":true,"href":"https:\/\/www.rustblock.com\/fr\/wp-json\/wp\/v2\/product_brand?post=3393"},{"taxonomy":"product_cat","embeddable":true,"href":"https:\/\/www.rustblock.com\/fr\/wp-json\/wp\/v2\/product_cat?post=3393"},{"taxonomy":"product_tag","embeddable":true,"href":"https:\/\/www.rustblock.com\/fr\/wp-json\/wp\/v2\/product_tag?post=3393"}],"curies":[{"name":"wp","href":"https:\/\/api.w.org\/{rel}","templated":true}]}}