{"id":3394,"date":"2026-01-26T00:57:25","date_gmt":"2026-01-26T00:57:25","guid":{"rendered":"https:\/\/www.rustblock.com\/product\/pressure-pot-2-25-gallon-teflon\/"},"modified":"2023-11-16T19:21:46","modified_gmt":"2023-11-16T19:21:46","slug":"pressure-pot-2-25-gallon-teflon","status":"publish","type":"product","link":"https:\/\/www.rustblock.com\/fr\/produit\/pressure-pot-2-25-gallon-teflon\/","title":{"rendered":"Reservoir pressuris\u00e9 2.25 gallons t\u00e9flon"},"content":{"rendered":"<div class=\"paragraph\">\n<div class=\"paragraph\">\u00c9quiper avec 2 r\u00e9gulateurs: l&rsquo;un pour r\u00e9gler la pression du fluide \u00e0 un maximum de 50 psi, et l&rsquo;autre pour r\u00e9gler l&rsquo;air au pistolet \u00e0 un maximum de 100 psi. Pour une utilisation avec tous les rev\u00eatements standard tels que: laque, \u00e9mail, teinture, latex, \u00e9poxy, colle, etc. Un gallon\u00a0a peinture peut s&rsquo;adapter \u00e0 l&rsquo;int\u00e9rieur du r\u00e9servoir. Le tube d&rsquo;aspiration est en acier inoxydable.<\/div>\n<div><\/div>\n<div class=\"paragraph\"><strong>Sp\u00e9cifications du pot pressuris\u00e9<\/strong><br \/>\nConsommation d&rsquo;air: 1\/10 CFM max.\u200b<br \/>\nPression maximale: 50 psi<br \/>\nEntr\u00e9e d&rsquo;air: 1\/4 \u00ab\u00a0NPS-M<br \/>\nSortie d&rsquo;air: 1\/4 \u00ab\u00a0NPS-M<br \/>\nSortie de fluide: 3\/8 \u00ab\u00a0NPS-M<br \/>\nR\u00e9gulateur d&rsquo;air: double avec jauges<br \/>\nLe gallon peut rentrer \u00e0 l&rsquo;int\u00e9rieur: Oui<br \/>\nPoids d&rsquo;exp\u00e9dition (std.): 20,3 lb<br \/>\nTaille d&rsquo;exp\u00e9dition \u00ab\u00a0(std.): 12&Prime;L 12&Prime;W 14&Prime;H<\/div>\n<\/div>\n","protected":false},"excerpt":{"rendered":"<div id=\"wsite-com-product-short-description\">\n<div class=\"paragraph\">\n<div id=\"wsite-com-product-short-description\">\n<div class=\"paragraph\">Ce robuste r\u00e9servoir pressuris\u00e9 de peinture commerciale est peu co\u00fbteux et facile \u00e0 utiliser. Il fournit un flux de mati\u00e8re constant pour les pistolets \u00e0 air. Il r\u00e9siste au basculement et est facile \u00e0 nettoyer gr\u00e2ce \u00e0 son int\u00e9rieur recouvert de t\u00e9flon. (la doublure incluse doit \u00eatre utilis\u00e9e avec de la laque \u00e0 durcissement acide pour emp\u00eacher le rev\u00eatement de t\u00e9flon de se briser et de se m\u00e9langer avec la laque).<\/div>\n<\/div>\n<\/div>\n<\/div>\n","protected":false},"featured_media":2839,"template":"","meta":{"_acf_changed":false},"product_brand":[],"product_cat":[99,100],"product_tag":[],"class_list":{"0":"post-3394","1":"product","2":"type-product","3":"status-publish","4":"has-post-thumbnail","6":"product_cat-equipment-fr","7":"product_cat-lemmer-fr","9":"first","10":"instock","11":"taxable","12":"shipping-taxable","13":"purchasable","14":"product-type-simple"},"acf":[],"yoast_head":"<!-- This site is optimized with the Yoast SEO plugin v24.8.1 - https:\/\/yoast.com\/wordpress\/plugins\/seo\/ -->\n<title>Reservoir pressuris\u00e9 2.25 gallons t\u00e9flon - Rustblock Automotive Corrosion Protection<\/title>\n<meta name=\"robots\" content=\"index, follow, max-snippet:-1, max-image-preview:large, max-video-preview:-1\" \/>\n<link rel=\"canonical\" href=\"https:\/\/www.rustblock.com\/fr\/produit\/pressure-pot-2-25-gallon-teflon\/\" \/>\n<meta property=\"og:locale\" content=\"fr_FR\" \/>\n<meta property=\"og:type\" content=\"article\" \/>\n<meta property=\"og:title\" content=\"Reservoir pressuris\u00e9 2.25 gallons t\u00e9flon - Rustblock Automotive Corrosion Protection\" \/>\n<meta property=\"og:description\" content=\"Ce robuste r\u00e9servoir pressuris\u00e9 de peinture commerciale est peu co\u00fbteux et facile \u00e0 utiliser. Il fournit un flux de mati\u00e8re constant pour les pistolets \u00e0 air. Il r\u00e9siste au basculement et est facile \u00e0 nettoyer gr\u00e2ce \u00e0 son int\u00e9rieur recouvert de t\u00e9flon. (la doublure incluse doit \u00eatre utilis\u00e9e avec de la laque \u00e0 durcissement acide pour emp\u00eacher le rev\u00eatement de t\u00e9flon de se briser et de se m\u00e9langer avec la laque).\" \/>\n<meta property=\"og:url\" content=\"https:\/\/www.rustblock.com\/fr\/produit\/pressure-pot-2-25-gallon-teflon\/\" \/>\n<meta property=\"og:site_name\" content=\"Rustblock Automotive Corrosion Protection\" \/>\n<meta property=\"og:image\" content=\"https:\/\/www.rustblock.com\/wp-content\/uploads\/2023\/10\/Pressure-Pot-2.25-Gallon-Teflon.jpeg\" \/>\n\t<meta property=\"og:image:width\" content=\"853\" \/>\n\t<meta property=\"og:image:height\" content=\"640\" \/>\n\t<meta property=\"og:image:type\" content=\"image\/jpeg\" \/>\n<meta name=\"twitter:card\" content=\"summary_large_image\" \/>\n<meta name=\"twitter:label1\" content=\"Dur\u00e9e de lecture estim\u00e9e\" \/>\n\t<meta name=\"twitter:data1\" content=\"1 minute\" \/>\n<script type=\"application\/ld+json\" class=\"yoast-schema-graph\">{\"@context\":\"https:\/\/schema.org\",\"@graph\":[{\"@type\":\"WebPage\",\"@id\":\"https:\/\/www.rustblock.com\/fr\/produit\/pressure-pot-2-25-gallon-teflon\/\",\"url\":\"https:\/\/www.rustblock.com\/fr\/produit\/pressure-pot-2-25-gallon-teflon\/\",\"name\":\"Reservoir pressuris\u00e9 2.25 gallons t\u00e9flon - Rustblock Automotive Corrosion Protection\",\"isPartOf\":{\"@id\":\"https:\/\/www.rustblock.com\/fr\/#website\"},\"primaryImageOfPage\":{\"@id\":\"https:\/\/www.rustblock.com\/fr\/produit\/pressure-pot-2-25-gallon-teflon\/#primaryimage\"},\"image\":{\"@id\":\"https:\/\/www.rustblock.com\/fr\/produit\/pressure-pot-2-25-gallon-teflon\/#primaryimage\"},\"thumbnailUrl\":\"https:\/\/www.rustblock.com\/wp-content\/uploads\/2023\/10\/Pressure-Pot-2.25-Gallon-Teflon.jpeg\",\"datePublished\":\"2026-01-26T00:57:25+00:00\",\"breadcrumb\":{\"@id\":\"https:\/\/www.rustblock.com\/fr\/produit\/pressure-pot-2-25-gallon-teflon\/#breadcrumb\"},\"inLanguage\":\"fr-FR\",\"potentialAction\":[{\"@type\":\"ReadAction\",\"target\":[\"https:\/\/www.rustblock.com\/fr\/produit\/pressure-pot-2-25-gallon-teflon\/\"]}]},{\"@type\":\"ImageObject\",\"inLanguage\":\"fr-FR\",\"@id\":\"https:\/\/www.rustblock.com\/fr\/produit\/pressure-pot-2-25-gallon-teflon\/#primaryimage\",\"url\":\"https:\/\/www.rustblock.com\/wp-content\/uploads\/2023\/10\/Pressure-Pot-2.25-Gallon-Teflon.jpeg\",\"contentUrl\":\"https:\/\/www.rustblock.com\/wp-content\/uploads\/2023\/10\/Pressure-Pot-2.25-Gallon-Teflon.jpeg\",\"width\":853,\"height\":640,\"caption\":\"Pressure Pot 2.25 Gallon Teflon\"},{\"@type\":\"BreadcrumbList\",\"@id\":\"https:\/\/www.rustblock.com\/fr\/produit\/pressure-pot-2-25-gallon-teflon\/#breadcrumb\",\"itemListElement\":[{\"@type\":\"ListItem\",\"position\":1,\"name\":\"Home\",\"item\":\"https:\/\/www.rustblock.com\/fr\/\"},{\"@type\":\"ListItem\",\"position\":2,\"name\":\"Boutique\",\"item\":\"https:\/\/www.rustblock.com\/fr\/boutique\/\"},{\"@type\":\"ListItem\",\"position\":3,\"name\":\"Reservoir pressuris\u00e9 2.25 gallons t\u00e9flon\"}]},{\"@type\":\"WebSite\",\"@id\":\"https:\/\/www.rustblock.com\/fr\/#website\",\"url\":\"https:\/\/www.rustblock.com\/fr\/\",\"name\":\"Rustblock Automotive Corrosion Protection\",\"description\":\"Rust proofing for all vehicles\",\"publisher\":{\"@id\":\"https:\/\/www.rustblock.com\/fr\/#organization\"},\"potentialAction\":[{\"@type\":\"SearchAction\",\"target\":{\"@type\":\"EntryPoint\",\"urlTemplate\":\"https:\/\/www.rustblock.com\/fr\/?s={search_term_string}\"},\"query-input\":{\"@type\":\"PropertyValueSpecification\",\"valueRequired\":true,\"valueName\":\"search_term_string\"}}],\"inLanguage\":\"fr-FR\"},{\"@type\":\"Organization\",\"@id\":\"https:\/\/www.rustblock.com\/fr\/#organization\",\"name\":\"Rustblock\",\"alternateName\":\"Rust Block Automotive Corrosion Protection\",\"url\":\"https:\/\/www.rustblock.com\/fr\/\",\"logo\":{\"@type\":\"ImageObject\",\"inLanguage\":\"fr-FR\",\"@id\":\"https:\/\/www.rustblock.com\/fr\/#\/schema\/logo\/image\/\",\"url\":\"https:\/\/www.rustblock.com\/wp-content\/uploads\/2023\/09\/main-logo.jpg\",\"contentUrl\":\"https:\/\/www.rustblock.com\/wp-content\/uploads\/2023\/09\/main-logo.jpg\",\"width\":696,\"height\":696,\"caption\":\"Rustblock\"},\"image\":{\"@id\":\"https:\/\/www.rustblock.com\/fr\/#\/schema\/logo\/image\/\"}}]}<\/script>\n<!-- \/ Yoast SEO plugin. -->","yoast_head_json":{"title":"Reservoir pressuris\u00e9 2.25 gallons t\u00e9flon - Rustblock Automotive Corrosion Protection","robots":{"index":"index","follow":"follow","max-snippet":"max-snippet:-1","max-image-preview":"max-image-preview:large","max-video-preview":"max-video-preview:-1"},"canonical":"https:\/\/www.rustblock.com\/fr\/produit\/pressure-pot-2-25-gallon-teflon\/","og_locale":"fr_FR","og_type":"article","og_title":"Reservoir pressuris\u00e9 2.25 gallons t\u00e9flon - Rustblock Automotive Corrosion Protection","og_description":"Ce robuste r\u00e9servoir pressuris\u00e9 de peinture commerciale est peu co\u00fbteux et facile \u00e0 utiliser. Il fournit un flux de mati\u00e8re constant pour les pistolets \u00e0 air. Il r\u00e9siste au basculement et est facile \u00e0 nettoyer gr\u00e2ce \u00e0 son int\u00e9rieur recouvert de t\u00e9flon. (la doublure incluse doit \u00eatre utilis\u00e9e avec de la laque \u00e0 durcissement acide pour emp\u00eacher le rev\u00eatement de t\u00e9flon de se briser et de se m\u00e9langer avec la laque).","og_url":"https:\/\/www.rustblock.com\/fr\/produit\/pressure-pot-2-25-gallon-teflon\/","og_site_name":"Rustblock Automotive Corrosion Protection","og_image":[{"width":853,"height":640,"url":"https:\/\/www.rustblock.com\/wp-content\/uploads\/2023\/10\/Pressure-Pot-2.25-Gallon-Teflon.jpeg","type":"image\/jpeg"}],"twitter_card":"summary_large_image","twitter_misc":{"Dur\u00e9e de lecture estim\u00e9e":"1 minute"},"schema":{"@context":"https:\/\/schema.org","@graph":[{"@type":"WebPage","@id":"https:\/\/www.rustblock.com\/fr\/produit\/pressure-pot-2-25-gallon-teflon\/","url":"https:\/\/www.rustblock.com\/fr\/produit\/pressure-pot-2-25-gallon-teflon\/","name":"Reservoir pressuris\u00e9 2.25 gallons t\u00e9flon - Rustblock Automotive Corrosion Protection","isPartOf":{"@id":"https:\/\/www.rustblock.com\/fr\/#website"},"primaryImageOfPage":{"@id":"https:\/\/www.rustblock.com\/fr\/produit\/pressure-pot-2-25-gallon-teflon\/#primaryimage"},"image":{"@id":"https:\/\/www.rustblock.com\/fr\/produit\/pressure-pot-2-25-gallon-teflon\/#primaryimage"},"thumbnailUrl":"https:\/\/www.rustblock.com\/wp-content\/uploads\/2023\/10\/Pressure-Pot-2.25-Gallon-Teflon.jpeg","datePublished":"2026-01-26T00:57:25+00:00","breadcrumb":{"@id":"https:\/\/www.rustblock.com\/fr\/produit\/pressure-pot-2-25-gallon-teflon\/#breadcrumb"},"inLanguage":"fr-FR","potentialAction":[{"@type":"ReadAction","target":["https:\/\/www.rustblock.com\/fr\/produit\/pressure-pot-2-25-gallon-teflon\/"]}]},{"@type":"ImageObject","inLanguage":"fr-FR","@id":"https:\/\/www.rustblock.com\/fr\/produit\/pressure-pot-2-25-gallon-teflon\/#primaryimage","url":"https:\/\/www.rustblock.com\/wp-content\/uploads\/2023\/10\/Pressure-Pot-2.25-Gallon-Teflon.jpeg","contentUrl":"https:\/\/www.rustblock.com\/wp-content\/uploads\/2023\/10\/Pressure-Pot-2.25-Gallon-Teflon.jpeg","width":853,"height":640,"caption":"Pressure Pot 2.25 Gallon Teflon"},{"@type":"BreadcrumbList","@id":"https:\/\/www.rustblock.com\/fr\/produit\/pressure-pot-2-25-gallon-teflon\/#breadcrumb","itemListElement":[{"@type":"ListItem","position":1,"name":"Home","item":"https:\/\/www.rustblock.com\/fr\/"},{"@type":"ListItem","position":2,"name":"Boutique","item":"https:\/\/www.rustblock.com\/fr\/boutique\/"},{"@type":"ListItem","position":3,"name":"Reservoir pressuris\u00e9 2.25 gallons t\u00e9flon"}]},{"@type":"WebSite","@id":"https:\/\/www.rustblock.com\/fr\/#website","url":"https:\/\/www.rustblock.com\/fr\/","name":"Rustblock Automotive Corrosion Protection","description":"Rust proofing for all vehicles","publisher":{"@id":"https:\/\/www.rustblock.com\/fr\/#organization"},"potentialAction":[{"@type":"SearchAction","target":{"@type":"EntryPoint","urlTemplate":"https:\/\/www.rustblock.com\/fr\/?s={search_term_string}"},"query-input":{"@type":"PropertyValueSpecification","valueRequired":true,"valueName":"search_term_string"}}],"inLanguage":"fr-FR"},{"@type":"Organization","@id":"https:\/\/www.rustblock.com\/fr\/#organization","name":"Rustblock","alternateName":"Rust Block Automotive Corrosion Protection","url":"https:\/\/www.rustblock.com\/fr\/","logo":{"@type":"ImageObject","inLanguage":"fr-FR","@id":"https:\/\/www.rustblock.com\/fr\/#\/schema\/logo\/image\/","url":"https:\/\/www.rustblock.com\/wp-content\/uploads\/2023\/09\/main-logo.jpg","contentUrl":"https:\/\/www.rustblock.com\/wp-content\/uploads\/2023\/09\/main-logo.jpg","width":696,"height":696,"caption":"Rustblock"},"image":{"@id":"https:\/\/www.rustblock.com\/fr\/#\/schema\/logo\/image\/"}}]}},"_links":{"self":[{"href":"https:\/\/www.rustblock.com\/fr\/wp-json\/wp\/v2\/product\/3394","targetHints":{"allow":["GET"]}}],"collection":[{"href":"https:\/\/www.rustblock.com\/fr\/wp-json\/wp\/v2\/product"}],"about":[{"href":"https:\/\/www.rustblock.com\/fr\/wp-json\/wp\/v2\/types\/product"}],"wp:featuredmedia":[{"embeddable":true,"href":"https:\/\/www.rustblock.com\/fr\/wp-json\/wp\/v2\/media\/2839"}],"wp:attachment":[{"href":"https:\/\/www.rustblock.com\/fr\/wp-json\/wp\/v2\/media?parent=3394"}],"wp:term":[{"taxonomy":"product_brand","embeddable":true,"href":"https:\/\/www.rustblock.com\/fr\/wp-json\/wp\/v2\/product_brand?post=3394"},{"taxonomy":"product_cat","embeddable":true,"href":"https:\/\/www.rustblock.com\/fr\/wp-json\/wp\/v2\/product_cat?post=3394"},{"taxonomy":"product_tag","embeddable":true,"href":"https:\/\/www.rustblock.com\/fr\/wp-json\/wp\/v2\/product_tag?post=3394"}],"curies":[{"name":"wp","href":"https:\/\/api.w.org\/{rel}","templated":true}]}}