{"id":3395,"date":"2026-01-26T09:52:19","date_gmt":"2026-01-26T09:52:19","guid":{"rendered":"https:\/\/www.rustblock.com\/product\/pressure-pot-2-25-gallon-kit-a-910-1-8mm-3-8-x-25\/"},"modified":"2023-11-16T19:22:52","modified_gmt":"2023-11-16T19:22:52","slug":"pressure-pot-2-25-gallon-kit-a-910-1-8mm-3-8-x-25","status":"publish","type":"product","link":"https:\/\/www.rustblock.com\/fr\/produit\/pressure-pot-2-25-gallon-kit-a-910-1-8mm-3-8-x-25\/","title":{"rendered":"Ensemble de pot \u00e0 pression 2,25 gallons A-910 1,8 mm 3\/8&Prime; x 25&prime;"},"content":{"rendered":"<div class=\"paragraph\">\n<div class=\"paragraph\">Le pistolet de pulv\u00e9risation conventionnel A-910 est con\u00e7u pour la finition soign\u00e9e des meubles, les ateliers de carrosserie, les ateliers de fabrication de m\u00e9taux, les entrepreneurs et les amateurs. Le contr\u00f4le de la largeur du jet de pulv\u00e9risation est ajust\u00e9 en haut \u00e0 l&rsquo;arri\u00e8re du pistolet, le mod\u00e8le de jet horizontal et vertical est contr\u00f4l\u00e9 au niveau du chapeau d&rsquo;air et le flux de produit est contr\u00f4l\u00e9 \u00e0 l&rsquo;arri\u00e8re du pistolet. Les mat\u00e9riaux qui peuvent \u00eatre pulv\u00e9ris\u00e9s comprennent le vernis, l&rsquo;ur\u00e9thane, la laque, la peinture automobile, l&rsquo;\u00e9poxy, l&rsquo;\u00e9mail, la teinture, le latex, la base d&rsquo;huile et les rev\u00eatements industrielles de haute viscosit\u00e9 avec l\u2019utilisation d\u2019une plus grosse aiguille.<\/div>\n<div><\/div>\n<div>\n<div class=\"wsite-multicol\">\n<div class=\"wsite-multicol-table-wrap\">\n<table class=\"wsite-multicol-table\">\n<tbody class=\"wsite-multicol-tbody\">\n<tr class=\"wsite-multicol-tr\">\n<td class=\"wsite-multicol-col\">\n<div class=\"paragraph\"><strong>Caract\u00e9ristiques du A-910\u00a0 :<\/strong><br \/>\nExigences: 4-10 cfm @ 60psi<br \/>\nEntr\u00e9e PSI (typique): 30 &#8211; 60 psi<br \/>\nEntr\u00e9e de fluide: 3\/8 \u00ab\u00a0NPS-M<br \/>\nEntr\u00e9e d&rsquo;air: 1\/4 \u00ab\u00a0NPS-M<br \/>\nType d&rsquo;atomisation: externe conventionnel<\/div>\n<\/td>\n<td class=\"wsite-multicol-col\">\n<div class=\"paragraph\"><strong>Sp\u00e9cifications du Boyau double<\/strong><br \/>\n1\/4 \u00ab\u00a0x 25 &lsquo;<br \/>\nLe boyau d&rsquo;air de cette ensemble est en caoutchouc EPDM r\u00e9sistant aux solvants et \u00e0 l&rsquo;usure. Le boyau pour fluide a une enveloppe ext\u00e9rieure solide et est doubl\u00e9 d&rsquo;une couche lisse de poly\u00e9thyl\u00e8ne \/ thermoplastique r\u00e9sistant aux solvants pour un nettoyage rapide et une durabilit\u00e9 maximale.<\/div>\n<\/td>\n<\/tr>\n<\/tbody>\n<\/table>\n<\/div>\n<\/div>\n<\/div>\n<div>\n<div class=\"wsite-multicol\">\n<div class=\"wsite-multicol-table-wrap\">\n<table class=\"wsite-multicol-table\">\n<tbody class=\"wsite-multicol-tbody\">\n<tr class=\"wsite-multicol-tr\">\n<td class=\"wsite-multicol-col\">\n<div class=\"paragraph\"><strong>Sp\u00e9cifications du pot de pression<\/strong><br \/>\nConsommation d&rsquo;air: 1\/10 CFM max.\u200b<br \/>\nPression maximale: 50 psi<br \/>\nEntr\u00e9e d&rsquo;air: 1\/4 \u00ab\u00a0NPS-M<br \/>\nSortie d&rsquo;air: 1\/4 \u00ab\u00a0NPS-M<br \/>\nSortie de fluide: 3\/8 \u00ab\u00a0NPS-M<br \/>\nR\u00e9gulateur d&rsquo;air: double avec jauges<br \/>\nLe gallon peut rentrer \u00e0 l&rsquo;int\u00e9rieur: Oui<\/div>\n<\/td>\n<td class=\"wsite-multicol-col\">\n<div class=\"paragraph\">\u200b<strong>Sp\u00e9cifications de la bo\u00eete d&rsquo;exp\u00e9dition<\/strong><br \/>\nPoids d&rsquo;exp\u00e9dition: 26 lb<br \/>\nTaille d&rsquo;exp\u00e9dition \u00ab\u00a0(std.): 12Lx12Wx20.5H<\/div>\n<\/td>\n<\/tr>\n<\/tbody>\n<\/table>\n<\/div>\n<\/div>\n<\/div>\n<\/div>\n<div>\n<div class=\"wsite-multicol\"><\/div>\n<\/div>\n","protected":false},"excerpt":{"rendered":"<div id=\"wsite-com-product-short-description\">\n<div class=\"paragraph\">\n<div id=\"wsite-com-product-short-description\">\n<div class=\"paragraph\">Le r\u00e9servoir pressuris\u00e9 \u00e0 peinture est con\u00e7u pour durer gr\u00e2ce a une robuste construction commercial tout en acier \u00e9pais. Il comprend des r\u00e9gulateurs de haute qualit\u00e9 avec des jauges en verre, une doublure int\u00e9rieure rempla\u00e7able et une tige de suction en acier inoxydable. Cette ensemble complet comprend un pot pressuris\u00e9 de 2,25 gallons, un ensemble de flexibles doubles de 25 pieds et un pistolet de pulv\u00e9risation professionnel A-910.<\/div>\n<\/div>\n<\/div>\n<\/div>\n","protected":false},"featured_media":2836,"template":"","meta":{"_acf_changed":false},"product_brand":[],"product_cat":[99,100],"product_tag":[],"class_list":{"0":"post-3395","1":"product","2":"type-product","3":"status-publish","4":"has-post-thumbnail","6":"product_cat-equipment-fr","7":"product_cat-lemmer-fr","9":"first","10":"instock","11":"taxable","12":"shipping-taxable","13":"purchasable","14":"product-type-simple"},"acf":[],"yoast_head":"<!-- This site is optimized with the Yoast SEO plugin v24.8.1 - https:\/\/yoast.com\/wordpress\/plugins\/seo\/ -->\n<title>Ensemble de pot \u00e0 pression 2,25 gallons A-910 1,8 mm 3\/8&quot; x 25&#039; - Rustblock Automotive Corrosion Protection<\/title>\n<meta name=\"robots\" content=\"index, follow, max-snippet:-1, max-image-preview:large, max-video-preview:-1\" \/>\n<link rel=\"canonical\" href=\"https:\/\/www.rustblock.com\/fr\/produit\/pressure-pot-2-25-gallon-kit-a-910-1-8mm-3-8-x-25\/\" \/>\n<meta property=\"og:locale\" content=\"fr_FR\" \/>\n<meta property=\"og:type\" content=\"article\" \/>\n<meta property=\"og:title\" content=\"Ensemble de pot \u00e0 pression 2,25 gallons A-910 1,8 mm 3\/8&quot; x 25&#039; - Rustblock Automotive Corrosion Protection\" \/>\n<meta property=\"og:description\" content=\"Le r\u00e9servoir pressuris\u00e9 \u00e0 peinture est con\u00e7u pour durer gr\u00e2ce a une robuste construction commercial tout en acier \u00e9pais. Il comprend des r\u00e9gulateurs de haute qualit\u00e9 avec des jauges en verre, une doublure int\u00e9rieure rempla\u00e7able et une tige de suction en acier inoxydable. Cette ensemble complet comprend un pot pressuris\u00e9 de 2,25 gallons, un ensemble de flexibles doubles de 25 pieds et un pistolet de pulv\u00e9risation professionnel A-910.\" \/>\n<meta property=\"og:url\" content=\"https:\/\/www.rustblock.com\/fr\/produit\/pressure-pot-2-25-gallon-kit-a-910-1-8mm-3-8-x-25\/\" \/>\n<meta property=\"og:site_name\" content=\"Rustblock Automotive Corrosion Protection\" \/>\n<meta property=\"og:image\" content=\"https:\/\/www.rustblock.com\/wp-content\/uploads\/2023\/10\/pot-kit.webp\" \/>\n\t<meta property=\"og:image:width\" content=\"640\" \/>\n\t<meta property=\"og:image:height\" content=\"640\" \/>\n\t<meta property=\"og:image:type\" content=\"image\/webp\" \/>\n<meta name=\"twitter:card\" content=\"summary_large_image\" \/>\n<meta name=\"twitter:label1\" content=\"Dur\u00e9e de lecture estim\u00e9e\" \/>\n\t<meta name=\"twitter:data1\" content=\"2 minutes\" \/>\n<script type=\"application\/ld+json\" class=\"yoast-schema-graph\">{\"@context\":\"https:\/\/schema.org\",\"@graph\":[{\"@type\":\"WebPage\",\"@id\":\"https:\/\/www.rustblock.com\/fr\/produit\/pressure-pot-2-25-gallon-kit-a-910-1-8mm-3-8-x-25\/\",\"url\":\"https:\/\/www.rustblock.com\/fr\/produit\/pressure-pot-2-25-gallon-kit-a-910-1-8mm-3-8-x-25\/\",\"name\":\"Ensemble de pot \u00e0 pression 2,25 gallons A-910 1,8 mm 3\/8\\\" x 25' - Rustblock Automotive Corrosion Protection\",\"isPartOf\":{\"@id\":\"https:\/\/www.rustblock.com\/fr\/#website\"},\"primaryImageOfPage\":{\"@id\":\"https:\/\/www.rustblock.com\/fr\/produit\/pressure-pot-2-25-gallon-kit-a-910-1-8mm-3-8-x-25\/#primaryimage\"},\"image\":{\"@id\":\"https:\/\/www.rustblock.com\/fr\/produit\/pressure-pot-2-25-gallon-kit-a-910-1-8mm-3-8-x-25\/#primaryimage\"},\"thumbnailUrl\":\"https:\/\/www.rustblock.com\/wp-content\/uploads\/2023\/10\/pot-kit.webp\",\"datePublished\":\"2026-01-26T09:52:19+00:00\",\"breadcrumb\":{\"@id\":\"https:\/\/www.rustblock.com\/fr\/produit\/pressure-pot-2-25-gallon-kit-a-910-1-8mm-3-8-x-25\/#breadcrumb\"},\"inLanguage\":\"fr-FR\",\"potentialAction\":[{\"@type\":\"ReadAction\",\"target\":[\"https:\/\/www.rustblock.com\/fr\/produit\/pressure-pot-2-25-gallon-kit-a-910-1-8mm-3-8-x-25\/\"]}]},{\"@type\":\"ImageObject\",\"inLanguage\":\"fr-FR\",\"@id\":\"https:\/\/www.rustblock.com\/fr\/produit\/pressure-pot-2-25-gallon-kit-a-910-1-8mm-3-8-x-25\/#primaryimage\",\"url\":\"https:\/\/www.rustblock.com\/wp-content\/uploads\/2023\/10\/pot-kit.webp\",\"contentUrl\":\"https:\/\/www.rustblock.com\/wp-content\/uploads\/2023\/10\/pot-kit.webp\",\"width\":640,\"height\":640,\"caption\":\"pot kit\"},{\"@type\":\"BreadcrumbList\",\"@id\":\"https:\/\/www.rustblock.com\/fr\/produit\/pressure-pot-2-25-gallon-kit-a-910-1-8mm-3-8-x-25\/#breadcrumb\",\"itemListElement\":[{\"@type\":\"ListItem\",\"position\":1,\"name\":\"Home\",\"item\":\"https:\/\/www.rustblock.com\/fr\/\"},{\"@type\":\"ListItem\",\"position\":2,\"name\":\"Boutique\",\"item\":\"https:\/\/www.rustblock.com\/fr\/boutique\/\"},{\"@type\":\"ListItem\",\"position\":3,\"name\":\"Ensemble de pot \u00e0 pression 2,25 gallons A-910 1,8 mm 3\/8&#8243; x 25&#8242;\"}]},{\"@type\":\"WebSite\",\"@id\":\"https:\/\/www.rustblock.com\/fr\/#website\",\"url\":\"https:\/\/www.rustblock.com\/fr\/\",\"name\":\"Rustblock Automotive Corrosion Protection\",\"description\":\"Rust proofing for all vehicles\",\"publisher\":{\"@id\":\"https:\/\/www.rustblock.com\/fr\/#organization\"},\"potentialAction\":[{\"@type\":\"SearchAction\",\"target\":{\"@type\":\"EntryPoint\",\"urlTemplate\":\"https:\/\/www.rustblock.com\/fr\/?s={search_term_string}\"},\"query-input\":{\"@type\":\"PropertyValueSpecification\",\"valueRequired\":true,\"valueName\":\"search_term_string\"}}],\"inLanguage\":\"fr-FR\"},{\"@type\":\"Organization\",\"@id\":\"https:\/\/www.rustblock.com\/fr\/#organization\",\"name\":\"Rustblock\",\"alternateName\":\"Rust Block Automotive Corrosion Protection\",\"url\":\"https:\/\/www.rustblock.com\/fr\/\",\"logo\":{\"@type\":\"ImageObject\",\"inLanguage\":\"fr-FR\",\"@id\":\"https:\/\/www.rustblock.com\/fr\/#\/schema\/logo\/image\/\",\"url\":\"https:\/\/www.rustblock.com\/wp-content\/uploads\/2023\/09\/main-logo.jpg\",\"contentUrl\":\"https:\/\/www.rustblock.com\/wp-content\/uploads\/2023\/09\/main-logo.jpg\",\"width\":696,\"height\":696,\"caption\":\"Rustblock\"},\"image\":{\"@id\":\"https:\/\/www.rustblock.com\/fr\/#\/schema\/logo\/image\/\"}}]}<\/script>\n<!-- \/ Yoast SEO plugin. -->","yoast_head_json":{"title":"Ensemble de pot \u00e0 pression 2,25 gallons A-910 1,8 mm 3\/8\" x 25' - Rustblock Automotive Corrosion Protection","robots":{"index":"index","follow":"follow","max-snippet":"max-snippet:-1","max-image-preview":"max-image-preview:large","max-video-preview":"max-video-preview:-1"},"canonical":"https:\/\/www.rustblock.com\/fr\/produit\/pressure-pot-2-25-gallon-kit-a-910-1-8mm-3-8-x-25\/","og_locale":"fr_FR","og_type":"article","og_title":"Ensemble de pot \u00e0 pression 2,25 gallons A-910 1,8 mm 3\/8\" x 25' - Rustblock Automotive Corrosion Protection","og_description":"Le r\u00e9servoir pressuris\u00e9 \u00e0 peinture est con\u00e7u pour durer gr\u00e2ce a une robuste construction commercial tout en acier \u00e9pais. Il comprend des r\u00e9gulateurs de haute qualit\u00e9 avec des jauges en verre, une doublure int\u00e9rieure rempla\u00e7able et une tige de suction en acier inoxydable. Cette ensemble complet comprend un pot pressuris\u00e9 de 2,25 gallons, un ensemble de flexibles doubles de 25 pieds et un pistolet de pulv\u00e9risation professionnel A-910.","og_url":"https:\/\/www.rustblock.com\/fr\/produit\/pressure-pot-2-25-gallon-kit-a-910-1-8mm-3-8-x-25\/","og_site_name":"Rustblock Automotive Corrosion Protection","og_image":[{"width":640,"height":640,"url":"https:\/\/www.rustblock.com\/wp-content\/uploads\/2023\/10\/pot-kit.webp","type":"image\/webp"}],"twitter_card":"summary_large_image","twitter_misc":{"Dur\u00e9e de lecture estim\u00e9e":"2 minutes"},"schema":{"@context":"https:\/\/schema.org","@graph":[{"@type":"WebPage","@id":"https:\/\/www.rustblock.com\/fr\/produit\/pressure-pot-2-25-gallon-kit-a-910-1-8mm-3-8-x-25\/","url":"https:\/\/www.rustblock.com\/fr\/produit\/pressure-pot-2-25-gallon-kit-a-910-1-8mm-3-8-x-25\/","name":"Ensemble de pot \u00e0 pression 2,25 gallons A-910 1,8 mm 3\/8\" x 25' - Rustblock Automotive Corrosion Protection","isPartOf":{"@id":"https:\/\/www.rustblock.com\/fr\/#website"},"primaryImageOfPage":{"@id":"https:\/\/www.rustblock.com\/fr\/produit\/pressure-pot-2-25-gallon-kit-a-910-1-8mm-3-8-x-25\/#primaryimage"},"image":{"@id":"https:\/\/www.rustblock.com\/fr\/produit\/pressure-pot-2-25-gallon-kit-a-910-1-8mm-3-8-x-25\/#primaryimage"},"thumbnailUrl":"https:\/\/www.rustblock.com\/wp-content\/uploads\/2023\/10\/pot-kit.webp","datePublished":"2026-01-26T09:52:19+00:00","breadcrumb":{"@id":"https:\/\/www.rustblock.com\/fr\/produit\/pressure-pot-2-25-gallon-kit-a-910-1-8mm-3-8-x-25\/#breadcrumb"},"inLanguage":"fr-FR","potentialAction":[{"@type":"ReadAction","target":["https:\/\/www.rustblock.com\/fr\/produit\/pressure-pot-2-25-gallon-kit-a-910-1-8mm-3-8-x-25\/"]}]},{"@type":"ImageObject","inLanguage":"fr-FR","@id":"https:\/\/www.rustblock.com\/fr\/produit\/pressure-pot-2-25-gallon-kit-a-910-1-8mm-3-8-x-25\/#primaryimage","url":"https:\/\/www.rustblock.com\/wp-content\/uploads\/2023\/10\/pot-kit.webp","contentUrl":"https:\/\/www.rustblock.com\/wp-content\/uploads\/2023\/10\/pot-kit.webp","width":640,"height":640,"caption":"pot kit"},{"@type":"BreadcrumbList","@id":"https:\/\/www.rustblock.com\/fr\/produit\/pressure-pot-2-25-gallon-kit-a-910-1-8mm-3-8-x-25\/#breadcrumb","itemListElement":[{"@type":"ListItem","position":1,"name":"Home","item":"https:\/\/www.rustblock.com\/fr\/"},{"@type":"ListItem","position":2,"name":"Boutique","item":"https:\/\/www.rustblock.com\/fr\/boutique\/"},{"@type":"ListItem","position":3,"name":"Ensemble de pot \u00e0 pression 2,25 gallons A-910 1,8 mm 3\/8&#8243; x 25&#8242;"}]},{"@type":"WebSite","@id":"https:\/\/www.rustblock.com\/fr\/#website","url":"https:\/\/www.rustblock.com\/fr\/","name":"Rustblock Automotive Corrosion Protection","description":"Rust proofing for all vehicles","publisher":{"@id":"https:\/\/www.rustblock.com\/fr\/#organization"},"potentialAction":[{"@type":"SearchAction","target":{"@type":"EntryPoint","urlTemplate":"https:\/\/www.rustblock.com\/fr\/?s={search_term_string}"},"query-input":{"@type":"PropertyValueSpecification","valueRequired":true,"valueName":"search_term_string"}}],"inLanguage":"fr-FR"},{"@type":"Organization","@id":"https:\/\/www.rustblock.com\/fr\/#organization","name":"Rustblock","alternateName":"Rust Block Automotive Corrosion Protection","url":"https:\/\/www.rustblock.com\/fr\/","logo":{"@type":"ImageObject","inLanguage":"fr-FR","@id":"https:\/\/www.rustblock.com\/fr\/#\/schema\/logo\/image\/","url":"https:\/\/www.rustblock.com\/wp-content\/uploads\/2023\/09\/main-logo.jpg","contentUrl":"https:\/\/www.rustblock.com\/wp-content\/uploads\/2023\/09\/main-logo.jpg","width":696,"height":696,"caption":"Rustblock"},"image":{"@id":"https:\/\/www.rustblock.com\/fr\/#\/schema\/logo\/image\/"}}]}},"_links":{"self":[{"href":"https:\/\/www.rustblock.com\/fr\/wp-json\/wp\/v2\/product\/3395","targetHints":{"allow":["GET"]}}],"collection":[{"href":"https:\/\/www.rustblock.com\/fr\/wp-json\/wp\/v2\/product"}],"about":[{"href":"https:\/\/www.rustblock.com\/fr\/wp-json\/wp\/v2\/types\/product"}],"wp:featuredmedia":[{"embeddable":true,"href":"https:\/\/www.rustblock.com\/fr\/wp-json\/wp\/v2\/media\/2836"}],"wp:attachment":[{"href":"https:\/\/www.rustblock.com\/fr\/wp-json\/wp\/v2\/media?parent=3395"}],"wp:term":[{"taxonomy":"product_brand","embeddable":true,"href":"https:\/\/www.rustblock.com\/fr\/wp-json\/wp\/v2\/product_brand?post=3395"},{"taxonomy":"product_cat","embeddable":true,"href":"https:\/\/www.rustblock.com\/fr\/wp-json\/wp\/v2\/product_cat?post=3395"},{"taxonomy":"product_tag","embeddable":true,"href":"https:\/\/www.rustblock.com\/fr\/wp-json\/wp\/v2\/product_tag?post=3395"}],"curies":[{"name":"wp","href":"https:\/\/api.w.org\/{rel}","templated":true}]}}