{"id":3416,"date":"2023-09-14T13:06:53","date_gmt":"2023-09-14T13:06:53","guid":{"rendered":"https:\/\/www.rustblock.com\/product\/rustblock\/"},"modified":"2023-12-01T20:07:12","modified_gmt":"2023-12-01T20:07:12","slug":"rustblock","status":"publish","type":"product","link":"https:\/\/www.rustblock.com\/fr\/produit\/rustblock\/","title":{"rendered":"Rustblock"},"content":{"rendered":"<p><strong>Maison<\/strong><\/p>\n<ul>\n<li>\u00c9quipement de jardin<\/li>\n<li>\u00c9quipement de sport<\/li>\n<li>Les serrures, les charni\u00e8res et les loquets<\/li>\n<\/ul>\n<p><strong>Automobile<\/strong><\/p>\n<ul>\n<li>Les \u00e9crous et les boulons<\/li>\n<li>Tous les c\u00e2bles et les m\u00e9canismes<\/li>\n<li>Les outils<\/li>\n<li>Les panneaux de carrosserie<\/li>\n<\/ul>\n<p><strong>V\u00e9hicule marin<\/strong><\/p>\n<ul>\n<li>Pour prot\u00e9ger les surfaces m\u00e9talliques expos\u00e9es aux intemp\u00e9ries et \u00e0 l\u2019eau sal\u00e9e<\/li>\n<\/ul>\n<p><strong>Industriel<\/strong><\/p>\n<ul>\n<li>Les pi\u00e8ces de rechange pour machinerie lourde<\/li>\n<li>Pour pr\u00e9server les surfaces m\u00e9talliques<\/li>\n<li>\u00c9quipement agricole<\/li>\n<\/ul>\n","protected":false},"excerpt":{"rendered":"<p><span lang=\"EN-CA\">Rustblock est un lubrifiant anticorrosion \u00e0 usages multiples qui r\u00e9siste \u00e0 l\u2019eau.<\/span><\/p>\n<p><span lang=\"EN-CA\">Il forme une pellicule qui ne s\u00e8che pas et qui offre une excellente protection anticorrosion aux m\u00e9taux expos\u00e9s aux intemp\u00e9ries.<\/span><\/p>\n","protected":false},"featured_media":2688,"template":"","meta":{"_acf_changed":false},"product_brand":[],"product_cat":[103,106],"product_tag":[],"class_list":{"0":"post-3416","1":"product","2":"type-product","3":"status-publish","4":"has-post-thumbnail","6":"product_cat-promo-fr","7":"product_cat-rustblock-fr","9":"first","10":"instock","11":"sale","12":"taxable","13":"shipping-taxable","14":"purchasable","15":"product-type-variable"},"acf":[],"yoast_head":"<!-- This site is optimized with the Yoast SEO plugin v24.8.1 - https:\/\/yoast.com\/wordpress\/plugins\/seo\/ -->\n<title>Rustblock - Rustblock Automotive Corrosion Protection<\/title>\n<meta name=\"robots\" content=\"index, follow, max-snippet:-1, max-image-preview:large, max-video-preview:-1\" \/>\n<link rel=\"canonical\" href=\"https:\/\/www.rustblock.com\/fr\/produit\/rustblock\/\" \/>\n<meta property=\"og:locale\" content=\"fr_FR\" \/>\n<meta property=\"og:type\" content=\"article\" \/>\n<meta property=\"og:title\" content=\"Rustblock - Rustblock Automotive Corrosion Protection\" \/>\n<meta property=\"og:description\" content=\"Rustblock est un lubrifiant anticorrosion \u00e0 usages multiples qui r\u00e9siste \u00e0 l\u2019eau.  Il forme une pellicule qui ne s\u00e8che pas et qui offre une excellente protection anticorrosion aux m\u00e9taux expos\u00e9s aux intemp\u00e9ries.\" \/>\n<meta property=\"og:url\" content=\"https:\/\/www.rustblock.com\/fr\/produit\/rustblock\/\" \/>\n<meta property=\"og:site_name\" content=\"Rustblock Automotive Corrosion Protection\" \/>\n<meta property=\"article:modified_time\" content=\"2023-12-01T20:07:12+00:00\" \/>\n<meta property=\"og:image\" content=\"https:\/\/www.rustblock.com\/wp-content\/uploads\/2023\/09\/product-rustblock-all.png\" \/>\n\t<meta property=\"og:image:width\" content=\"800\" \/>\n\t<meta property=\"og:image:height\" content=\"800\" \/>\n\t<meta property=\"og:image:type\" content=\"image\/png\" \/>\n<meta name=\"twitter:card\" content=\"summary_large_image\" \/>\n<meta name=\"twitter:label1\" content=\"Dur\u00e9e de lecture estim\u00e9e\" \/>\n\t<meta name=\"twitter:data1\" content=\"1 minute\" \/>\n<script type=\"application\/ld+json\" class=\"yoast-schema-graph\">{\"@context\":\"https:\/\/schema.org\",\"@graph\":[{\"@type\":\"WebPage\",\"@id\":\"https:\/\/www.rustblock.com\/fr\/produit\/rustblock\/\",\"url\":\"https:\/\/www.rustblock.com\/fr\/produit\/rustblock\/\",\"name\":\"Rustblock - Rustblock Automotive Corrosion Protection\",\"isPartOf\":{\"@id\":\"https:\/\/www.rustblock.com\/fr\/#website\"},\"primaryImageOfPage\":{\"@id\":\"https:\/\/www.rustblock.com\/fr\/produit\/rustblock\/#primaryimage\"},\"image\":{\"@id\":\"https:\/\/www.rustblock.com\/fr\/produit\/rustblock\/#primaryimage\"},\"thumbnailUrl\":\"https:\/\/www.rustblock.com\/wp-content\/uploads\/2023\/09\/product-rustblock-all.png\",\"datePublished\":\"2023-09-14T13:06:53+00:00\",\"dateModified\":\"2023-12-01T20:07:12+00:00\",\"breadcrumb\":{\"@id\":\"https:\/\/www.rustblock.com\/fr\/produit\/rustblock\/#breadcrumb\"},\"inLanguage\":\"fr-FR\",\"potentialAction\":[{\"@type\":\"ReadAction\",\"target\":[\"https:\/\/www.rustblock.com\/fr\/produit\/rustblock\/\"]}]},{\"@type\":\"ImageObject\",\"inLanguage\":\"fr-FR\",\"@id\":\"https:\/\/www.rustblock.com\/fr\/produit\/rustblock\/#primaryimage\",\"url\":\"https:\/\/www.rustblock.com\/wp-content\/uploads\/2023\/09\/product-rustblock-all.png\",\"contentUrl\":\"https:\/\/www.rustblock.com\/wp-content\/uploads\/2023\/09\/product-rustblock-all.png\",\"width\":800,\"height\":800},{\"@type\":\"BreadcrumbList\",\"@id\":\"https:\/\/www.rustblock.com\/fr\/produit\/rustblock\/#breadcrumb\",\"itemListElement\":[{\"@type\":\"ListItem\",\"position\":1,\"name\":\"Home\",\"item\":\"https:\/\/www.rustblock.com\/fr\/\"},{\"@type\":\"ListItem\",\"position\":2,\"name\":\"Boutique\",\"item\":\"https:\/\/www.rustblock.com\/fr\/boutique\/\"},{\"@type\":\"ListItem\",\"position\":3,\"name\":\"Rustblock\"}]},{\"@type\":\"WebSite\",\"@id\":\"https:\/\/www.rustblock.com\/fr\/#website\",\"url\":\"https:\/\/www.rustblock.com\/fr\/\",\"name\":\"Rustblock Automotive Corrosion Protection\",\"description\":\"Rust proofing for all vehicles\",\"publisher\":{\"@id\":\"https:\/\/www.rustblock.com\/fr\/#organization\"},\"potentialAction\":[{\"@type\":\"SearchAction\",\"target\":{\"@type\":\"EntryPoint\",\"urlTemplate\":\"https:\/\/www.rustblock.com\/fr\/?s={search_term_string}\"},\"query-input\":{\"@type\":\"PropertyValueSpecification\",\"valueRequired\":true,\"valueName\":\"search_term_string\"}}],\"inLanguage\":\"fr-FR\"},{\"@type\":\"Organization\",\"@id\":\"https:\/\/www.rustblock.com\/fr\/#organization\",\"name\":\"Rustblock\",\"alternateName\":\"Rust Block Automotive Corrosion Protection\",\"url\":\"https:\/\/www.rustblock.com\/fr\/\",\"logo\":{\"@type\":\"ImageObject\",\"inLanguage\":\"fr-FR\",\"@id\":\"https:\/\/www.rustblock.com\/fr\/#\/schema\/logo\/image\/\",\"url\":\"https:\/\/www.rustblock.com\/wp-content\/uploads\/2023\/09\/main-logo.jpg\",\"contentUrl\":\"https:\/\/www.rustblock.com\/wp-content\/uploads\/2023\/09\/main-logo.jpg\",\"width\":696,\"height\":696,\"caption\":\"Rustblock\"},\"image\":{\"@id\":\"https:\/\/www.rustblock.com\/fr\/#\/schema\/logo\/image\/\"}}]}<\/script>\n<!-- \/ Yoast SEO plugin. -->","yoast_head_json":{"title":"Rustblock - Rustblock Automotive Corrosion Protection","robots":{"index":"index","follow":"follow","max-snippet":"max-snippet:-1","max-image-preview":"max-image-preview:large","max-video-preview":"max-video-preview:-1"},"canonical":"https:\/\/www.rustblock.com\/fr\/produit\/rustblock\/","og_locale":"fr_FR","og_type":"article","og_title":"Rustblock - Rustblock Automotive Corrosion Protection","og_description":"Rustblock est un lubrifiant anticorrosion \u00e0 usages multiples qui r\u00e9siste \u00e0 l\u2019eau.  Il forme une pellicule qui ne s\u00e8che pas et qui offre une excellente protection anticorrosion aux m\u00e9taux expos\u00e9s aux intemp\u00e9ries.","og_url":"https:\/\/www.rustblock.com\/fr\/produit\/rustblock\/","og_site_name":"Rustblock Automotive Corrosion Protection","article_modified_time":"2023-12-01T20:07:12+00:00","og_image":[{"width":800,"height":800,"url":"https:\/\/www.rustblock.com\/wp-content\/uploads\/2023\/09\/product-rustblock-all.png","type":"image\/png"}],"twitter_card":"summary_large_image","twitter_misc":{"Dur\u00e9e de lecture estim\u00e9e":"1 minute"},"schema":{"@context":"https:\/\/schema.org","@graph":[{"@type":"WebPage","@id":"https:\/\/www.rustblock.com\/fr\/produit\/rustblock\/","url":"https:\/\/www.rustblock.com\/fr\/produit\/rustblock\/","name":"Rustblock - Rustblock Automotive Corrosion Protection","isPartOf":{"@id":"https:\/\/www.rustblock.com\/fr\/#website"},"primaryImageOfPage":{"@id":"https:\/\/www.rustblock.com\/fr\/produit\/rustblock\/#primaryimage"},"image":{"@id":"https:\/\/www.rustblock.com\/fr\/produit\/rustblock\/#primaryimage"},"thumbnailUrl":"https:\/\/www.rustblock.com\/wp-content\/uploads\/2023\/09\/product-rustblock-all.png","datePublished":"2023-09-14T13:06:53+00:00","dateModified":"2023-12-01T20:07:12+00:00","breadcrumb":{"@id":"https:\/\/www.rustblock.com\/fr\/produit\/rustblock\/#breadcrumb"},"inLanguage":"fr-FR","potentialAction":[{"@type":"ReadAction","target":["https:\/\/www.rustblock.com\/fr\/produit\/rustblock\/"]}]},{"@type":"ImageObject","inLanguage":"fr-FR","@id":"https:\/\/www.rustblock.com\/fr\/produit\/rustblock\/#primaryimage","url":"https:\/\/www.rustblock.com\/wp-content\/uploads\/2023\/09\/product-rustblock-all.png","contentUrl":"https:\/\/www.rustblock.com\/wp-content\/uploads\/2023\/09\/product-rustblock-all.png","width":800,"height":800},{"@type":"BreadcrumbList","@id":"https:\/\/www.rustblock.com\/fr\/produit\/rustblock\/#breadcrumb","itemListElement":[{"@type":"ListItem","position":1,"name":"Home","item":"https:\/\/www.rustblock.com\/fr\/"},{"@type":"ListItem","position":2,"name":"Boutique","item":"https:\/\/www.rustblock.com\/fr\/boutique\/"},{"@type":"ListItem","position":3,"name":"Rustblock"}]},{"@type":"WebSite","@id":"https:\/\/www.rustblock.com\/fr\/#website","url":"https:\/\/www.rustblock.com\/fr\/","name":"Rustblock Automotive Corrosion Protection","description":"Rust proofing for all vehicles","publisher":{"@id":"https:\/\/www.rustblock.com\/fr\/#organization"},"potentialAction":[{"@type":"SearchAction","target":{"@type":"EntryPoint","urlTemplate":"https:\/\/www.rustblock.com\/fr\/?s={search_term_string}"},"query-input":{"@type":"PropertyValueSpecification","valueRequired":true,"valueName":"search_term_string"}}],"inLanguage":"fr-FR"},{"@type":"Organization","@id":"https:\/\/www.rustblock.com\/fr\/#organization","name":"Rustblock","alternateName":"Rust Block Automotive Corrosion Protection","url":"https:\/\/www.rustblock.com\/fr\/","logo":{"@type":"ImageObject","inLanguage":"fr-FR","@id":"https:\/\/www.rustblock.com\/fr\/#\/schema\/logo\/image\/","url":"https:\/\/www.rustblock.com\/wp-content\/uploads\/2023\/09\/main-logo.jpg","contentUrl":"https:\/\/www.rustblock.com\/wp-content\/uploads\/2023\/09\/main-logo.jpg","width":696,"height":696,"caption":"Rustblock"},"image":{"@id":"https:\/\/www.rustblock.com\/fr\/#\/schema\/logo\/image\/"}}]}},"_links":{"self":[{"href":"https:\/\/www.rustblock.com\/fr\/wp-json\/wp\/v2\/product\/3416","targetHints":{"allow":["GET"]}}],"collection":[{"href":"https:\/\/www.rustblock.com\/fr\/wp-json\/wp\/v2\/product"}],"about":[{"href":"https:\/\/www.rustblock.com\/fr\/wp-json\/wp\/v2\/types\/product"}],"wp:featuredmedia":[{"embeddable":true,"href":"https:\/\/www.rustblock.com\/fr\/wp-json\/wp\/v2\/media\/2688"}],"wp:attachment":[{"href":"https:\/\/www.rustblock.com\/fr\/wp-json\/wp\/v2\/media?parent=3416"}],"wp:term":[{"taxonomy":"product_brand","embeddable":true,"href":"https:\/\/www.rustblock.com\/fr\/wp-json\/wp\/v2\/product_brand?post=3416"},{"taxonomy":"product_cat","embeddable":true,"href":"https:\/\/www.rustblock.com\/fr\/wp-json\/wp\/v2\/product_cat?post=3416"},{"taxonomy":"product_tag","embeddable":true,"href":"https:\/\/www.rustblock.com\/fr\/wp-json\/wp\/v2\/product_tag?post=3416"}],"curies":[{"name":"wp","href":"https:\/\/api.w.org\/{rel}","templated":true}]}}