{"id":3473,"date":"2025-12-08T18:27:23","date_gmt":"2025-12-08T18:27:23","guid":{"rendered":"https:\/\/www.rustblock.com\/product\/rustproofer-cutter-kit-11095\/"},"modified":"2024-01-18T02:18:54","modified_gmt":"2024-01-18T02:18:54","slug":"rustproofer-cutter-kit-11095","status":"publish","type":"product","link":"https:\/\/www.rustblock.com\/fr\/produit\/rustproofer-cutter-kit-11095\/","title":{"rendered":"Ensemble de Per\u00e7age Antirouille"},"content":{"rendered":"<p>Kit pratique pour r\u00e9aliser des trous d&rsquo;acc\u00e8s pour l&rsquo;antirouille ou la fabrication.<\/p>\n<p>Comprend (3) fraises \u00e0 broche rotative 1\/2&Prime; (11116-3), un arbre (11123) et une perceuse pilote suppl\u00e9mentaire (11097).<\/p>\n","protected":false},"excerpt":{"rendered":"<p>Kit pratique pour r\u00e9aliser des trous d&rsquo;acc\u00e8s pour l&rsquo;antirouille ou la fabrication.<\/p>\n<p>Comprend (3) fraises \u00e0 broche rotative 1\/2&Prime; (11116-3), un arbre (11123) et une perceuse pilote suppl\u00e9mentaire (11097).<\/p>\n","protected":false},"featured_media":2739,"template":"","meta":{"_acf_changed":false},"product_brand":[],"product_cat":[99,101],"product_tag":[],"class_list":{"0":"post-3473","1":"product","2":"type-product","3":"status-publish","4":"has-post-thumbnail","6":"product_cat-equipment-fr","7":"product_cat-professional-kit-item-fr","9":"first","10":"instock","11":"taxable","12":"shipping-taxable","13":"purchasable","14":"product-type-simple"},"acf":[],"yoast_head":"<!-- This site is optimized with the Yoast SEO plugin v24.8.1 - https:\/\/yoast.com\/wordpress\/plugins\/seo\/ -->\n<title>Ensemble de Per\u00e7age Antirouille - Rustblock Automotive Corrosion Protection<\/title>\n<meta name=\"robots\" content=\"index, follow, max-snippet:-1, max-image-preview:large, max-video-preview:-1\" \/>\n<link rel=\"canonical\" href=\"https:\/\/www.rustblock.com\/fr\/produit\/rustproofer-cutter-kit-11095\/\" \/>\n<meta property=\"og:locale\" content=\"fr_FR\" \/>\n<meta property=\"og:type\" content=\"article\" \/>\n<meta property=\"og:title\" content=\"Ensemble de Per\u00e7age Antirouille - Rustblock Automotive Corrosion Protection\" \/>\n<meta property=\"og:description\" content=\"Kit pratique pour r\u00e9aliser des trous d&#039;acc\u00e8s pour l&#039;antirouille ou la fabrication.  Comprend (3) fraises \u00e0 broche rotative 1\/2&quot; (11116-3), un arbre (11123) et une perceuse pilote suppl\u00e9mentaire (11097).\" \/>\n<meta property=\"og:url\" content=\"https:\/\/www.rustblock.com\/fr\/produit\/rustproofer-cutter-kit-11095\/\" \/>\n<meta property=\"og:site_name\" content=\"Rustblock Automotive Corrosion Protection\" \/>\n<meta property=\"og:image\" content=\"https:\/\/www.rustblock.com\/wp-content\/uploads\/2023\/09\/cutter-kit-11095.png\" \/>\n\t<meta property=\"og:image:width\" content=\"800\" \/>\n\t<meta property=\"og:image:height\" content=\"800\" \/>\n\t<meta property=\"og:image:type\" content=\"image\/png\" \/>\n<meta name=\"twitter:card\" content=\"summary_large_image\" \/>\n<meta name=\"twitter:label1\" content=\"Dur\u00e9e de lecture estim\u00e9e\" \/>\n\t<meta name=\"twitter:data1\" content=\"1 minute\" \/>\n<script type=\"application\/ld+json\" class=\"yoast-schema-graph\">{\"@context\":\"https:\/\/schema.org\",\"@graph\":[{\"@type\":\"WebPage\",\"@id\":\"https:\/\/www.rustblock.com\/fr\/produit\/rustproofer-cutter-kit-11095\/\",\"url\":\"https:\/\/www.rustblock.com\/fr\/produit\/rustproofer-cutter-kit-11095\/\",\"name\":\"Ensemble de Per\u00e7age Antirouille - Rustblock Automotive Corrosion Protection\",\"isPartOf\":{\"@id\":\"https:\/\/www.rustblock.com\/fr\/#website\"},\"primaryImageOfPage\":{\"@id\":\"https:\/\/www.rustblock.com\/fr\/produit\/rustproofer-cutter-kit-11095\/#primaryimage\"},\"image\":{\"@id\":\"https:\/\/www.rustblock.com\/fr\/produit\/rustproofer-cutter-kit-11095\/#primaryimage\"},\"thumbnailUrl\":\"https:\/\/www.rustblock.com\/wp-content\/uploads\/2023\/09\/cutter-kit-11095.png\",\"datePublished\":\"2025-12-08T18:27:23+00:00\",\"breadcrumb\":{\"@id\":\"https:\/\/www.rustblock.com\/fr\/produit\/rustproofer-cutter-kit-11095\/#breadcrumb\"},\"inLanguage\":\"fr-FR\",\"potentialAction\":[{\"@type\":\"ReadAction\",\"target\":[\"https:\/\/www.rustblock.com\/fr\/produit\/rustproofer-cutter-kit-11095\/\"]}]},{\"@type\":\"ImageObject\",\"inLanguage\":\"fr-FR\",\"@id\":\"https:\/\/www.rustblock.com\/fr\/produit\/rustproofer-cutter-kit-11095\/#primaryimage\",\"url\":\"https:\/\/www.rustblock.com\/wp-content\/uploads\/2023\/09\/cutter-kit-11095.png\",\"contentUrl\":\"https:\/\/www.rustblock.com\/wp-content\/uploads\/2023\/09\/cutter-kit-11095.png\",\"width\":800,\"height\":800,\"caption\":\"cutter-kit-11095\"},{\"@type\":\"BreadcrumbList\",\"@id\":\"https:\/\/www.rustblock.com\/fr\/produit\/rustproofer-cutter-kit-11095\/#breadcrumb\",\"itemListElement\":[{\"@type\":\"ListItem\",\"position\":1,\"name\":\"Home\",\"item\":\"https:\/\/www.rustblock.com\/fr\/\"},{\"@type\":\"ListItem\",\"position\":2,\"name\":\"Boutique\",\"item\":\"https:\/\/www.rustblock.com\/fr\/boutique\/\"},{\"@type\":\"ListItem\",\"position\":3,\"name\":\"Ensemble de Per\u00e7age Antirouille\"}]},{\"@type\":\"WebSite\",\"@id\":\"https:\/\/www.rustblock.com\/fr\/#website\",\"url\":\"https:\/\/www.rustblock.com\/fr\/\",\"name\":\"Rustblock Automotive Corrosion Protection\",\"description\":\"Rust proofing for all vehicles\",\"publisher\":{\"@id\":\"https:\/\/www.rustblock.com\/fr\/#organization\"},\"potentialAction\":[{\"@type\":\"SearchAction\",\"target\":{\"@type\":\"EntryPoint\",\"urlTemplate\":\"https:\/\/www.rustblock.com\/fr\/?s={search_term_string}\"},\"query-input\":{\"@type\":\"PropertyValueSpecification\",\"valueRequired\":true,\"valueName\":\"search_term_string\"}}],\"inLanguage\":\"fr-FR\"},{\"@type\":\"Organization\",\"@id\":\"https:\/\/www.rustblock.com\/fr\/#organization\",\"name\":\"Rustblock\",\"alternateName\":\"Rust Block Automotive Corrosion Protection\",\"url\":\"https:\/\/www.rustblock.com\/fr\/\",\"logo\":{\"@type\":\"ImageObject\",\"inLanguage\":\"fr-FR\",\"@id\":\"https:\/\/www.rustblock.com\/fr\/#\/schema\/logo\/image\/\",\"url\":\"https:\/\/www.rustblock.com\/wp-content\/uploads\/2023\/09\/main-logo.jpg\",\"contentUrl\":\"https:\/\/www.rustblock.com\/wp-content\/uploads\/2023\/09\/main-logo.jpg\",\"width\":696,\"height\":696,\"caption\":\"Rustblock\"},\"image\":{\"@id\":\"https:\/\/www.rustblock.com\/fr\/#\/schema\/logo\/image\/\"}}]}<\/script>\n<!-- \/ Yoast SEO plugin. -->","yoast_head_json":{"title":"Ensemble de Per\u00e7age Antirouille - Rustblock Automotive Corrosion Protection","robots":{"index":"index","follow":"follow","max-snippet":"max-snippet:-1","max-image-preview":"max-image-preview:large","max-video-preview":"max-video-preview:-1"},"canonical":"https:\/\/www.rustblock.com\/fr\/produit\/rustproofer-cutter-kit-11095\/","og_locale":"fr_FR","og_type":"article","og_title":"Ensemble de Per\u00e7age Antirouille - Rustblock Automotive Corrosion Protection","og_description":"Kit pratique pour r\u00e9aliser des trous d'acc\u00e8s pour l'antirouille ou la fabrication.  Comprend (3) fraises \u00e0 broche rotative 1\/2\" (11116-3), un arbre (11123) et une perceuse pilote suppl\u00e9mentaire (11097).","og_url":"https:\/\/www.rustblock.com\/fr\/produit\/rustproofer-cutter-kit-11095\/","og_site_name":"Rustblock Automotive Corrosion Protection","og_image":[{"width":800,"height":800,"url":"https:\/\/www.rustblock.com\/wp-content\/uploads\/2023\/09\/cutter-kit-11095.png","type":"image\/png"}],"twitter_card":"summary_large_image","twitter_misc":{"Dur\u00e9e de lecture estim\u00e9e":"1 minute"},"schema":{"@context":"https:\/\/schema.org","@graph":[{"@type":"WebPage","@id":"https:\/\/www.rustblock.com\/fr\/produit\/rustproofer-cutter-kit-11095\/","url":"https:\/\/www.rustblock.com\/fr\/produit\/rustproofer-cutter-kit-11095\/","name":"Ensemble de Per\u00e7age Antirouille - Rustblock Automotive Corrosion Protection","isPartOf":{"@id":"https:\/\/www.rustblock.com\/fr\/#website"},"primaryImageOfPage":{"@id":"https:\/\/www.rustblock.com\/fr\/produit\/rustproofer-cutter-kit-11095\/#primaryimage"},"image":{"@id":"https:\/\/www.rustblock.com\/fr\/produit\/rustproofer-cutter-kit-11095\/#primaryimage"},"thumbnailUrl":"https:\/\/www.rustblock.com\/wp-content\/uploads\/2023\/09\/cutter-kit-11095.png","datePublished":"2025-12-08T18:27:23+00:00","breadcrumb":{"@id":"https:\/\/www.rustblock.com\/fr\/produit\/rustproofer-cutter-kit-11095\/#breadcrumb"},"inLanguage":"fr-FR","potentialAction":[{"@type":"ReadAction","target":["https:\/\/www.rustblock.com\/fr\/produit\/rustproofer-cutter-kit-11095\/"]}]},{"@type":"ImageObject","inLanguage":"fr-FR","@id":"https:\/\/www.rustblock.com\/fr\/produit\/rustproofer-cutter-kit-11095\/#primaryimage","url":"https:\/\/www.rustblock.com\/wp-content\/uploads\/2023\/09\/cutter-kit-11095.png","contentUrl":"https:\/\/www.rustblock.com\/wp-content\/uploads\/2023\/09\/cutter-kit-11095.png","width":800,"height":800,"caption":"cutter-kit-11095"},{"@type":"BreadcrumbList","@id":"https:\/\/www.rustblock.com\/fr\/produit\/rustproofer-cutter-kit-11095\/#breadcrumb","itemListElement":[{"@type":"ListItem","position":1,"name":"Home","item":"https:\/\/www.rustblock.com\/fr\/"},{"@type":"ListItem","position":2,"name":"Boutique","item":"https:\/\/www.rustblock.com\/fr\/boutique\/"},{"@type":"ListItem","position":3,"name":"Ensemble de Per\u00e7age Antirouille"}]},{"@type":"WebSite","@id":"https:\/\/www.rustblock.com\/fr\/#website","url":"https:\/\/www.rustblock.com\/fr\/","name":"Rustblock Automotive Corrosion Protection","description":"Rust proofing for all vehicles","publisher":{"@id":"https:\/\/www.rustblock.com\/fr\/#organization"},"potentialAction":[{"@type":"SearchAction","target":{"@type":"EntryPoint","urlTemplate":"https:\/\/www.rustblock.com\/fr\/?s={search_term_string}"},"query-input":{"@type":"PropertyValueSpecification","valueRequired":true,"valueName":"search_term_string"}}],"inLanguage":"fr-FR"},{"@type":"Organization","@id":"https:\/\/www.rustblock.com\/fr\/#organization","name":"Rustblock","alternateName":"Rust Block Automotive Corrosion Protection","url":"https:\/\/www.rustblock.com\/fr\/","logo":{"@type":"ImageObject","inLanguage":"fr-FR","@id":"https:\/\/www.rustblock.com\/fr\/#\/schema\/logo\/image\/","url":"https:\/\/www.rustblock.com\/wp-content\/uploads\/2023\/09\/main-logo.jpg","contentUrl":"https:\/\/www.rustblock.com\/wp-content\/uploads\/2023\/09\/main-logo.jpg","width":696,"height":696,"caption":"Rustblock"},"image":{"@id":"https:\/\/www.rustblock.com\/fr\/#\/schema\/logo\/image\/"}}]}},"_links":{"self":[{"href":"https:\/\/www.rustblock.com\/fr\/wp-json\/wp\/v2\/product\/3473","targetHints":{"allow":["GET"]}}],"collection":[{"href":"https:\/\/www.rustblock.com\/fr\/wp-json\/wp\/v2\/product"}],"about":[{"href":"https:\/\/www.rustblock.com\/fr\/wp-json\/wp\/v2\/types\/product"}],"wp:featuredmedia":[{"embeddable":true,"href":"https:\/\/www.rustblock.com\/fr\/wp-json\/wp\/v2\/media\/2739"}],"wp:attachment":[{"href":"https:\/\/www.rustblock.com\/fr\/wp-json\/wp\/v2\/media?parent=3473"}],"wp:term":[{"taxonomy":"product_brand","embeddable":true,"href":"https:\/\/www.rustblock.com\/fr\/wp-json\/wp\/v2\/product_brand?post=3473"},{"taxonomy":"product_cat","embeddable":true,"href":"https:\/\/www.rustblock.com\/fr\/wp-json\/wp\/v2\/product_cat?post=3473"},{"taxonomy":"product_tag","embeddable":true,"href":"https:\/\/www.rustblock.com\/fr\/wp-json\/wp\/v2\/product_tag?post=3473"}],"curies":[{"name":"wp","href":"https:\/\/api.w.org\/{rel}","templated":true}]}}