{"id":3784,"date":"2025-10-28T18:34:19","date_gmt":"2025-10-28T18:34:19","guid":{"rendered":"https:\/\/www.rustblock.com\/?post_type=product&#038;p=3784"},"modified":"2025-10-28T18:36:44","modified_gmt":"2025-10-28T18:36:44","slug":"kit-professional-copy","status":"publish","type":"product","link":"https:\/\/www.rustblock.com\/fr\/produit\/kit-professional-copy\/","title":{"rendered":"Kit Professional (Copy)"},"content":{"rendered":"<h3 data-renderer-start-pos=\"1\">\u00c9QUIPEMENT<\/h3>\n<p>60L de produit Rustblock<\/p>\n<ul>\n<li>Pompe Lemmer RP-1115<\/li>\n<li>Pistolet F-1001<\/li>\n<li>50&prime; de boyau<\/li>\n<li>ensemble de r\u00e9gulateurs double avec filtre \u00e0 haute pression<\/li>\n<li>Ensemble sans-air avec pistolet L50<\/li>\n<li>boyau de 50&prime; et buse<\/li>\n<li>Extension rigide 38&Prime; avec jet \u00e0 180\u00b0<\/li>\n<li>Extension flexible 45\u00b0 avec poign\u00e9e pivotante<\/li>\n<li>Ensemble Rotabroach<\/li>\n<li>1000 bouchons 1\/2&Prime;<\/li>\n<li>Autocollants 2024<\/li>\n<\/ul>\n<h2>PULV\u00c9RISEZ SEULEMENT 50 V\u00c9HICULES ET VOTRE INVESTISSEMENT INITIAL EST COUVERT !<\/h2>\n<p><a href=\"https:\/\/www.rustblock.com\/wp-content\/uploads\/2025\/10\/Rustblock-Feuillet-TrousseAntirouille-Mensualite-FR-Sept2025-V1.pdf\"><img decoding=\"async\" class=\"lazyload aligncenter wp-image-3769 size-full\" src=\"https:\/\/www.rustblock.com\/wp-content\/uploads\/2023\/08\/Rustblock-Feuillet-TrousseAntirouille-Mensualite-FR-Sept2025-V1.jpg\" data-orig-src=\"https:\/\/www.rustblock.com\/wp-content\/uploads\/2023\/08\/Rustblock-Feuillet-TrousseAntirouille-Mensualite-FR-Sept2025-V1.jpg\" alt=\"\" width=\"1020\" height=\"1320\" srcset=\"data:image\/svg+xml,%3Csvg%20xmlns%3D%27http%3A%2F%2Fwww.w3.org%2F2000%2Fsvg%27%20width%3D%271020%27%20height%3D%271320%27%20viewBox%3D%270%200%201020%201320%27%3E%3Crect%20width%3D%271020%27%20height%3D%271320%27%20fill-opacity%3D%220%22%2F%3E%3C%2Fsvg%3E\" data-srcset=\"https:\/\/www.rustblock.com\/wp-content\/uploads\/2023\/08\/Rustblock-Feuillet-TrousseAntirouille-Mensualite-FR-Sept2025-V1-200x259.jpg 200w, https:\/\/www.rustblock.com\/wp-content\/uploads\/2023\/08\/Rustblock-Feuillet-TrousseAntirouille-Mensualite-FR-Sept2025-V1-232x300.jpg 232w, https:\/\/www.rustblock.com\/wp-content\/uploads\/2023\/08\/Rustblock-Feuillet-TrousseAntirouille-Mensualite-FR-Sept2025-V1-400x518.jpg 400w, https:\/\/www.rustblock.com\/wp-content\/uploads\/2023\/08\/Rustblock-Feuillet-TrousseAntirouille-Mensualite-FR-Sept2025-V1-500x647.jpg 500w, https:\/\/www.rustblock.com\/wp-content\/uploads\/2023\/08\/Rustblock-Feuillet-TrousseAntirouille-Mensualite-FR-Sept2025-V1-600x776.jpg 600w, https:\/\/www.rustblock.com\/wp-content\/uploads\/2023\/08\/Rustblock-Feuillet-TrousseAntirouille-Mensualite-FR-Sept2025-V1-700x906.jpg 700w, https:\/\/www.rustblock.com\/wp-content\/uploads\/2023\/08\/Rustblock-Feuillet-TrousseAntirouille-Mensualite-FR-Sept2025-V1-768x994.jpg 768w, https:\/\/www.rustblock.com\/wp-content\/uploads\/2023\/08\/Rustblock-Feuillet-TrousseAntirouille-Mensualite-FR-Sept2025-V1-791x1024.jpg 791w, https:\/\/www.rustblock.com\/wp-content\/uploads\/2023\/08\/Rustblock-Feuillet-TrousseAntirouille-Mensualite-FR-Sept2025-V1-800x1035.jpg 800w, https:\/\/www.rustblock.com\/wp-content\/uploads\/2023\/08\/Rustblock-Feuillet-TrousseAntirouille-Mensualite-FR-Sept2025-V1.jpg 1020w\" data-sizes=\"auto\" data-orig-sizes=\"(max-width: 1020px) 100vw, 1020px\" \/><\/a><\/p>\n","protected":false},"excerpt":{"rendered":"<p>Ensemble De Protection Antirouille Professionnel<br \/>\nSi vous g\u00e9rez actuellement une entreprise li\u00e9e \u00e0 l\u2019automobile,<br \/>\nvous pourriez facilement ajouter le Programme Rustblock!<\/p>\n","protected":false},"featured_media":2720,"template":"","meta":{"_acf_changed":false},"product_brand":[],"product_cat":[99],"product_tag":[],"class_list":{"0":"post-3784","1":"product","2":"type-product","3":"status-publish","4":"has-post-thumbnail","6":"product_cat-equipment-fr","8":"first","9":"instock","10":"taxable","11":"purchasable","12":"product-type-woosb"},"acf":[],"yoast_head":"<!-- This site is optimized with the Yoast SEO plugin v24.8.1 - https:\/\/yoast.com\/wordpress\/plugins\/seo\/ -->\n<title>Kit Professional (Copy) - Rustblock Automotive Corrosion Protection<\/title>\n<meta name=\"robots\" content=\"index, follow, max-snippet:-1, max-image-preview:large, max-video-preview:-1\" \/>\n<link rel=\"canonical\" href=\"https:\/\/www.rustblock.com\/fr\/produit\/kit-professional-copy\/\" \/>\n<meta property=\"og:locale\" content=\"fr_FR\" \/>\n<meta property=\"og:type\" content=\"article\" \/>\n<meta property=\"og:title\" content=\"Kit Professional (Copy) - Rustblock Automotive Corrosion Protection\" \/>\n<meta property=\"og:description\" content=\"Ensemble De Protection Antirouille Professionnel Si vous g\u00e9rez actuellement une entreprise li\u00e9e \u00e0 l\u2019automobile, vous pourriez facilement ajouter le Programme Rustblock!\" \/>\n<meta property=\"og:url\" content=\"https:\/\/www.rustblock.com\/fr\/produit\/kit-professional-copy\/\" \/>\n<meta property=\"og:site_name\" content=\"Rustblock Automotive Corrosion Protection\" \/>\n<meta property=\"article:modified_time\" content=\"2025-10-28T18:36:44+00:00\" \/>\n<meta property=\"og:image\" content=\"https:\/\/www.rustblock.com\/wp-content\/uploads\/2023\/09\/pro-kit.png\" \/>\n\t<meta property=\"og:image:width\" content=\"800\" \/>\n\t<meta property=\"og:image:height\" content=\"800\" \/>\n\t<meta property=\"og:image:type\" content=\"image\/png\" \/>\n<meta name=\"twitter:card\" content=\"summary_large_image\" \/>\n<meta name=\"twitter:label1\" content=\"Dur\u00e9e de lecture estim\u00e9e\" \/>\n\t<meta name=\"twitter:data1\" content=\"1 minute\" \/>\n<script type=\"application\/ld+json\" class=\"yoast-schema-graph\">{\"@context\":\"https:\/\/schema.org\",\"@graph\":[{\"@type\":\"WebPage\",\"@id\":\"https:\/\/www.rustblock.com\/fr\/produit\/kit-professional-copy\/\",\"url\":\"https:\/\/www.rustblock.com\/fr\/produit\/kit-professional-copy\/\",\"name\":\"Kit Professional (Copy) - Rustblock Automotive Corrosion Protection\",\"isPartOf\":{\"@id\":\"https:\/\/www.rustblock.com\/fr\/#website\"},\"primaryImageOfPage\":{\"@id\":\"https:\/\/www.rustblock.com\/fr\/produit\/kit-professional-copy\/#primaryimage\"},\"image\":{\"@id\":\"https:\/\/www.rustblock.com\/fr\/produit\/kit-professional-copy\/#primaryimage\"},\"thumbnailUrl\":\"https:\/\/www.rustblock.com\/wp-content\/uploads\/2023\/09\/pro-kit.png\",\"datePublished\":\"2025-10-28T18:34:19+00:00\",\"dateModified\":\"2025-10-28T18:36:44+00:00\",\"breadcrumb\":{\"@id\":\"https:\/\/www.rustblock.com\/fr\/produit\/kit-professional-copy\/#breadcrumb\"},\"inLanguage\":\"fr-FR\",\"potentialAction\":[{\"@type\":\"ReadAction\",\"target\":[\"https:\/\/www.rustblock.com\/fr\/produit\/kit-professional-copy\/\"]}]},{\"@type\":\"ImageObject\",\"inLanguage\":\"fr-FR\",\"@id\":\"https:\/\/www.rustblock.com\/fr\/produit\/kit-professional-copy\/#primaryimage\",\"url\":\"https:\/\/www.rustblock.com\/wp-content\/uploads\/2023\/09\/pro-kit.png\",\"contentUrl\":\"https:\/\/www.rustblock.com\/wp-content\/uploads\/2023\/09\/pro-kit.png\",\"width\":800,\"height\":800},{\"@type\":\"BreadcrumbList\",\"@id\":\"https:\/\/www.rustblock.com\/fr\/produit\/kit-professional-copy\/#breadcrumb\",\"itemListElement\":[{\"@type\":\"ListItem\",\"position\":1,\"name\":\"Home\",\"item\":\"https:\/\/www.rustblock.com\/fr\/\"},{\"@type\":\"ListItem\",\"position\":2,\"name\":\"Boutique\",\"item\":\"https:\/\/www.rustblock.com\/fr\/boutique\/\"},{\"@type\":\"ListItem\",\"position\":3,\"name\":\"Kit Professional (Copy)\"}]},{\"@type\":\"WebSite\",\"@id\":\"https:\/\/www.rustblock.com\/fr\/#website\",\"url\":\"https:\/\/www.rustblock.com\/fr\/\",\"name\":\"Rustblock Automotive Corrosion Protection\",\"description\":\"Rust proofing for all vehicles\",\"publisher\":{\"@id\":\"https:\/\/www.rustblock.com\/fr\/#organization\"},\"potentialAction\":[{\"@type\":\"SearchAction\",\"target\":{\"@type\":\"EntryPoint\",\"urlTemplate\":\"https:\/\/www.rustblock.com\/fr\/?s={search_term_string}\"},\"query-input\":{\"@type\":\"PropertyValueSpecification\",\"valueRequired\":true,\"valueName\":\"search_term_string\"}}],\"inLanguage\":\"fr-FR\"},{\"@type\":\"Organization\",\"@id\":\"https:\/\/www.rustblock.com\/fr\/#organization\",\"name\":\"Rustblock\",\"alternateName\":\"Rust Block Automotive Corrosion Protection\",\"url\":\"https:\/\/www.rustblock.com\/fr\/\",\"logo\":{\"@type\":\"ImageObject\",\"inLanguage\":\"fr-FR\",\"@id\":\"https:\/\/www.rustblock.com\/fr\/#\/schema\/logo\/image\/\",\"url\":\"https:\/\/www.rustblock.com\/wp-content\/uploads\/2023\/09\/main-logo.jpg\",\"contentUrl\":\"https:\/\/www.rustblock.com\/wp-content\/uploads\/2023\/09\/main-logo.jpg\",\"width\":696,\"height\":696,\"caption\":\"Rustblock\"},\"image\":{\"@id\":\"https:\/\/www.rustblock.com\/fr\/#\/schema\/logo\/image\/\"}}]}<\/script>\n<!-- \/ Yoast SEO plugin. -->","yoast_head_json":{"title":"Kit Professional (Copy) - Rustblock Automotive Corrosion Protection","robots":{"index":"index","follow":"follow","max-snippet":"max-snippet:-1","max-image-preview":"max-image-preview:large","max-video-preview":"max-video-preview:-1"},"canonical":"https:\/\/www.rustblock.com\/fr\/produit\/kit-professional-copy\/","og_locale":"fr_FR","og_type":"article","og_title":"Kit Professional (Copy) - Rustblock Automotive Corrosion Protection","og_description":"Ensemble De Protection Antirouille Professionnel Si vous g\u00e9rez actuellement une entreprise li\u00e9e \u00e0 l\u2019automobile, vous pourriez facilement ajouter le Programme Rustblock!","og_url":"https:\/\/www.rustblock.com\/fr\/produit\/kit-professional-copy\/","og_site_name":"Rustblock Automotive Corrosion Protection","article_modified_time":"2025-10-28T18:36:44+00:00","og_image":[{"width":800,"height":800,"url":"https:\/\/www.rustblock.com\/wp-content\/uploads\/2023\/09\/pro-kit.png","type":"image\/png"}],"twitter_card":"summary_large_image","twitter_misc":{"Dur\u00e9e de lecture estim\u00e9e":"1 minute"},"schema":{"@context":"https:\/\/schema.org","@graph":[{"@type":"WebPage","@id":"https:\/\/www.rustblock.com\/fr\/produit\/kit-professional-copy\/","url":"https:\/\/www.rustblock.com\/fr\/produit\/kit-professional-copy\/","name":"Kit Professional (Copy) - Rustblock Automotive Corrosion Protection","isPartOf":{"@id":"https:\/\/www.rustblock.com\/fr\/#website"},"primaryImageOfPage":{"@id":"https:\/\/www.rustblock.com\/fr\/produit\/kit-professional-copy\/#primaryimage"},"image":{"@id":"https:\/\/www.rustblock.com\/fr\/produit\/kit-professional-copy\/#primaryimage"},"thumbnailUrl":"https:\/\/www.rustblock.com\/wp-content\/uploads\/2023\/09\/pro-kit.png","datePublished":"2025-10-28T18:34:19+00:00","dateModified":"2025-10-28T18:36:44+00:00","breadcrumb":{"@id":"https:\/\/www.rustblock.com\/fr\/produit\/kit-professional-copy\/#breadcrumb"},"inLanguage":"fr-FR","potentialAction":[{"@type":"ReadAction","target":["https:\/\/www.rustblock.com\/fr\/produit\/kit-professional-copy\/"]}]},{"@type":"ImageObject","inLanguage":"fr-FR","@id":"https:\/\/www.rustblock.com\/fr\/produit\/kit-professional-copy\/#primaryimage","url":"https:\/\/www.rustblock.com\/wp-content\/uploads\/2023\/09\/pro-kit.png","contentUrl":"https:\/\/www.rustblock.com\/wp-content\/uploads\/2023\/09\/pro-kit.png","width":800,"height":800},{"@type":"BreadcrumbList","@id":"https:\/\/www.rustblock.com\/fr\/produit\/kit-professional-copy\/#breadcrumb","itemListElement":[{"@type":"ListItem","position":1,"name":"Home","item":"https:\/\/www.rustblock.com\/fr\/"},{"@type":"ListItem","position":2,"name":"Boutique","item":"https:\/\/www.rustblock.com\/fr\/boutique\/"},{"@type":"ListItem","position":3,"name":"Kit Professional (Copy)"}]},{"@type":"WebSite","@id":"https:\/\/www.rustblock.com\/fr\/#website","url":"https:\/\/www.rustblock.com\/fr\/","name":"Rustblock Automotive Corrosion Protection","description":"Rust proofing for all vehicles","publisher":{"@id":"https:\/\/www.rustblock.com\/fr\/#organization"},"potentialAction":[{"@type":"SearchAction","target":{"@type":"EntryPoint","urlTemplate":"https:\/\/www.rustblock.com\/fr\/?s={search_term_string}"},"query-input":{"@type":"PropertyValueSpecification","valueRequired":true,"valueName":"search_term_string"}}],"inLanguage":"fr-FR"},{"@type":"Organization","@id":"https:\/\/www.rustblock.com\/fr\/#organization","name":"Rustblock","alternateName":"Rust Block Automotive Corrosion Protection","url":"https:\/\/www.rustblock.com\/fr\/","logo":{"@type":"ImageObject","inLanguage":"fr-FR","@id":"https:\/\/www.rustblock.com\/fr\/#\/schema\/logo\/image\/","url":"https:\/\/www.rustblock.com\/wp-content\/uploads\/2023\/09\/main-logo.jpg","contentUrl":"https:\/\/www.rustblock.com\/wp-content\/uploads\/2023\/09\/main-logo.jpg","width":696,"height":696,"caption":"Rustblock"},"image":{"@id":"https:\/\/www.rustblock.com\/fr\/#\/schema\/logo\/image\/"}}]}},"_links":{"self":[{"href":"https:\/\/www.rustblock.com\/fr\/wp-json\/wp\/v2\/product\/3784","targetHints":{"allow":["GET"]}}],"collection":[{"href":"https:\/\/www.rustblock.com\/fr\/wp-json\/wp\/v2\/product"}],"about":[{"href":"https:\/\/www.rustblock.com\/fr\/wp-json\/wp\/v2\/types\/product"}],"wp:featuredmedia":[{"embeddable":true,"href":"https:\/\/www.rustblock.com\/fr\/wp-json\/wp\/v2\/media\/2720"}],"wp:attachment":[{"href":"https:\/\/www.rustblock.com\/fr\/wp-json\/wp\/v2\/media?parent=3784"}],"wp:term":[{"taxonomy":"product_brand","embeddable":true,"href":"https:\/\/www.rustblock.com\/fr\/wp-json\/wp\/v2\/product_brand?post=3784"},{"taxonomy":"product_cat","embeddable":true,"href":"https:\/\/www.rustblock.com\/fr\/wp-json\/wp\/v2\/product_cat?post=3784"},{"taxonomy":"product_tag","embeddable":true,"href":"https:\/\/www.rustblock.com\/fr\/wp-json\/wp\/v2\/product_tag?post=3784"}],"curies":[{"name":"wp","href":"https:\/\/api.w.org\/{rel}","templated":true}]}}